{"id":3474,"date":"2025-05-22T16:50:37","date_gmt":"2025-05-22T08:50:37","guid":{"rendered":"https:\/\/www.ruiqigo.com\/?post_type=product&#038;p=3474"},"modified":"2025-05-22T16:50:38","modified_gmt":"2025-05-22T08:50:38","slug":"foam-hand-soap","status":"publish","type":"product","link":"https:\/\/www.ruiqigo.com\/nb\/product\/foam-hand-soap","title":{"rendered":"Skumh\u00e5nds\u00e5pe"},"content":{"rendered":"<h2 class=\"wp-block-heading\">Vanlige formler for produksjon av skumh\u00e5nds\u00e5pe<\/h2>\n\n\n\n<p>V\u00e5r skums\u00e5pe bruker en rekke naturlige og hudvennlige ingredienser, som kokamidopropylbetain, naturlige planteekstrakter, glyserin, etc. Disse ingrediensene kan effektivt fukte, mykgj\u00f8re negleb\u00e5ndene og forhindre at hendene t\u00f8rker ut, samtidig som de rengj\u00f8r bakterier og olje p\u00e5 hudoverflaten.<\/p>\n\n\n\n<p><strong>1. Kokamidopropylbetain: <\/strong>Dette er en mild rensemiddel utvunnet fra kokosn\u00f8tt som kan produsere et rikt skum, sterk rengj\u00f8ringskraft, men lav irritasjon. Den kan effektivt fjerne bakterier fra hendene uten \u00e5 skade hudens naturlige beskyttende film. Barn og sensitive personer kan ogs\u00e5 ber\u00f8re den.<\/p>\n\n\n\n<p><strong>2. Aloe vera-ekstrakt:<\/strong> Det er en naturlig lindrende og reparerende ingrediens som bidrar til \u00e5 lindre mindre irritasjon for\u00e5rsaket av h\u00e5ndvask, og er brukervennlig for brukere som vasker hendene ofte.<\/p>\n\n\n\n<p><strong>3. Glyserin:<\/strong> Som en klassisk fuktighetsgivende ingrediens kan glyserin absorbere fuktighet fra luften og danne en beskyttende film for \u00e5 forhindre fuktighetstap fra huden. Derfor kan den hydrere huden samtidig som den rengj\u00f8r hendene, slik at huden holdes myk og ikke stram.<\/p>\n\n\n\n<p><strong>4. Sitronsyre: <\/strong>Den kan justere pH-verdien til skumh\u00e5nds\u00e5pe for \u00e5 bringe den n\u00e6r hudens syre-base-balanse, bidra til \u00e5 opprettholde hudbarrieren og redusere allergier eller problemer med t\u00f8rr hud.<\/p>\n\n\n\n<h2 class=\"wp-block-heading\">Funksjonene til skumh\u00e5nds\u00e5pe<\/h2>\n\n\n\n<p><strong>1. Sterk rengj\u00f8ringskraft, men lav irritasjon: <\/strong>Formelen til skumh\u00e5nds\u00e5pen kombinerer plantebaserte overflateaktive stoffer og et svakt syrereguleringssystem, med fokus p\u00e5 sterk dekontaminering og sk\u00e5nsom hudpleie, og hyppig bruk vil ikke skade hudbarrieren.<\/p>\n\n\n\n<p><strong>2. Lett \u00e5 skylle, ingen rester: <\/strong>Formelen er lett og ikke-fet, og den kan vaskes ren med vann uten \u00e5 etterlate fete rester, noe som gir en god brukeropplevelse.<\/p>\n\n\n\n<p><strong>3. Fint og rikt skum: <\/strong>Skumh\u00e5nds\u00e5pe har en effektiv skummende formel og et presist skumpumpedesign. Den kan produsere tett skum med et lett trykk, som raskt pakker inn smuss og rengj\u00f8r i dybden, noe som forbedrer brukeropplevelsen og rengj\u00f8ringseffektiviteten.<\/p>\n\n\n\n<p><strong>4. Fjerner effektivt vanlige bakterier: <\/strong>Skumh\u00e5nds\u00e5pe tilf\u00f8rer en rekke trygge antibakterielle ingredienser, som kan redusere risikoen for bakteriell vedlegg og fjerne vanlige bakterier under rengj\u00f8ring av flekker p\u00e5 hendene.<\/p>\n\n\n\n<p><strong>5. Frisk og naturlig lukt: <\/strong>Utvalgte naturlige essensielle oljer som sitrus og lavendel brukes til duft, noe som gir en behagelig og hudvennlig opplevelse, egnet for brukere som er f\u00f8lsomme for lukt.<\/p>\n\n\n\n<h2 class=\"wp-block-heading\">Slik bruker du skumh\u00e5nds\u00e5pe<\/h2>\n\n\n\n<p>Det er veldig enkelt og effektivt \u00e5 bruke skumh\u00e5nds\u00e5pe. Du trenger bare \u00e5 trykke for \u00e5 lage bobler for \u00e5 fullf\u00f8re rengj\u00f8ringsprosessen. Den er egnet for raske rengj\u00f8ringsscenarioer.<\/p>\n\n\n\n<p><strong>1. Fukt hendene: <\/strong>Bruk rent vann for \u00e5 raskt fukte h\u00e5ndflatene.<\/p>\n\n\n\n<p><strong>2. Trykk p\u00e5 pumpehodet: <\/strong>Trykk skums\u00e5pen 1\u20132 ganger for \u00e5 lage mye skum i h\u00e5ndflaten.<\/p>\n\n\n\n<p><strong>3. Gni godt: <\/strong>Gni hendene i mer enn 20 sekunder for \u00e5 rengj\u00f8re h\u00e5ndflaten, h\u00e5ndryggen og mellom fingrene.<\/p>\n\n\n\n<p><strong>4. Skyll med vann: <\/strong>Skyll skummet grundig med rent vann raskt.<\/p>\n\n\n\n<p><strong>5. T\u00f8rk hendene: <\/strong>Bruk et rent h\u00e5ndkle eller papirh\u00e5ndkle til \u00e5 t\u00f8rke hendene.<\/p>\n\n\n\n<h2 class=\"wp-block-heading\">Forsiktighet<\/h2>\n\n\n\n<p><strong>1. Passer for skumpumpehode: <\/strong>Dette produktet er en h\u00e5nddesinfeksjonsmiddel med skum. Det anbefales \u00e5 bruke en spesiell flaske med pumpehode med skum for \u00e5 unng\u00e5 \u00e5 p\u00e5virke brukeropplevelsen, da et vanlig pumpehode ikke kan skumme.<\/p>\n\n\n\n<p><strong>2. Unng\u00e5 kontakt med \u00f8ynene:<\/strong> Hvis det ved et uhell kommer i kontakt med \u00f8ynene, skyll straks med rikelig med vann. Ved alvorlige forhold, kontakt lege umiddelbart.<\/p>\n\n\n\n<p><strong>3. Unng\u00e5 direkte sollys: <\/strong>Oppbevar dette produktet p\u00e5 et kj\u00f8lig og t\u00f8rt sted, unng\u00e5 direkte sollys, for \u00e5 opprettholde skummets ytelse og ingrediensaktivitet.<\/p>\n\n\n\n<h2 class=\"wp-block-heading\">Konklusjon<\/h2>\n\n\n\n<p>Skums\u00e5pe er et h\u00e5ndrengj\u00f8ringsprodukt som kombinerer effektiv rengj\u00f8ring med sk\u00e5nsom hudpleie. Enten det er hjemme eller p\u00e5 offentlige steder med h\u00f8y trafikk, kan det gi en utmerket rengj\u00f8ringsopplevelse og forbedre brukertilfredsheten.<\/p>","protected":false},"excerpt":{"rendered":"Foam Hand Soap Manufacturing Common Formulas Our foam hand soap selects a variety of natural and skin-friendly ingredients, such as cocamidopropyl betaine, natural plant extracts, glycerin, etc. These ingredients can effectively moisturize, soften cuticles, and prevent hands from drying out while cleaning bacteria and oil on the skin surface. 1. Cocamidopropyl Betaine: This is a [&hellip;]","protected":false},"featured_media":3475,"menu_order":0,"template":"","meta":[],"product-tag":[],"products":[181],"class_list":["post-3474","product","type-product","status-publish","has-post-thumbnail","hentry","products-hand-soap"],"acf":[],"_links":{"self":[{"href":"https:\/\/www.ruiqigo.com\/nb\/wp-json\/wp\/v2\/product\/3474","targetHints":{"allow":["GET"]}}],"collection":[{"href":"https:\/\/www.ruiqigo.com\/nb\/wp-json\/wp\/v2\/product"}],"about":[{"href":"https:\/\/www.ruiqigo.com\/nb\/wp-json\/wp\/v2\/types\/product"}],"version-history":[{"count":0,"href":"https:\/\/www.ruiqigo.com\/nb\/wp-json\/wp\/v2\/product\/3474\/revisions"}],"wp:featuredmedia":[{"embeddable":true,"href":"https:\/\/www.ruiqigo.com\/nb\/wp-json\/wp\/v2\/media\/3475"}],"wp:attachment":[{"href":"https:\/\/www.ruiqigo.com\/nb\/wp-json\/wp\/v2\/media?parent=3474"}],"wp:term":[{"taxonomy":"product-tag","embeddable":true,"href":"https:\/\/www.ruiqigo.com\/nb\/wp-json\/wp\/v2\/product-tag?post=3474"},{"taxonomy":"products","embeddable":true,"href":"https:\/\/www.ruiqigo.com\/nb\/wp-json\/wp\/v2\/products?post=3474"}],"curies":[{"name":"wp","href":"https:\/\/api.w.org\/{rel}","templated":true}]}}