{"id":3479,"date":"2025-05-22T17:45:04","date_gmt":"2025-05-22T09:45:04","guid":{"rendered":"https:\/\/www.ruiqigo.com\/?post_type=product&#038;p=3479"},"modified":"2025-05-22T16:53:37","modified_gmt":"2025-05-22T08:53:37","slug":"spray-glass-cleaner","status":"publish","type":"product","link":"https:\/\/www.ruiqigo.com\/nb\/product\/spray-glass-cleaner","title":{"rendered":"Sprayglassrens"},"content":{"rendered":"<h2 class=\"wp-block-heading\">Vanlige formler for produksjon av sprayglassrens<\/h2>\n\n\n\n<p>Sprayglassrensen vi produserer bruker en milj\u00f8vennlig formel som ikke inneholder ammoniakk, kombinert med en rekke overflateaktive stoffer, naturlige l\u00f8semidler, etanol og flyktige tilsetningsstoffer for \u00e5 synergistisk forbedre rengj\u00f8ringskraften og hurtigt\u00f8rkende effekten. Den vil ikke korrodere glasset etter bruk, og det vil ikke v\u00e6re noen rester etter t\u00f8rking, og den er egnet for bruk p\u00e5 en rekke glass- og speilmaterialer.<\/p>\n\n\n\n<p><strong>1. Ikke-ionisk overflateaktivt middel: <\/strong>Dette er en mild og effektiv rengj\u00f8ringsingrediens som raskt kan pakke inn og bryte ned flekker og fett, samtidig som den reduserer skumopphopning under rengj\u00f8ringsprosessen, forbedrer rengj\u00f8ringseffektiviteten og er egnet for rask t\u00f8rking av store omr\u00e5der.<\/p>\n\n\n\n<p><strong>2. Naturlig sitratl\u00f8sningsmiddel: <\/strong>Dette er et trygt l\u00f8semiddel utvunnet fra naturlig planteolje. Det kan effektivt bryte ned gjenstridig oljefilm og avleiringer uten \u00e5 korrodere glassoverflaten. Det er en ideell ingrediens som tar hensyn til b\u00e5de milj\u00f8vern og ytelse.<\/p>\n\n\n\n<p><strong>3. Etanol:<\/strong> Etanol har den egenskapen at den fordamper raskt. Etter bruk kan det hjelpe glassoverflaten \u00e5 t\u00f8rke raskt uten \u00e5 etterlate vannmerker eller striper. Samtidig, fordi den har en lett desinfiserende effekt, sikrer den ogs\u00e5 effektivt hygienen til glassoverflaten.<\/p>\n\n\n\n<p><strong>4. Avionisert vann: <\/strong>Det kan redusere mineralinnholdet i vannet, forhindre vannflekker etter t\u00f8rking og sikre at glasset er glatt og gjennomsiktig.<\/p>\n\n\n\n<h2 class=\"wp-block-heading\">Funksjonene til sprayglassrens<\/h2>\n\n\n\n<p><strong>1. Milj\u00f8vennlig ammoniakkfri formel:<\/strong> Sprayglassrens inneholder ikke irriterende ingredienser som ammoniakk og blekemiddel, har ingen skarp lukt, er sk\u00e5nsom mot menneskekroppen og er egnet for rengj\u00f8ring av lukkede innend\u00f8rsmilj\u00f8er.<\/p>\n\n\n\n<p><strong>2. L\u00f8s opp flekker og fingeravtrykkrester raskt: <\/strong>Sprayglassrens er spesielt formulert med overflateaktive stoffer og lette l\u00f8semidler, som raskt kan trenge inn i og dekomponere oljeflekker, r\u00f8ykflekker og gjenstridige fingeravtrykk p\u00e5 glassoverflaten, noe som gj\u00f8r det enklere \u00e5 t\u00f8rke av og reduserer rengj\u00f8ringstiden.<\/p>\n\n\n\n<p><strong>3. Hurtigt\u00f8rkende og lite rester:<\/strong> Den bruker hurtigt\u00f8rkende etanolformel, som fordamper i l\u00f8pet av f\u00e5 sekunder etter spr\u00f8yting. Overflaten vil ikke bli flekket av st\u00f8v eller riper, og er egnet for bruk i utstillingsskap og andre omr\u00e5der.<\/p>\n\n\n\n<p><strong>4. Sterk rengj\u00f8ringskraft: <\/strong>Sprayen er jevn og smusset fjernes grundig. Det blir ikke etterlatt rester p\u00e5 glassoverflaten etter rengj\u00f8ring, noe som forbedrer rengj\u00f8ringseffektiviteten betraktelig og er egnet for hyppige rengj\u00f8ringsscenarioer.<\/p>\n\n\n\n<p><strong>5. Flerbrukstilpasning, kostnadseffektiv: <\/strong>Sprayglassrens er ikke bare egnet for glassoverflater, men kan ogs\u00e5 brukes til speil, glatte fliser, overflater i rustfritt st\u00e5l osv., med h\u00f8y kostnadseffektivitet.<\/p>\n\n\n\n<h2 class=\"wp-block-heading\">Slik bruker du sprayglassrens<\/h2>\n\n\n\n<p>1. Vri dysen til \u00abspray\u00bb-modus og sikt mot glass- eller speiloverflaten.<\/p>\n\n\n\n<p>2. Spray en passende mengde vaskemiddel jevnt, med en anbefalt avstand p\u00e5 20\u201330 cm.<\/p>\n\n\n\n<p>3. T\u00f8rk av med en ren, lofri klut eller et papirh\u00e5ndkle til overflaten er ren og frisk.<\/p>\n\n\n\n<p>4. Ved gjenstridige flekker, gjenta operasjonen \u00e9n eller to ganger til rengj\u00f8ringen er fullf\u00f8rt.<\/p>\n\n\n\n<h2 class=\"wp-block-heading\">Forsiktighet<\/h2>\n\n\n\n<p><strong>1. Ikke bruk p\u00e5 ubehandlet treverk eller por\u00f8se overflater: <\/strong>Dette produktet er egnet for ikke-absorberende overflater og er ikke egnet for spraying p\u00e5 absorberende materialer som trem\u00f8bler eller stein for \u00e5 unng\u00e5 misfarging eller forringelse for\u00e5rsaket av penetrasjon.<\/p>\n\n\n\n<p><strong>2. Forsegl dysen umiddelbart etter bruk: <\/strong>Vennligst roter dysen til lukket posisjon etter bruk for \u00e5 unng\u00e5 tap av flyktige komponenter og sikre effekten ved neste bruk.<\/p>\n\n\n\n<p><strong>3. Ikke bland med sterke syre- eller alkaliske rengj\u00f8ringsmidler: <\/strong>Unng\u00e5 \u00e5 blande med andre sv\u00e6rt etsende eller sterke syre- eller alkaliske rengj\u00f8ringsmidler for \u00e5 forhindre kjemiske reaksjoner eller skade p\u00e5 glassoverflaten.<\/p>\n\n\n\n<h2 class=\"wp-block-heading\">Konklusjon<\/h2>\n\n\n\n<p>Sprayglassrens er ditt p\u00e5litelige valg for effektiv rengj\u00f8ring av glassoverflater. Med sin h\u00f8yeffektive, hurtigt\u00f8rkende, sporfrie formel av h\u00f8y kvalitet og brede tilpasningsevne til en rekke overflatematerialer, er den mye brukt i hjem, hoteller, supermarkeder og andre felt, og hjelper deg med \u00e5 forbedre glassrengj\u00f8ringseffektiviteten og skape et klart og lyst visuelt rom.<\/p>","protected":false},"excerpt":{"rendered":"Spray Glass Cleaner Manufacturing Common Formulas The spray glass cleaner we manufacture uses an environmentally friendly formula that does not contain ammonia, combined with a variety of surfactants, natural solvents, ethanol and volatile additives to synergistically enhance cleaning power and quick-drying effects. It will not corrode the glass after use, and there will be no [&hellip;]","protected":false},"featured_media":3481,"menu_order":0,"template":"","meta":[],"product-tag":[],"products":[182],"class_list":["post-3479","product","type-product","status-publish","has-post-thumbnail","hentry","products-glass-cleaner"],"acf":[],"_links":{"self":[{"href":"https:\/\/www.ruiqigo.com\/nb\/wp-json\/wp\/v2\/product\/3479","targetHints":{"allow":["GET"]}}],"collection":[{"href":"https:\/\/www.ruiqigo.com\/nb\/wp-json\/wp\/v2\/product"}],"about":[{"href":"https:\/\/www.ruiqigo.com\/nb\/wp-json\/wp\/v2\/types\/product"}],"version-history":[{"count":0,"href":"https:\/\/www.ruiqigo.com\/nb\/wp-json\/wp\/v2\/product\/3479\/revisions"}],"wp:featuredmedia":[{"embeddable":true,"href":"https:\/\/www.ruiqigo.com\/nb\/wp-json\/wp\/v2\/media\/3481"}],"wp:attachment":[{"href":"https:\/\/www.ruiqigo.com\/nb\/wp-json\/wp\/v2\/media?parent=3479"}],"wp:term":[{"taxonomy":"product-tag","embeddable":true,"href":"https:\/\/www.ruiqigo.com\/nb\/wp-json\/wp\/v2\/product-tag?post=3479"},{"taxonomy":"products","embeddable":true,"href":"https:\/\/www.ruiqigo.com\/nb\/wp-json\/wp\/v2\/products?post=3479"}],"curies":[{"name":"wp","href":"https:\/\/api.w.org\/{rel}","templated":true}]}}