{"id":3486,"date":"2025-05-28T17:18:28","date_gmt":"2025-05-28T09:18:28","guid":{"rendered":"https:\/\/www.ruiqigo.com\/?post_type=product&#038;p=3486"},"modified":"2025-05-28T11:19:22","modified_gmt":"2025-05-28T03:19:22","slug":"laser-hair-comb","status":"publish","type":"product","link":"https:\/\/www.ruiqigo.com\/nb\/product\/laser-hair-comb","title":{"rendered":"Laser h\u00e5rkam"},"content":{"rendered":"<h2 class=\"wp-block-heading\">Funksjoner av laserh\u00e5rkam<\/h2>\n\n\n\n<p>Laserkammen er et intelligent h\u00e5rpleieprodukt som integrerer pleie og massasje. Den bruker LLLT-teknologi for \u00e5 stimulere h\u00e5rsekkaktivitet, forbedre mikrosirkulasjonen i hodebunnen og fremme sunn h\u00e5rvekst.<\/p>\n\n\n\n<p><strong>1. Lavenergilaser: <\/strong>Lavenergilaseren som brukes av laserkammen kan stimulere h\u00e5rsekkene og forbedre vitaliteten i hodebunnen.<\/p>\n\n\n\n<p><strong>2. Kompakt og b\u00e6rbar: <\/strong>Laserh\u00e5rkammen er lett og ergonomisk designet for h\u00e5ndholdt bruk, noe som er veldig praktisk for daglig bruk og b\u00e6ring.<\/p>\n\n\n\n<p><strong>3. Praktisk lading: <\/strong>Dette produktet har et innebygd oppladbart litiumbatteri og st\u00f8tter to lademetoder: USB eller en dokkingstasjon. Du trenger ikke \u00e5 bekymre deg for \u00e5 g\u00e5 tom for str\u00f8m n\u00e5r du er ute.<\/p>\n\n\n\n<p><strong>4. Enkel betjening: <\/strong>Laserh\u00e5rkammen kan brukes med bare \u00e9n knapp, noe som er veldig enkelt. Den har en flerniv\u00e5s intensitetsjusteringsfunksjon som kan justeres i henhold til brukerens personlige behov.<\/p>\n\n\n\n<h2 class=\"wp-block-heading\">Fordeler med laserh\u00e5rkam<\/h2>\n\n\n\n<p>Sammenlignet med vanlige kammer eller massasjeapparater har laserh\u00e5rkammer betydelige fordeler innen teknologi og funksjon. Ikke bare kan de fysisk gre h\u00e5ret, men de kan ogs\u00e5 virke direkte p\u00e5 de dype lagene i hodebunnen gjennom lasere med spesifikke b\u00f8lgelengder, noe som fremmer blodsirkulasjonen og forsinker h\u00e5rsekk-atrofi. Denne ikke-invasive teknologien er egnet for langvarig bruk og kan gi tilleggsforbedringer for problemer som tynt h\u00e5r, d\u00e5rlig h\u00e5rkvalitet og h\u00e5rtap.<\/p>\n\n\n\n<p><strong>1. Laserbehandlingsteknologi: <\/strong>Dette produktet bruker en lavenergilaser med en b\u00f8lgelengde p\u00e5 650 nm for \u00e5 aktivere h\u00e5rsekkceller i dybden, og reparere og utf\u00f8re h\u00e5rpleie p\u00e5 en trygg og effektiv m\u00e5te.<\/p>\n\n\n\n<p><strong>2. Praktisk og intelligent betjening: <\/strong>Laserh\u00e5rkammen er veldig praktisk \u00e5 bruke, starter med \u00e9n knapp, har ingen terskel for betjening, og er ogs\u00e5 utstyrt med funksjoner som timing- og intensitetsjustering, noe som gj\u00f8r den mer fleksibel \u00e5 bruke.<\/p>\n\n\n\n<p><strong>3. Lindre problemer med h\u00e5rtap: <\/strong>Langvarig bruk av laserkammen kan bidra til \u00e5 redusere h\u00e5rtap, regulere h\u00e5rsekkene og fremme veksten av nytt h\u00e5r.<\/p>\n\n\n\n<p><strong>4. Fremmer blodsirkulasjonen i hodebunnen: <\/strong>Bruk av laserkammen kan forbedre mikrosirkulasjonen i hodebunnen og hjelpe h\u00e5rsekkene med \u00e5 f\u00e5 i seg flere n\u00e6ringsstoffer.<\/p>\n\n\n\n<h2 class=\"wp-block-heading\">M\u00e5lgruppe for laserh\u00e5rkam<\/h2>\n\n\n\n<p>Laserh\u00e5rkam er hovedsakelig for brukere som trenger h\u00e5rpleie, spesielt for de som er plaget av h\u00e5rtap og bekymret for hodebunnshelsen. Den passer for b\u00e5de middelaldrende og eldre personer, samt skj\u00f8nnhetsentusiaster.<\/p>\n\n\n\n<p>1. Personer med h\u00e5rtap, tynt h\u00e5r og sensitiv hodebunn.<\/p>\n\n\n\n<p>2. Personer med arvelig h\u00e5rtap, som for eksempel seboreisk alopecia.<\/p>\n\n\n\n<p>3. Personer med t\u00f8rt, krusete og lett knekket h\u00e5r.<\/p>\n\n\n\n<p>4. Personer p\u00e5 arbeidsplassen som har langvarig stress og uregelmessig arbeid og hvile, noe som f\u00f8rer til h\u00e5rtap.<\/p>\n\n\n\n<p>5. Kunder som er oppmerksomme p\u00e5 h\u00e5rpleie i skj\u00f8nnhetssalonger og andre steder.<\/p>\n\n\n\n<h2 class=\"wp-block-heading\">Produksjonsprosess for laserh\u00e5rkam<\/h2>\n\n\n\n<p>Produksjonsprosessen for laserh\u00e5rkam kombinerer elektronisk teknologi og presisjonsst\u00f8peteknologi. B\u00f8lgelengden, stabiliteten og den elektriske sikkerheten til lyskilden kontrolleres strengt under produksjonsprosessen. Hovedprosessene inkluderer spr\u00f8ytest\u00f8ping av plastskall, montering av lasermodul, sveising av kretskort, funksjonstesting og montering av hele maskinen.<\/p>\n\n\n\n<h2 class=\"wp-block-heading\">Bruksomr\u00e5der for laserh\u00e5rkam<\/h2>\n\n\n\n<p>Laserh\u00e5rkam er mye brukt i daglig h\u00e5rpleie hjemme, i fris\u00f8rsalonger, skj\u00f8nnhetssalonger, profesjonelle fysioterapisentre og andre steder.<\/p>\n\n\n\n<p>1. Daglig hodebunnspleie og forebygging av h\u00e5rtap hjemme.<\/p>\n\n\n\n<p>2. H\u00e5rpleieprosjekter i fris\u00f8rsalonger.<\/p>\n\n\n\n<p>3. Fysioterapiprosjekter i skj\u00f8nnhetssalonger.<\/p>\n\n\n\n<p>4. Ta med deg h\u00e5rpleieutstyr p\u00e5 forretningsreiser.<\/p>\n\n\n\n<h2 class=\"wp-block-heading\">Slik bruker du laserh\u00e5rkammen<\/h2>\n\n\n\n<p>Laserh\u00e5rkammen er veldig enkel \u00e5 bruke. Det anbefales vanligvis \u00e5 bruke den i 10\u201315 minutter hver gang, 3\u20134 ganger i uken, og observere pleieeffekten etter 8\u201312 ukers bruk.<\/p>\n\n\n\n<p>1. Rens h\u00e5ret og s\u00f8rg for at det er t\u00f8rt og fettfritt.<\/p>\n\n\n\n<p>2. Trykk lenge p\u00e5 av\/p\u00e5-knappen og velg riktig gir.<\/p>\n\n\n\n<p>3. Plasser kamtennene n\u00e6r hodebunnen og gre jevnt fra pannen til baksiden.<\/p>\n\n\n\n<p>4. Hold hvert omr\u00e5de i noen sekunder, og beveg deg deretter sakte til neste omr\u00e5de.<\/p>\n\n\n\n<p>5. Sl\u00e5 av str\u00f8mmen etter bruk og t\u00f8rk forsiktig av kammens overflate med en t\u00f8rr klut.<\/p>","protected":false},"excerpt":{"rendered":"Laser Hair Comb Features The laser hair comb is an intelligent hair care product that integrates care and massage. It uses LLLT technology to help stimulate hair follicle activity, improve scalp microcirculation, and promote healthy hair growth. 1. Low-energy laser: The low-energy laser used by the laser hair comb can stimulate hair follicles and enhance [&hellip;]","protected":false},"featured_media":3487,"menu_order":0,"template":"","meta":[],"product-tag":[],"products":[164],"class_list":["post-3486","product","type-product","status-publish","has-post-thumbnail","hentry","products-laser-hair-comb"],"acf":[],"_links":{"self":[{"href":"https:\/\/www.ruiqigo.com\/nb\/wp-json\/wp\/v2\/product\/3486","targetHints":{"allow":["GET"]}}],"collection":[{"href":"https:\/\/www.ruiqigo.com\/nb\/wp-json\/wp\/v2\/product"}],"about":[{"href":"https:\/\/www.ruiqigo.com\/nb\/wp-json\/wp\/v2\/types\/product"}],"version-history":[{"count":0,"href":"https:\/\/www.ruiqigo.com\/nb\/wp-json\/wp\/v2\/product\/3486\/revisions"}],"wp:featuredmedia":[{"embeddable":true,"href":"https:\/\/www.ruiqigo.com\/nb\/wp-json\/wp\/v2\/media\/3487"}],"wp:attachment":[{"href":"https:\/\/www.ruiqigo.com\/nb\/wp-json\/wp\/v2\/media?parent=3486"}],"wp:term":[{"taxonomy":"product-tag","embeddable":true,"href":"https:\/\/www.ruiqigo.com\/nb\/wp-json\/wp\/v2\/product-tag?post=3486"},{"taxonomy":"products","embeddable":true,"href":"https:\/\/www.ruiqigo.com\/nb\/wp-json\/wp\/v2\/products?post=3486"}],"curies":[{"name":"wp","href":"https:\/\/api.w.org\/{rel}","templated":true}]}}