{"id":3499,"date":"2025-05-30T15:45:20","date_gmt":"2025-05-30T07:45:20","guid":{"rendered":"https:\/\/www.ruiqigo.com\/?post_type=product&#038;p=3499"},"modified":"2025-05-30T15:45:21","modified_gmt":"2025-05-30T07:45:21","slug":"whitening-face-cream","status":"publish","type":"product","link":"https:\/\/www.ruiqigo.com\/nb\/product\/whitening-face-cream","title":{"rendered":"Hvitnende ansiktskrem"},"content":{"rendered":"<h2 class=\"wp-block-heading\">Vanlige formler for produksjon av hvitende ansiktskremer<\/h2>\n\n\n\n<p>Som en profesjonell produsent av hvitende ansiktskrem, velger vi en rekke naturlige hvitende aktive ingredienser, som niacinamid, arbutin, etc., som virker synergistisk. Disse ingrediensene kan ikke bare hemme dannelsen av melanin, men har ogs\u00e5 fuktighetsgivende og antioksiderende effekter, slik at huden beholder glans og elastisitet under bleking.<\/p>\n\n\n\n<p><strong>1. Niacinamid:<\/strong> Niacinamid er en vannl\u00f8selig ingrediens som effektivt kan hemme transporten av melanin til epidermisceller, og dermed forhindre dannelse av flekker fra kilden. Samtidig kan den ogs\u00e5 forbedre hudens barrierefunksjon, forbedre ruhet, forst\u00f8rrede porer og andre problemer, og er sv\u00e6rt godt egnet for daglig bleking.<\/p>\n\n\n\n<p><strong>2. Arbutin: <\/strong>Arbutin er en naturlig hvitningsingrediens utvunnet fra planter. Den er mild og ikke-irriterende. Den kan effektivt hemme aktiviteten til tyrosinase og redusere syntesen av melanin. Sammenlignet med andre kraftige ingredienser er arbutin mer egnet for langvarig bruk og har en betydelig effekt p\u00e5 falmende aknemerker og solflekker.<\/p>\n\n\n\n<p><strong>3. Lakrisekstrakt: <\/strong>Lakris er rik p\u00e5 glykyrrhizinsyre, som har betydelige betennelsesdempende og hvitnende effekter. Den er egnet for \u00e5 reparere sensitiv hud. Samtidig hemmer den sk\u00e5nsomt produksjonen av melanin og gir huden en naturlig hvitnende effekt.<\/p>\n\n\n\n<p><strong>4. Derivater av vitamin C: <\/strong>Denne ingrediensen har utmerkede antioksidantegenskaper, kan n\u00f8ytralisere frie radikaler, fremme kollagensyntese, samtidig som den lysner hudtonen og forbedrer hudens generelle gl\u00f8d.<\/p>\n\n\n\n<h2 class=\"wp-block-heading\">Funksjonene til en hvitnende ansiktskrem<\/h2>\n\n\n\n<p>V\u00e5r hvitnende ansiktskrem har betydelige fordeler n\u00e5r det gjelder effektivitet, sikkerhet og brukeropplevelse, og m\u00f8ter brukernes doble behov for effektiv hvitning og sk\u00e5nsom hudpleie.<\/p>\n\n\n\n<p><strong>1. Betydelig effekt, lysner flekker og gir lysere hud: <\/strong>Den hvitnende ansiktskremformelen inneholder en rekke aktive ingredienser som virker synergistisk for \u00e5 trenge dypt inn i huden og lysne kviser, matthet og aknemerker, noe som gj\u00f8r hudtonen jevnere og mer transparent og forbedrer den generelle hudkvaliteten.<\/p>\n\n\n\n<p><strong>2. Flere fuktighetsgivende ingredienser: <\/strong>Vi har tilsatt hyaluronsyre, glyserin og andre sv\u00e6rt effektive fuktighetsgivende ingredienser for \u00e5 gi huden dyp n\u00e6ring samtidig som den bleker, styrker hudbarrieren og unng\u00e5r aldring av huden eller ujevn hudtone p\u00e5 grunn av t\u00f8rrhet.<\/p>\n\n\n\n<p><strong>3. Mild og ikke-irriterende: <\/strong>Formelen til dette produktet inneholder ikke irriterende ingredienser som alkohol, hormoner og kvikks\u00f8lv. Det er testet p\u00e5 sensitiv hud og er sv\u00e6rt trygt, sk\u00e5nsomt og ikke-irriterende. Det kan trygt brukes p\u00e5 sensitiv hud.<\/p>\n\n\n\n<p><strong>4. Lett tekstur og rask absorpsjon: <\/strong>Whitening face cream har en forfriskende kremtekstur som er lett og ikke-fet, lett \u00e5 absorbere, tetter ikke porene og er veldig egnet for bruk i varmt klima.<\/p>\n\n\n\n<p><strong>5. Passer for ulike hudtyper: <\/strong>Dette produktet er egnet for ulike hudtyper, som fet, t\u00f8rr og sensitiv hud, og kan dekke behovene til ulike forbrukergrupper.<\/p>\n\n\n\n<h2 class=\"wp-block-heading\">Slik bruker du hvitende ansiktskrem<\/h2>\n\n\n\n<p>Som en viktig del av en daglig hudpleierutine anbefales det \u00e5 bruke en hvitende ansiktskrem etter rens og grunnleggende pleie for \u00e5 maksimere dens hvitende og fuktighetsgivende effekt. Det anbefales \u00e5 bruke den \u00e9n gang daglig, morgen og kveld.<\/p>\n\n\n\n<p><strong>1. Rensing:<\/strong> Bruk en mild rensemiddel for \u00e5 rense ansiktet og fjerne st\u00f8v og olje fra ansiktet.<\/p>\n\n\n\n<p><strong>2. Toner:<\/strong> Bruk toner for \u00e5 fukte huden.<\/p>\n\n\n\n<p><strong>3. Essens:<\/strong> P\u00e5f\u00f8r hvitningsessens for \u00e5 akselerere effekten av lysnende flekker og lysnende effekt.<\/p>\n\n\n\n<p><strong>4. Hvitnende ansiktskrem: <\/strong>Ta en passende mengde hvitende ansiktskrem og p\u00e5f\u00f8r den jevnt i ansiktet, klapp til den er absorbert.<\/p>\n\n\n\n<h2 class=\"wp-block-heading\">Forsiktighet<\/h2>\n\n\n\n<p><strong>1. Hudtest anbefales: <\/strong>F\u00f8r f\u00f8rste gangs bruk, pr\u00f8v en liten mengde bak \u00f8ret eller h\u00e5ndleddet, observer i 24 timer, og s\u00f8rg for at det ikke er r\u00f8dhet, hevelse eller allergi f\u00f8r du bruker den i hele ansiktet.<\/p>\n\n\n\n<p><strong>2. Unng\u00e5 kontakt med \u00f8ynene: <\/strong>Det anbefales ikke \u00e5 p\u00e5f\u00f8re Whitening Face Cream p\u00e5 huden rundt \u00f8ynene. Hvis den kommer i kontakt med \u00f8ynene, skyll straks med rent vann.<\/p>\n\n\n\n<p><strong>3. Unng\u00e5 \u00e5 bruke produkter med sterke syreholdige ingredienser:<\/strong> Produkter som inneholder fruktsyre eller salisylsyre kan v\u00e6re i konflikt med ingrediensene i en hvitnende ansiktskrem. Det anbefales \u00e5 bruke dem p\u00e5 forskjellige tidspunkter for \u00e5 unng\u00e5 irritasjon eller skade p\u00e5 barrieren.<\/p>\n\n\n\n<p><strong>4. Oppbevares kj\u00f8lig og t\u00f8rt:<\/strong> Unng\u00e5 direkte sollys eller h\u00f8ye temperaturer ved oppbevaring av dette produktet. Produktet b\u00f8r forsegles for \u00e5 sikre at ingrediensenes aktivitet ikke \u00f8delegges.<\/p>\n\n\n\n<h2 class=\"wp-block-heading\">Konklusjon<\/h2>\n\n\n\n<p>Whitening Face Cream er en hvitnende og fuktighetsgivende krem som bruker en rekke aktive ingredienser som niacinamid, lakrisekstrakt og vitamin C-derivater for effektivt \u00e5 forbedre ujevn hudtone og redusere hudkviser. Produktet har en lett tekstur og passer for alle hudtyper.<\/p>","protected":false},"excerpt":{"rendered":"Whitening Face Cream Manufacturing Common Formulas As a professional manufacturer of whitening face cream, we select a variety of natural whitening active ingredients, such as niacinamide, arbutin, etc., which work synergistically. These ingredients can not only inhibit the formation of melanin, but also have moisturizing and anti-oxidation effects, allowing the skin to maintain luster and [&hellip;]","protected":false},"featured_media":3500,"menu_order":0,"template":"","meta":[],"product-tag":[],"products":[161],"class_list":["post-3499","product","type-product","status-publish","has-post-thumbnail","hentry","products-face-cream"],"acf":[],"_links":{"self":[{"href":"https:\/\/www.ruiqigo.com\/nb\/wp-json\/wp\/v2\/product\/3499","targetHints":{"allow":["GET"]}}],"collection":[{"href":"https:\/\/www.ruiqigo.com\/nb\/wp-json\/wp\/v2\/product"}],"about":[{"href":"https:\/\/www.ruiqigo.com\/nb\/wp-json\/wp\/v2\/types\/product"}],"version-history":[{"count":0,"href":"https:\/\/www.ruiqigo.com\/nb\/wp-json\/wp\/v2\/product\/3499\/revisions"}],"wp:featuredmedia":[{"embeddable":true,"href":"https:\/\/www.ruiqigo.com\/nb\/wp-json\/wp\/v2\/media\/3500"}],"wp:attachment":[{"href":"https:\/\/www.ruiqigo.com\/nb\/wp-json\/wp\/v2\/media?parent=3499"}],"wp:term":[{"taxonomy":"product-tag","embeddable":true,"href":"https:\/\/www.ruiqigo.com\/nb\/wp-json\/wp\/v2\/product-tag?post=3499"},{"taxonomy":"products","embeddable":true,"href":"https:\/\/www.ruiqigo.com\/nb\/wp-json\/wp\/v2\/products?post=3499"}],"curies":[{"name":"wp","href":"https:\/\/api.w.org\/{rel}","templated":true}]}}