{"id":3504,"date":"2025-06-05T16:01:37","date_gmt":"2025-06-05T08:01:37","guid":{"rendered":"https:\/\/www.ruiqigo.com\/?post_type=product&#038;p=3504"},"modified":"2025-06-05T16:01:38","modified_gmt":"2025-06-05T08:01:38","slug":"hydrating-eye-cream","status":"publish","type":"product","link":"https:\/\/www.ruiqigo.com\/nb\/product\/hydrating-eye-cream","title":{"rendered":"Fuktighetsgivende \u00f8yekrem"},"content":{"rendered":"<h2 class=\"wp-block-heading\">Vanlige formler for produksjon av fuktighetsgivende \u00f8yekrem<\/h2>\n\n\n\n<p>V\u00e5r fuktighetsgivende \u00f8yekrem bruker en rekke sv\u00e6rt effektive og sk\u00e5nsomme aktive ingredienser, som hyaluronsyre, vitamin E, niacinamid, etc., kombinert med moderne hudpleieteknologi, for \u00e5 n\u00f8yaktig regulere og reparere problemer som t\u00f8rre \u00f8yne og hevelse.<\/p>\n\n\n\n<p><strong>1. Hyaluronsyre:<\/strong> Sm\u00e5molekyl\u00e6r hyaluronsyre kan raskt trenge inn i det nederste laget av \u00f8yet, gi dyp fuktighet og holde p\u00e5 fuktigheten over lengre tid, noe som forbedrer t\u00f8rrhet og stramhet rundt \u00f8ynene betydelig, skaper et varig fuktig milj\u00f8 rundt \u00f8ynene og forhindrer dannelsen av t\u00f8rre linjer.<\/p>\n\n\n\n<p><strong>2. E-vitamin: <\/strong>E-vitamin er en ingrediens med sterk antioksidantevne. Den kan n\u00f8ytralisere frie radikaler, reparere hudskader, redusere fine linjer rundt \u00f8ynene og beskytte den skj\u00f8re \u00f8yehuden mot ytre stimuli.&nbsp;<\/p>\n\n\n\n<p><strong>3. Niacinamid:<\/strong> Niacinamid kan lysne opp hudtonen, forbedre matt hud og pigmentering, gj\u00f8re huden rundt \u00f8ynene lysere og jevnere, forbedre hudens barrierefunksjon og redusere fuktighetstap.&nbsp;<\/p>\n\n\n\n<p><strong>4. Ceramid: <\/strong>Det er en viktig del av hudbarrieren. Den kan effektivt reparere skadet hudbarriere, forbedre fuktighetsgivende og beskyttende egenskaper, og er spesielt egnet for t\u00f8rr og sensitiv \u00f8yehud.&nbsp;<\/p>\n\n\n\n<p><strong>5. Glyserin: <\/strong>Glyserin er en av de klassiske fuktighetskremene. Den kan tiltrekke seg fuktighet fra luften og holde den inne, noe som forsterker den synergistiske effekten av andre fuktighetsgivende ingredienser og forbedrer den langvarige fuktighetsgivende effekten etter bruk.&nbsp;<\/p>\n\n\n\n<h2 class=\"wp-block-heading\">Funksjonene til fuktighetsgivende \u00f8yekrem<\/h2>\n\n\n\n<p>Produktfordelene med fuktighetsgivende \u00f8yekrem gjenspeiles ikke bare i de utmerkede ingrediensene, men ogs\u00e5 i den utmerkede formelstabiliteten og den behagelige hudf\u00f8lelsen. Gjennom effektiv absorpsjonsteknologi og hudvennlig teksturdesign er den egnet for alle hudtyper og kan brukes i kombinasjon med en rekke hudpleieprogrammer.&nbsp;<\/p>\n\n\n\n<p><strong>1. Lett tekstur og rask absorpsjon:<\/strong> Hydrating Eye Cream har en kremaktig tekstur som er lett og delikat, lett \u00e5 absorbere og tetter ikke porene. Den etterlater ikke en klissete f\u00f8lelse etter bruk og passer for alle hudtyper.&nbsp;<\/p>\n\n\n\n<p><strong>2. Mild og trygg formel: <\/strong>Hele formelen til dette produktet har best\u00e5tt hudsikkerhetstesten og inneholder ikke irriterende ingredienser som alkohol og duft. Personer med sensitiv hud og hudallergier kan ogs\u00e5 trygt bruke det.&nbsp;<\/p>\n\n\n\n<p><strong>3. Synergistiske ingredienser og effektive effekter: <\/strong>Flere aktive ingredienser er kombinert i den fuktighetsgivende \u00f8yekremen for \u00e5 utfylle hverandre, og samtidig forsterke den fuktighetsgivende og reparerende kraften og forbedre produktets effekt.&nbsp;<\/p>\n\n\n\n<p><strong>4. Hudpleie hele dagen: <\/strong>Fuktighetsgivende \u00f8yekrem kan brukes morgen og kveld. Den lysner opp og fukter om dagen og reparerer og fukter om natten. \u00c9n krem har flere bruksomr\u00e5der og kan effektivt \u00f8ke kundenes klissete konsistens og gjenkj\u00f8psrate.&nbsp;<\/p>\n\n\n\n<p><strong>5. Kan brukes med andre produkter: <\/strong>Fuktighetsgivende \u00f8yekrem kan ikke bare brukes med skj\u00f8nnhetsutstyr, men ogs\u00e5 med essens, krem og \u00f8yemaske for \u00e5 skape et komplett hudpleiesystem og forsterke effekten av \u00f8yehudpleie.<\/p>\n\n\n\n<h2 class=\"wp-block-heading\">Slik bruker du fuktighetsgivende \u00f8yekrem<\/h2>\n\n\n\n<p>For \u00e5 oppn\u00e5 best mulig \u00f8yepleieeffekt anbefaler vi at brukere bruker fuktighetsgivende \u00f8yekrem hver morgen og kveld. Langvarig og regelmessig bruk kan bidra til \u00e5 forbedre t\u00f8rrhet, hevelse og andre problemer i huden betydelig, og holde \u00f8yehuden fuktet og glatt.<\/p>\n\n\n\n<p><strong>1. Rengj\u00f8r huden rundt \u00f8ynene: <\/strong>Bruk en mild rensemiddel til \u00e5 rense huden rundt \u00f8ynene grundig for \u00e5 fjerne olje og unng\u00e5 \u00e5 tette porene under p\u00e5f\u00f8lgende hudpleiebehandlinger.&nbsp;<\/p>\n\n\n\n<p><strong>2. Bruk toner: <\/strong>Klapp forsiktig toner p\u00e5 ansikt og \u00f8yne for \u00e5 legge et godt grunnlag for senere \u00f8yepleie.&nbsp;<\/p>\n\n\n\n<p><strong>3. Ta ut en passende mengde \u00f8yekrem: <\/strong>Bruk ringfingeren til \u00e5 ta ut en mengde \u00f8yekrem p\u00e5 st\u00f8rrelse med et riskorn, p\u00e5f\u00f8r den p\u00e5 huden rundt \u00f8ynene, og masser og klapp deretter forsiktig med fingertuppene for \u00e5 hjelpe til med \u00e5 absorbere kremene, men ikke dra for mye i huden.&nbsp;<\/p>\n\n\n\n<p><strong>4. Bruk med andre produkter:<\/strong> Etter bruk av \u00f8yekrem kan du fortsette \u00e5 bruke andre fuktighetsgivende produkter, som for eksempel ansiktskrem, for omfattende hudpleie og fuktighetssikring.&nbsp;<\/p>\n\n\n\n<h2 class=\"wp-block-heading\">Forsiktighet<\/h2>\n\n\n\n<p><strong>1. Sensitivitetstest: <\/strong>F\u00f8r du bruker fuktighetsgivende \u00f8yekrem, er det ikke n\u00f8dvendig \u00e5 utf\u00f8re en hudsensitivitetstest, spesielt ikke for f\u00f8rstegangsbrukere. Brukere b\u00f8r teste en liten mengde bak \u00f8ret eller h\u00e5ndleddet for \u00e5 sikre at det ikke er ubehag f\u00f8r de bruker den i \u00f8yeomr\u00e5det.&nbsp;<\/p>\n\n\n\n<p><strong>2. Unng\u00e5 kontakt med \u00f8ynene: <\/strong>Siden dette produktet virker p\u00e5 huden rundt \u00f8ynene, v\u00e6r forsiktig n\u00e5r du bruker det og unng\u00e5 \u00f8yeeplene og undersiden av \u00f8yevippene. Hvis det kommer i \u00f8ynene ved et uhell, skyll det umiddelbart med rent vann for \u00e5 unng\u00e5 ytterligere irritasjon av \u00f8ynene.&nbsp;<\/p>\n\n\n\n<p><strong>3. Ikke overbruk:<\/strong> Huden rundt \u00f8ynene er tynn, og overdreven bruk kan lett for\u00e5rsake gj\u00f8rme. Det anbefales at du ikke bruker mer enn p\u00e5 st\u00f8rrelse med et riskorn hver gang.<\/p>\n\n\n\n<p><strong>4. Oppbevares kj\u00f8lig og t\u00f8rt: <\/strong>Unng\u00e5 direkte sollys og h\u00f8ye temperaturer for \u00e5 holde ingrediensene aktive.<\/p>\n\n\n\n<h2 class=\"wp-block-heading\">Konklusjon<\/h2>\n\n\n\n<p>Hydrating Eye Cream er en effektiv fuktighetsgivende \u00f8yekrem utviklet for \u00e5 l\u00f8se problemer som t\u00f8rre \u00f8yne, poser og matt hud. Den har vunnet gunst hos et stort antall forbrukere med sin trygge og sk\u00e5nsomme formel, betydelige hudpleiende effekt p\u00e5 \u00f8ynene og komfortable bruk. Kontinuerlig bruk av dette produktet kan effektivt forbedre t\u00f8rrheten i \u00f8ynene.<\/p>","protected":false},"excerpt":{"rendered":"Hydrating Eye Cream Manufacturing Common Formulas Our hydrating eye cream uses a variety of highly effective and gentle active ingredients, such as hyaluronic acid, vitamin E, niacinamide, etc., combined with modern skin care technology, to accurately regulate and repair problems such as dry eyes and swelling. 1. Hyaluronic acid: Small molecule hyaluronic acid can quickly [&hellip;]","protected":false},"featured_media":3505,"menu_order":0,"template":"","meta":[],"product-tag":[],"products":[162],"class_list":["post-3504","product","type-product","status-publish","has-post-thumbnail","hentry","products-eye-cream"],"acf":[],"_links":{"self":[{"href":"https:\/\/www.ruiqigo.com\/nb\/wp-json\/wp\/v2\/product\/3504","targetHints":{"allow":["GET"]}}],"collection":[{"href":"https:\/\/www.ruiqigo.com\/nb\/wp-json\/wp\/v2\/product"}],"about":[{"href":"https:\/\/www.ruiqigo.com\/nb\/wp-json\/wp\/v2\/types\/product"}],"version-history":[{"count":0,"href":"https:\/\/www.ruiqigo.com\/nb\/wp-json\/wp\/v2\/product\/3504\/revisions"}],"wp:featuredmedia":[{"embeddable":true,"href":"https:\/\/www.ruiqigo.com\/nb\/wp-json\/wp\/v2\/media\/3505"}],"wp:attachment":[{"href":"https:\/\/www.ruiqigo.com\/nb\/wp-json\/wp\/v2\/media?parent=3504"}],"wp:term":[{"taxonomy":"product-tag","embeddable":true,"href":"https:\/\/www.ruiqigo.com\/nb\/wp-json\/wp\/v2\/product-tag?post=3504"},{"taxonomy":"products","embeddable":true,"href":"https:\/\/www.ruiqigo.com\/nb\/wp-json\/wp\/v2\/products?post=3504"}],"curies":[{"name":"wp","href":"https:\/\/api.w.org\/{rel}","templated":true}]}}