{"id":351,"date":"2024-07-08T10:26:59","date_gmt":"2024-07-08T02:26:59","guid":{"rendered":"https:\/\/ruiqigo.com\/?post_type=product&#038;p=351"},"modified":"2024-10-28T11:36:11","modified_gmt":"2024-10-28T03:36:11","slug":"antibacterial-body-wash","status":"publish","type":"product","link":"https:\/\/www.ruiqigo.com\/nb\/product\/antibacterial-body-wash","title":{"rendered":"Antibakteriell kroppss\u00e5pe"},"content":{"rendered":"<h3 class=\"wp-block-heading\">Vanlige antibakterielle kroppss\u00e5peformler<\/h3>\n\n\n\n<p>Kjerneingrediensene i denne antibakterielle dusjs\u00e5pen er ringblomstekstrakt og Centella asiatica-ekstrakt. Ringblomst er rik p\u00e5 flavonoider, som har utmerkede antibakterielle egenskaper og effektivt kan hemme bakterievekst. Centella asiatica er rik p\u00e5 polysakkarider og aminosyrer som gir n\u00e6ring til huden i dybden og forbedrer t\u00f8rrhet. Disse to naturlige planteekstraktene fungerer sammen for \u00e5 gi omfattende rensende pleie for huden din, slik at den holder den ren og frisk til enhver tid. Samtidig er produktet formulert med sk\u00e5nsomme rensende ingredienser for \u00e5 rense porene i dybden og gj\u00f8re badeopplevelsen din behagelig.<\/p>\n\n\n\n<h3 class=\"wp-block-heading\">Antibakteriell dusjs\u00e5pe Gjeldende scenarier<\/h3>\n\n\n\n<p>Denne antibakterielle dusjs\u00e5pen er en allv\u00e6rsdusjs\u00e5pe, spesielt for scenarier som krever antibakteriell hygiene. I de varme og fuktige sommerm\u00e5nedene hemmer den bakterievekst og gir frisk og ren hudpleie. I de kalde og t\u00f8rre vinterm\u00e5nedene gir de rike fuktighetsgivende ingrediensene n\u00e6ring til huden og lindrer t\u00f8rrhet for\u00e5rsaket av kulde. Spesielt for sportsentusiaster gir den dyprens og antibakteriell pleie for huden etter trening, slik at du kan nyte friskhet og komfort til enhver tid.<\/p>\n\n\n\n<h3 class=\"wp-block-heading\">Hvem er antibakteriell dusjs\u00e5pe for?<\/h3>\n\n\n\n<p>Denne antibakterielle dusjs\u00e5pen er utviklet for personer som trenger ekstra hudpleie, spesielt for de med sensitiv hud, eksemutsatt hud eller spesielle rensebehov. Den milde formelen bekjemper effektivt bakterier samtidig som den gir n\u00e6ring til huden, noe som gj\u00f8r den egnet for daglig bruk av hele familien for \u00e5 forbedre personlig hygiene. Den er ogs\u00e5 egnet for de som liker \u00e5 trene, og gir dyprens og antibakteriell pleie til huden etter trening.<\/p>\n\n\n\n<h3 class=\"wp-block-heading\">Produksjonsprosess for antibakteriell dusjs\u00e5pe<\/h3>\n\n\n\n<p>Produksjonen av denne antibakterielle dusjs\u00e5pen benytter en delikat ekstraksjonsprosess for \u00e5 bevare de aktive ingrediensene i ringblomst og Centella asiatica-ekstrakter. Hele prosessen utf\u00f8res i et aseptisk milj\u00f8 for \u00e5 sikre produktets renhet. Samtidig brukes lavtemperaturbehandling for \u00e5 unng\u00e5 \u00f8deleggelse av de aktive ingrediensene, noe som sikrer dusjs\u00e5pens sv\u00e6rt effektive antibakterielle og lindrende effekt.<\/p>","protected":false},"excerpt":{"rendered":"Antibacterial body wash Common Formulas The core ingredients of this antibacterial body wash are calendula extract and Centella asiatica extract. Calendula is rich in flavonoids, which have excellent antibacterial properties and can effectively inhibit the growth of bacteria. Centella asiatica is rich in polysaccharides and amino acids that deeply nourish the skin and improve dryness. [&hellip;]","protected":false},"featured_media":352,"menu_order":0,"template":"","meta":[],"product-tag":[],"products":[57],"class_list":["post-351","product","type-product","status-publish","has-post-thumbnail","hentry","products-body-wash"],"acf":[],"_links":{"self":[{"href":"https:\/\/www.ruiqigo.com\/nb\/wp-json\/wp\/v2\/product\/351","targetHints":{"allow":["GET"]}}],"collection":[{"href":"https:\/\/www.ruiqigo.com\/nb\/wp-json\/wp\/v2\/product"}],"about":[{"href":"https:\/\/www.ruiqigo.com\/nb\/wp-json\/wp\/v2\/types\/product"}],"version-history":[{"count":0,"href":"https:\/\/www.ruiqigo.com\/nb\/wp-json\/wp\/v2\/product\/351\/revisions"}],"wp:featuredmedia":[{"embeddable":true,"href":"https:\/\/www.ruiqigo.com\/nb\/wp-json\/wp\/v2\/media\/352"}],"wp:attachment":[{"href":"https:\/\/www.ruiqigo.com\/nb\/wp-json\/wp\/v2\/media?parent=351"}],"wp:term":[{"taxonomy":"product-tag","embeddable":true,"href":"https:\/\/www.ruiqigo.com\/nb\/wp-json\/wp\/v2\/product-tag?post=351"},{"taxonomy":"products","embeddable":true,"href":"https:\/\/www.ruiqigo.com\/nb\/wp-json\/wp\/v2\/products?post=351"}],"curies":[{"name":"wp","href":"https:\/\/api.w.org\/{rel}","templated":true}]}}