{"id":3542,"date":"2025-06-06T15:37:19","date_gmt":"2025-06-06T07:37:19","guid":{"rendered":"https:\/\/www.ruiqigo.com\/?post_type=product&#038;p=3542"},"modified":"2025-06-06T15:37:20","modified_gmt":"2025-06-06T07:37:20","slug":"silicone-bath-brush","status":"publish","type":"product","link":"https:\/\/www.ruiqigo.com\/nb\/product\/silicone-bath-brush","title":{"rendered":"Silikon badeb\u00f8rste"},"content":{"rendered":"<h2 class=\"wp-block-heading\">Funksjoner av silikon badeb\u00f8rste<\/h2>\n\n\n\n<p>En silikon badeb\u00f8rste er et baderensverkt\u00f8y laget av silikon som hovedmateriale. Den har mange egenskaper som mykhet, holdbarhet og h\u00f8y effektivitet. Sammenlignet med tradisjonelle plastb\u00f8rster er silikon badeb\u00f8rster mer sk\u00e5nsomme og hudvennlige, og de irriterer eller riper ikke lett i huden. Noen produkter er ogs\u00e5 utstyrt med kroker eller massasjepartikler for \u00e5 dekke ulike badebehov.<\/p>\n\n\n\n<p><strong>1. Sk\u00e5nsom og trygg:<\/strong> Silikonbadeb\u00f8rster er vanligvis laget av matkvalitets- eller medisinsk silikon, som er milj\u00f8vennlig, trygt, sk\u00e5nsomt og giftfritt.&nbsp;<\/p>\n\n\n\n<p><strong>2. Myk og elastisk: <\/strong>Silikonmaterialet er veldig mykt, busten er ogs\u00e5 fleksible og tette, med utmerket elastisitet, ikke lett \u00e5 skade og utmerket holdbarhet.&nbsp;<\/p>\n\n\n\n<p><strong>3. Lett \u00e5 rengj\u00f8re:<\/strong> Silikonbadeb\u00f8rsten blir ikke lett flekket og skjuler ikke smuss. Den t\u00f8rker raskt etter vask, noe som forhindrer bakterievekst og sikrer badeb\u00f8rstens holdbarhet.&nbsp;<\/p>\n\n\n\n<p><strong>4. Kan brukes om igjen: <\/strong>Silikonbadeb\u00f8rsten er slitesterk, motstandsdyktig mot h\u00f8ye temperaturer og eldes ikke lett, s\u00e5 den kan brukes om igjen og har lang levetid.<\/p>\n\n\n\n<h2 class=\"wp-block-heading\">Fordeler med silikon badeb\u00f8rste<\/h2>\n\n\n\n<p>Silikon badeb\u00f8rste har mange betydelige fordeler n\u00e5r det gjelder rengj\u00f8ringskraft, holdbarhet, hygiene osv., og kombinerer fordelene med sk\u00e5nsom vask og dyp rengj\u00f8ring. <\/p>\n\n\n\n<p><strong>1. Hudvennlig dyprens: <\/strong>Bustene er myke og tette, men vil ikke irritere eller gni huden for mye. De kan effektivt dyprense porene og hudens olje.&nbsp;<\/p>\n\n\n\n<p><strong>2. H\u00f8y holdbarhet: <\/strong>Silikon har utmerket h\u00f8ytemperaturmotstand og holdbarhet, og kan ogs\u00e5 forhindre aldring. Den er sv\u00e6rt egnet for bruk i varme og fuktige baderomsmilj\u00f8er, og levetiden er mye lengre enn for vanlige badeb\u00f8rster av plast.&nbsp;<\/p>\n\n\n\n<p><strong>3. Gode antibakterielle egenskaper: <\/strong>Silikonmateriale har naturlig utmerkede antibakterielle egenskaper, er ikke lett \u00e5 avle bakterier og mugg, og sikrer hygiene og helse under bruk.&nbsp;<\/p>\n\n\n\n<p><strong>4. Lett \u00e5 rengj\u00f8re: <\/strong>Silikonbadeb\u00f8rsten kan rengj\u00f8res ved \u00e5 skylle den etter bruk, noe som er veldig praktisk og kan unng\u00e5 rester av skum og smuss.&nbsp;<\/p>\n\n\n\n<p><strong>5. Bred anvendelse: <\/strong>Silikonbadeb\u00f8rsten passer for alle hudtyper, fra barn til voksne og eldre. Selv personer med sensitiv hud kan bruke den med trygghet uten ubehag.<\/p>\n\n\n\n<h2 class=\"wp-block-heading\">Silikon badeb\u00f8rste m\u00e5lgruppe<\/h2>\n\n\n\n<p>Silikon badeb\u00f8rste passer for personer i ulike aldre og hudtyper, spesielt for barn, eldre, sensitiv hud og andre grupper som trenger sk\u00e5nsom vask og pleie.<\/p>\n\n\n\n<p><strong>1. Spedbarn og barn: <\/strong>Den delikate huden deres t\u00e5ler ikke overdreven stimulering, s\u00e5 de delikate og myke silikonb\u00f8rsteh\u00e5rene er tryggere for dem og vil ikke irritere huden.&nbsp;<\/p>\n\n\n\n<p><strong>2. Middelaldrende og eldre personer: <\/strong>Huden deres er mer skj\u00f8r, og de kan ikke bruke en for sterk badeb\u00f8rste til \u00e5 rengj\u00f8re kroppen, mens en silikonbadeb\u00f8rste kan brukes mer komfortabelt.&nbsp;<\/p>\n\n\n\n<p><strong>3. Brukere som s\u00f8ker kroppspleie: <\/strong>De fokuserer p\u00e5 den komfortable badeopplevelsen og god kroppsrensende effekt, og silikonbadeb\u00f8rster kan oppn\u00e5 begge deler.&nbsp;<\/p>\n\n\n\n<p><strong>4. Personer som driver med hyppige utend\u00f8rsaktiviteter:<\/strong> Den kan rengj\u00f8re grundigere og fjerne svette og lukt mer effektivt.<\/p>\n\n\n\n<h2 class=\"wp-block-heading\">Produksjonsprosess for silikon badeb\u00f8rste<\/h2>\n\n\n\n<p>Silikonbadeb\u00f8rster produseres hovedsakelig ved spr\u00f8ytest\u00f8ping eller lamineringsprosess i ett stykke, og b\u00f8rsteh\u00e5rets tetthet og dimensjonsn\u00f8yaktighet sikres gjennom forming. Etter overflatebehandling og polering f\u00f8les b\u00f8rstekroppen delikat, og b\u00f8rsteh\u00e5rene er myke og ikke-tornete. Deretter fjernes overfl\u00f8dige kanter og grader for \u00e5 sikre et pent utseende. Til slutt rengj\u00f8res produksjonsrestene grundig, og det utf\u00f8res h\u00f8ytemperatursterilisering, endelig testing og inspeksjon.&nbsp;<\/p>\n\n\n\n<p>Hele prosessen gjennomg\u00e5r flere kvalitetsinspeksjoner og polering for \u00e5 sikre overflatebehandling av h\u00f8y kvalitet og formkonsistens, oppfylle masseproduksjon og ulike tilpasningsbehov, og sikre at produktene oppfyller standarder, er vanntette og muggfrie, og slitesterke.<\/p>\n\n\n\n<h2 class=\"wp-block-heading\">Bruksomr\u00e5der for silikon badeb\u00f8rste<\/h2>\n\n\n\n<p>Silikon badeb\u00f8rste er ikke bare egnet for daglig bruk av kroppspleie i hjemmet, men ogs\u00e5 egnet for en rekke bade- og kroppspleiescenarioer, hoteller, skj\u00f8nnhetssalonger og andre pleiesentre.<\/p>\n\n\n\n<p><strong>1. Bading og rengj\u00f8ring hjemme: <\/strong>En badeb\u00f8rste i silikon kan erstatte tradisjonelle badeh\u00e5ndkl\u00e6r, som er mykere og mer hygieniske.<\/p>\n\n\n\n<p><strong>2. Reisetoalettartikler:<\/strong> Silikon badeb\u00f8rste er liten og lett, effektiv og veldig egnet for forretningsreiser og reiser.<\/p>\n\n\n\n<p><strong>3. Konfigurasjon av hotellbadeprodukter: <\/strong>Hotellet konfigurerer dette produktet for \u00e5 forbedre kundens badeopplevelse, m\u00f8te kundens personlige badebehov og oppfylle kravene til eksklusive gjesteromsutstyr.<\/p>\n\n\n\n<p><strong>4. Gavesett for personlig pleie: <\/strong>Silikon badeb\u00f8rste er egnet for bruk i kombinasjonssett for personlig pleie, og kan brukes som en viktig del n\u00e5r man gir i gave.<\/p>\n\n\n\n<h2 class=\"wp-block-heading\">Slik bruker du silikonbadeb\u00f8rsten<\/h2>\n\n\n\n<p>Silikonbadeb\u00f8rsten er enkel \u00e5 bruke og egnet for ulike rengj\u00f8ringsbehov. Den kan brukes med dusjs\u00e5pe eller vann for \u00e5 fullf\u00f8re daglig rengj\u00f8ring. Den er egnet for hele kroppen, inkludert rygg, ben og armer.<\/p>\n\n\n\n<p><strong>1. Fukt b\u00f8rsten og kroppen:<\/strong> Fukt kroppen og badeb\u00f8rsten med varmt vann for gradvis \u00e5 mykgj\u00f8re hudoverflaten.<\/p>\n\n\n\n<p><strong>2. Tilsett dusjs\u00e5pe: <\/strong>Slipp dusjs\u00e5pen ned i b\u00f8rstens overflate, gni den forsiktig for \u00e5 lage bobler, og skrubb forsiktig kroppsdelene i sirkel eller frem og tilbake. Du kan bruke baksiden av b\u00f8rsten til \u00e5 massere skuldre, nakke eller ben med passende kraft.<\/p>\n\n\n\n<p><strong>3. Rengj\u00f8r badeb\u00f8rsten: <\/strong>Etter rengj\u00f8ring av badeb\u00f8rsten, rengj\u00f8r b\u00f8rsteoverflaten grundig og t\u00f8rk den for \u00e5 holde badeb\u00f8rsten hygienisk og forhindre vekst av bakterier eller mugg.<\/p>\n\n\n\n<p><strong>4. Hengende oppbevaring: <\/strong>Bruk opphengshullet eller sugekoppen p\u00e5 silikonbadeb\u00f8rsten til \u00e5 feste den p\u00e5 veggen for \u00e5 unng\u00e5 fuktighetsansamling og bakterier i et fuktig milj\u00f8.<\/p>","protected":false},"excerpt":{"rendered":"Silicone Bath Brush Features A silicone bath brush is a bath cleaning tool made of silicone as the main material. It has many characteristics such as softness, durability, and high efficiency. Compared with traditional plastic brushes, silicone bath brushes are more gentle and skin-friendly, and are not easy to irritate or scratch the skin. Some [&hellip;]","protected":false},"featured_media":3552,"menu_order":0,"template":"","meta":[],"product-tag":[],"products":[166],"class_list":["post-3542","product","type-product","status-publish","has-post-thumbnail","hentry","products-bath-brush"],"acf":[],"_links":{"self":[{"href":"https:\/\/www.ruiqigo.com\/nb\/wp-json\/wp\/v2\/product\/3542","targetHints":{"allow":["GET"]}}],"collection":[{"href":"https:\/\/www.ruiqigo.com\/nb\/wp-json\/wp\/v2\/product"}],"about":[{"href":"https:\/\/www.ruiqigo.com\/nb\/wp-json\/wp\/v2\/types\/product"}],"version-history":[{"count":0,"href":"https:\/\/www.ruiqigo.com\/nb\/wp-json\/wp\/v2\/product\/3542\/revisions"}],"wp:featuredmedia":[{"embeddable":true,"href":"https:\/\/www.ruiqigo.com\/nb\/wp-json\/wp\/v2\/media\/3552"}],"wp:attachment":[{"href":"https:\/\/www.ruiqigo.com\/nb\/wp-json\/wp\/v2\/media?parent=3542"}],"wp:term":[{"taxonomy":"product-tag","embeddable":true,"href":"https:\/\/www.ruiqigo.com\/nb\/wp-json\/wp\/v2\/product-tag?post=3542"},{"taxonomy":"products","embeddable":true,"href":"https:\/\/www.ruiqigo.com\/nb\/wp-json\/wp\/v2\/products?post=3542"}],"curies":[{"name":"wp","href":"https:\/\/api.w.org\/{rel}","templated":true}]}}