{"id":356,"date":"2024-07-08T10:08:37","date_gmt":"2024-07-08T02:08:37","guid":{"rendered":"https:\/\/ruiqigo.com\/?post_type=product&#038;p=356"},"modified":"2024-10-28T15:39:54","modified_gmt":"2024-10-28T07:39:54","slug":"raw-sugar-body-wash","status":"publish","type":"product","link":"https:\/\/www.ruiqigo.com\/nb\/product\/raw-sugar-body-wash","title":{"rendered":"R\u00e5sukker dusjs\u00e5pe"},"content":{"rendered":"<h3 class=\"wp-block-heading\">Produksjon av r\u00e5sukker dusjs\u00e5pe Vanlige formler<\/h3>\n\n\n\n<p>Kjerneingrediensen i denne dusjs\u00e5pen med r\u00e5tt sukker er naturlig r\u00e5sukker. Raw Sugar er rik p\u00e5 sukker, mineraler, vitaminer og andre n\u00e6ringsstoffer, og renser og fjerner sk\u00e5nsomt alle typer urenheter og eksfolierende ingredienser, samtidig som den gir utmerket fuktighet og lindring av t\u00f8rrhet. Vi har ogs\u00e5 tilsatt sk\u00e5nsomme rensende ingredienser i formelen for \u00e5 ytterligere forsterke den rensende effekten, slik at huden din f\u00e5r en ren, str\u00e5lende gl\u00f8d. I tillegg tilsettes naturlige planteekstrakter for \u00e5 gi huden ekstra n\u00e6ring.<\/p>\n\n\n\n<h3 class=\"wp-block-heading\">R\u00e5sukker dusjs\u00e5pe Gjeldende scenarier<\/h3>\n\n\n\n<p>Denne Raw Sugar Shower Gel er en dusjgel som varer hele dagen med rike fuktighetsgivende ingredienser som lindrer t\u00f8rrhet for\u00e5rsaket av h\u00f8ye temperaturer. I de kalde, t\u00f8rre vinterm\u00e5nedene renser den milde renseformelen huden i dybden, mens de fuktighetsgivende ingrediensene gir total hudpleie og lindring av forkj\u00f8lelsesrelaterte hudproblemer.<\/p>\n\n\n\n<h3 class=\"wp-block-heading\">Hvem er r\u00e5sukker dusjs\u00e5pe for<\/h3>\n\n\n\n<p>Med sine naturlige eksfolierende og fuktighetsgivende egenskaper er Raw Sugar Body Wash egnet for personer som s\u00f8ker naturlige hudpleieresultater. Den er spesielt egnet for personer med hud som trenger \u00e5 bli sk\u00e5nsomt renset og n\u00e6ret, for eksempel brukere av t\u00f8rr eller sensitiv hud, samt forbrukere som foretrekker produkter med naturlige ingredienser. Den er ogs\u00e5 egnet for de som liker spabehandlinger som gir allsidig pleie for huden.<\/p>\n\n\n\n<h3 class=\"wp-block-heading\">Produksjonsprosess for kroppsvask med r\u00e5tt sukker<\/h3>\n\n\n\n<p>Raw Sugar Body Wash er produsert ved hjelp av en kombinasjon av tradisjonelt h\u00e5ndverk og moderne teknologi ved \u00e5 h\u00e5ndplukke r\u00e5sukker av h\u00f8y kvalitet og kombinere det med en lavtemperaturutvinningsmetode for \u00e5 bevare de naturlige eksfolierende og fuktighetsgivende ingrediensene. Streng kvalitetskontroll under produksjonen sikrer ingen kjemiske tilsetningsstoffer, noe som gir en ren og sk\u00e5nsom badeopplevelse.<\/p>","protected":false},"excerpt":{"rendered":"Raw sugar body wash manufacturing Common Formulas The core ingredient of this raw sugar body wash is natural raw sugar. Rich in sugars, minerals, vitamins and other nutrients, Raw Sugar cleanses and gently removes all types of impurities and exfoliants, while providing excellent moisturization and relief from dryness. We&#8217;ve also added gentle cleansing ingredients to [&hellip;]","protected":false},"featured_media":357,"menu_order":0,"template":"","meta":[],"product-tag":[],"products":[57],"class_list":["post-356","product","type-product","status-publish","has-post-thumbnail","hentry","products-body-wash"],"acf":[],"_links":{"self":[{"href":"https:\/\/www.ruiqigo.com\/nb\/wp-json\/wp\/v2\/product\/356","targetHints":{"allow":["GET"]}}],"collection":[{"href":"https:\/\/www.ruiqigo.com\/nb\/wp-json\/wp\/v2\/product"}],"about":[{"href":"https:\/\/www.ruiqigo.com\/nb\/wp-json\/wp\/v2\/types\/product"}],"version-history":[{"count":0,"href":"https:\/\/www.ruiqigo.com\/nb\/wp-json\/wp\/v2\/product\/356\/revisions"}],"wp:featuredmedia":[{"embeddable":true,"href":"https:\/\/www.ruiqigo.com\/nb\/wp-json\/wp\/v2\/media\/357"}],"wp:attachment":[{"href":"https:\/\/www.ruiqigo.com\/nb\/wp-json\/wp\/v2\/media?parent=356"}],"wp:term":[{"taxonomy":"product-tag","embeddable":true,"href":"https:\/\/www.ruiqigo.com\/nb\/wp-json\/wp\/v2\/product-tag?post=356"},{"taxonomy":"products","embeddable":true,"href":"https:\/\/www.ruiqigo.com\/nb\/wp-json\/wp\/v2\/products?post=356"}],"curies":[{"name":"wp","href":"https:\/\/api.w.org\/{rel}","templated":true}]}}