{"id":3563,"date":"2025-06-06T16:25:54","date_gmt":"2025-06-06T08:25:54","guid":{"rendered":"https:\/\/www.ruiqigo.com\/?post_type=product&#038;p=3563"},"modified":"2025-06-09T09:21:28","modified_gmt":"2025-06-09T01:21:28","slug":"helichrysum-essential-oil","status":"publish","type":"product","link":"https:\/\/www.ruiqigo.com\/nb\/product\/helichrysum-essential-oil","title":{"rendered":"Helichrysum eterisk olje"},"content":{"rendered":"<h2 class=\"wp-block-heading\">Vanlige formler for produksjon av eterisk olje fra Helichrysum<\/h2>\n\n\n\n<p>Vi er en profesjonell produsent av eterisk olje av helichrysum. Vi insisterer p\u00e5 \u00e5 bruke helichrysumblomster av h\u00f8y kvalitet som r\u00e5materialer og bruker lavtemperaturdampdestillasjon for \u00e5 maksimere retensjonen av naturlige aktive ingredienser som diketon. Disse naturlige aktive ingrediensene kan fremme sirkulasjon i hodebunnen og reparere h\u00e5rskader.&nbsp;<\/p>\n\n\n\n<p><strong>1. Diketon: <\/strong>Dette er en av de unike og viktige ingrediensene i helichrysum eterisk olje. Den har sterk betennelsesdempende evne, kan effektivt fremme s\u00e5rheling, dempe arr og r\u00f8de merker, og er mye brukt i reparasjonsessenser og essenser for hodebunnspleie.&nbsp;<\/p>\n\n\n\n<p><strong>2. Geraniol: <\/strong>Geraniol har en naturlig mykgj\u00f8rende effekt som kan forbedre glattheten. I h\u00e5rpleie bidrar det til \u00e5 forbedre h\u00e5rets glans og redusere krusete og flisede tupper.&nbsp;<\/p>\n\n\n\n<p><strong>3. Bornylacetat: <\/strong>Dette er en viktig ingrediens i eterisk olje av helichrysum. Den har utmerkede lindrende og betennelsesdempende effekter, som kan redusere r\u00f8dhet og f\u00f8lsomhet i huden for\u00e5rsaket av stress eller milj\u00f8faktorer. Samtidig kan den ogs\u00e5 berolige hodebunnen og redusere kl\u00f8e og stramhet.&nbsp;&nbsp;<\/p>\n\n\n\n<p><strong>4. \u03b1-Pinen:<\/strong> Den har utmerkede rensende og antibakterielle effekter, kan rense porene og hodebunnsmilj\u00f8et, forbedre oljesekresjon og flassproblemer, og kan ogs\u00e5 berolige huden.&nbsp;<\/p>\n\n\n\n<p><strong>5. Linalool:<\/strong> Den har rensende og antibakterielle funksjoner. Den kan regulere utskillelsen av hudolje, rense porene, forbedre follikulitt for\u00e5rsaket av oljeblokkering og gi et godt milj\u00f8 for sunt h\u00e5r.<\/p>\n\n\n\n<h2 class=\"wp-block-heading\">Funksjonene til Helichrysum essensiell olje<\/h2>\n\n\n\n<p>Helichrysum eterisk olje er et uunnv\u00e6rlig stjerneprodukt innen eksklusiv h\u00e5rpleie p\u00e5 grunn av de utmerkede aktive ingrediensene og den sofistikerte ekstraksjonsprosessen.<\/p>\n\n\n\n<p><strong>1. Naturlig, mild og ikke-irriterende:<\/strong> Formelen til helichrysum eterisk olje er naturlig og mild, inneholder ikke irriterende ingredienser og har sv\u00e6rt lav risiko for allergi. Selv babyer eller personer med sensitiv hud kan trygt bruke den.&nbsp;<\/p>\n\n\n\n<p><strong>2. Aktive ingredienser med h\u00f8y renhet: <\/strong>Ekstrahert gjennom lavtemperaturdestillasjonsteknologi for \u00e5 maksimere retensjonen av aktive ingredienser i immortelle, noe som sikrer at hver batch med immortelle eterisk olje kan opprettholde effektiv og konsistent ytelse.&nbsp;<\/p>\n\n\n\n<p><strong>3. Milj\u00f8vennlig og b\u00e6rekraftig:<\/strong> Ingrediensene er av ren opprinnelse, og plantingen er sporbar, noe som er i tr\u00e5d med trenden innen naturlig hudpleie og egnet for eksklusive \u00f8kologiske og gr\u00f8nne h\u00e5rpleieserier.&nbsp;<\/p>\n\n\n\n<p><strong>4. Mild lukt: <\/strong>Helichrysum eterisk olje har en varm og myk urtearoma, som ikke er like sterk som lavendel eller eukalyptus. Den kan gj\u00f8re at folk f\u00f8ler seg avslappede og glade n\u00e5r den brukes, og forbedrer den generelle brukeropplevelsen.&nbsp;<\/p>\n\n\n\n<p><strong>5. Multieffekter i ett:<\/strong> Helichrysum eterisk olje kan ikke bare effektivt forbedre overdreven hodebunnsolje og betennelse i hodebunnen, men ogs\u00e5 lindre kl\u00f8e i hodebunnen og reparere skadet h\u00e5r. Den har flere bruksomr\u00e5der i \u00e9n flaske og flere effekter i \u00e9n.<\/p>\n\n\n\n<h2 class=\"wp-block-heading\">Slik bruker du eterisk olje av Helichrysum<\/h2>\n\n\n\n<p>N\u00e5r eterisk olje av helichrysum brukes alene, m\u00e5 den fortynnes f\u00f8r bruk. N\u00e5r den tilsettes som en formel, m\u00e5 den blandes inn i produktet i proporsjoner for \u00e5 ut\u00f8ve den lindrende og reparerende effekten fullt ut og forbedre den generelle produktets effektivitet.<\/p>\n\n\n\n<p><strong>1. Rent h\u00e5r: <\/strong>Rengj\u00f8r h\u00e5ret f\u00f8r bruk for \u00e5 sikre absorpsjon under senere h\u00e5rpleie.<\/p>\n\n\n\n<p><strong>2. Fortynn eterisk olje av helichrysum: <\/strong>Bland eterisk olje og baseolje (som jojobaolje) i forholdet 1:5 eller mer.<\/p>\n\n\n\n<p><strong>3. P\u00e5f\u00f8r forsiktig og masser: <\/strong>N\u00e5r du bruker eterisk olje p\u00e5 huden, klapp den forsiktig for \u00e5 f\u00e5 den til \u00e5 absorbere. N\u00e5r du bruker den i hodebunnen, kan massasje brukes for \u00e5 fremme sirkulasjonen.<\/p>\n\n\n\n<p><strong>4. Kan brukes med andre produkter: <\/strong>Det kan tilsettes sjampo, balsam og andre h\u00e5rpleieprodukter for \u00e5 forbedre produktets effektivitet.<\/p>\n\n\n\n<p><strong>Anbefaling: <\/strong>Bruk 2\u20133 ganger i uken, og effekten vil v\u00e6re mer betydelig hvis du holder ut over lengre tid.<\/p>\n\n\n\n<h2 class=\"wp-block-heading\">Forsiktighet<\/h2>\n\n\n\n<p>Helichrysum eterisk olje er en sv\u00e6rt konsentrert planteessens. For \u00e5 sikre best mulig bruksopplevelse og unng\u00e5 allergiske reaksjoner, m\u00e5 du v\u00e6re oppmerksom p\u00e5 bruks- og oppbevaringsmilj\u00f8et.&nbsp;<\/p>\n\n\n\n<p><strong>1. Hudtest:<\/strong> En hudtest er n\u00f8dvendig f\u00f8r f\u00f8rste gangs bruk, spesielt for personer med allergier. En test p\u00e5 et lite omr\u00e5de b\u00f8r gj\u00f8res bak \u00f8ret eller p\u00e5 innsiden av h\u00e5ndleddet for \u00e5 bekrefte at det ikke er noen bivirkninger f\u00f8r formell bruk.<\/p>\n\n\n\n<p><strong>2. Unng\u00e5 \u00e5 p\u00e5f\u00f8re direkte p\u00e5 huden uten fortynning: <\/strong>Helichrysum eterisk olje har en h\u00f8y konsentrasjon. Det anbefales \u00e5 fortynne den f\u00f8r bruk for \u00e5 unng\u00e5 irritasjon eller allergisk ubehag i huden.&nbsp;<\/p>\n\n\n\n<p><strong>3. Unng\u00e5 \u00e5 f\u00e5 det i \u00f8ynene: <\/strong>Hvis det kommer i \u00f8ynene ved et uhell, skyll straks med rikelig med vann. Ikke bruk direkte p\u00e5 sensitive omr\u00e5der som \u00f8yeomr\u00e5det, munnen og nesen.&nbsp;<\/p>\n\n\n\n<p><strong>4. Gravide og ammende b\u00f8r bruke med forsiktighet: <\/strong>Selv om dette produktet er sv\u00e6rt mildt, anbefales det at spesielle grupper konsulterer fagfolk f\u00f8r bruk for \u00e5 sikre sikkerhet.&nbsp;<\/p>\n\n\n\n<p><strong>5. Holdes unna h\u00f8y temperatur og direkte sollys: <\/strong>Eteriske oljer b\u00f8r forsegles og oppbevares kj\u00f8lig og m\u00f8rkt for \u00e5 unng\u00e5 \u00e5 p\u00e5virke stabiliteten til de aktive ingrediensene.<\/p>\n\n\n\n<h2 class=\"wp-block-heading\">Konklusjon<\/h2>\n\n\n\n<p>Helichrysum eterisk olje skiller seg ut i eksklusive h\u00e5rpleie- og aromaterapiprodukter med sine utmerkede betennelsesdempende og reparerende egenskaper. Vi s\u00f8rger for at hvert parti med eteriske oljer har stabile og rene aktive ingredienser basert p\u00e5 strengt utvalg av r\u00e5varer, avansert ekstraksjonsteknologi og h\u00f8y kvalitetskontroll. Den er ikke bare sk\u00e5nsom og egnet for alle hudtyper, men kan ogs\u00e5 integreres i forskjellige typer h\u00e5rpleieprodukter for flere effekter.<\/p>","protected":false},"excerpt":{"rendered":"Helichrysum Essential Oil Manufacturing Common Formulas We are a professional manufacturer of helichrysum essential oil. We insist on using high-quality helichrysum flowers as raw materials and use low-temperature steam distillation to maximize the retention of natural active ingredients such as diketone. These natural active ingredients can promote scalp circulation and repair hair damage.&nbsp; 1. Diketone: [&hellip;]","protected":false},"featured_media":3570,"menu_order":0,"template":"","meta":[],"product-tag":[],"products":[53],"class_list":["post-3563","product","type-product","status-publish","has-post-thumbnail","hentry","products-essential-oil"],"acf":[],"_links":{"self":[{"href":"https:\/\/www.ruiqigo.com\/nb\/wp-json\/wp\/v2\/product\/3563","targetHints":{"allow":["GET"]}}],"collection":[{"href":"https:\/\/www.ruiqigo.com\/nb\/wp-json\/wp\/v2\/product"}],"about":[{"href":"https:\/\/www.ruiqigo.com\/nb\/wp-json\/wp\/v2\/types\/product"}],"version-history":[{"count":0,"href":"https:\/\/www.ruiqigo.com\/nb\/wp-json\/wp\/v2\/product\/3563\/revisions"}],"wp:featuredmedia":[{"embeddable":true,"href":"https:\/\/www.ruiqigo.com\/nb\/wp-json\/wp\/v2\/media\/3570"}],"wp:attachment":[{"href":"https:\/\/www.ruiqigo.com\/nb\/wp-json\/wp\/v2\/media?parent=3563"}],"wp:term":[{"taxonomy":"product-tag","embeddable":true,"href":"https:\/\/www.ruiqigo.com\/nb\/wp-json\/wp\/v2\/product-tag?post=3563"},{"taxonomy":"products","embeddable":true,"href":"https:\/\/www.ruiqigo.com\/nb\/wp-json\/wp\/v2\/products?post=3563"}],"curies":[{"name":"wp","href":"https:\/\/api.w.org\/{rel}","templated":true}]}}