{"id":361,"date":"2024-07-08T10:02:18","date_gmt":"2024-07-08T02:02:18","guid":{"rendered":"https:\/\/ruiqigo.com\/?post_type=product&#038;p=361"},"modified":"2024-10-28T15:38:16","modified_gmt":"2024-10-28T07:38:16","slug":"salicylic-acid-body-wash","status":"publish","type":"product","link":"https:\/\/www.ruiqigo.com\/nb\/product\/salicylic-acid-body-wash","title":{"rendered":"Salisylsyre kroppsvask"},"content":{"rendered":"<h3 class=\"wp-block-heading\">Produksjon av salisylsyre dusjs\u00e5pe Vanlige formler<\/h3>\n\n\n\n<p>Kjerneingrediensen i denne salisylsyre-dusjs\u00e5pen er salisylsyre. Salisylsyre er en naturlig forekommende betahydroksysyre med utmerkede keratolytiske og antibakterielle egenskaper som effektivt renser hudoverflaten for aldrende keratin og diverse urenheter. I formelen har vi ogs\u00e5 tilsatt aloe vera, gr\u00f8nn te og andre naturlige planteekstrakter, som kan gi huden rike n\u00e6ringsstoffer, som vitaminer, mineraler osv., slik at huden alltid er fuktet og glatt. I tillegg har alle r\u00e5materialer best\u00e5tt strenge tester og screeninger for \u00e5 sikre produktets sikkerhet og effektivitet.<\/p>\n\n\n\n<h3 class=\"wp-block-heading\">Salisylsyre dusjs\u00e5pe Gjeldende scenarier<\/h3>\n\n\n\n<p>Denne dusjs\u00e5pen med salisylsyre passer for alle \u00e5rstider og klima. I den varme og fuktige sommeren kan den dyprense oppsamlet smuss og aldrende keratin, og forhindre forekomsten av kviser og akne. I den kalde og t\u00f8rre vinteren er den rik p\u00e5 n\u00e6rende ingredienser som gir omfattende pleie for huden, lindrer t\u00f8rrhet og andre problemer.<\/p>\n\n\n\n<h3 class=\"wp-block-heading\">Hvem er salisylsyre dusjs\u00e5pe for<\/h3>\n\n\n\n<p>Salicylic Acid Body Wash er egnet for personer med akne, kviser eller fet hud. Den inneholder salicylsyre som bidrar til \u00e5 fjerne d\u00f8de hudceller, rense porene i dybden og redusere oljeopphopning, noe som gj\u00f8r den egnet for brukere som trenger \u00e5 forbedre hudtilstanden og forhindre utbrudd. Den er ogs\u00e5 egnet for skj\u00f8nnhetselskere som \u00f8nsker \u00e5 gi huden en frisk og str\u00e5lende skj\u00f8nnhetssjarm under den daglige badetiden.<\/p>\n\n\n\n<h3 class=\"wp-block-heading\">Produksjonsprosess for salisylsyre dusjs\u00e5pe<\/h3>\n\n\n\n<p>Denne salisylsyre-dusjs\u00e5pen er produsert med spesiell vekt p\u00e5 kontroll av salisylsyrekonsentrasjon og pH-balanse for \u00e5 sikre at produktet er b\u00e5de effektivt og sk\u00e5nsomt. Bruken av avansert emulgeringsteknologi sikrer at ingrediensene fordeles jevnt og best\u00e5r sensitivitetstester for \u00e5 sikre produktsikkerhet og hudpleieeffektivitet.<\/p>","protected":false},"excerpt":{"rendered":"Salicylic acid body wash manufacturing Common Formulas The core ingredient of this Salicylic Acid Body Wash is Salicylic Acid. Salicylic Acid is a naturally occurring Beta Hydroxy Acid with excellent keratolytic and antibacterial properties that effectively cleanses the skin&#8217;s surface of aged keratin and various impurities. In the formula, we also added aloe vera, green [&hellip;]","protected":false},"featured_media":362,"menu_order":0,"template":"","meta":[],"product-tag":[],"products":[57],"class_list":["post-361","product","type-product","status-publish","has-post-thumbnail","hentry","products-body-wash"],"acf":[],"_links":{"self":[{"href":"https:\/\/www.ruiqigo.com\/nb\/wp-json\/wp\/v2\/product\/361","targetHints":{"allow":["GET"]}}],"collection":[{"href":"https:\/\/www.ruiqigo.com\/nb\/wp-json\/wp\/v2\/product"}],"about":[{"href":"https:\/\/www.ruiqigo.com\/nb\/wp-json\/wp\/v2\/types\/product"}],"version-history":[{"count":0,"href":"https:\/\/www.ruiqigo.com\/nb\/wp-json\/wp\/v2\/product\/361\/revisions"}],"wp:featuredmedia":[{"embeddable":true,"href":"https:\/\/www.ruiqigo.com\/nb\/wp-json\/wp\/v2\/media\/362"}],"wp:attachment":[{"href":"https:\/\/www.ruiqigo.com\/nb\/wp-json\/wp\/v2\/media?parent=361"}],"wp:term":[{"taxonomy":"product-tag","embeddable":true,"href":"https:\/\/www.ruiqigo.com\/nb\/wp-json\/wp\/v2\/product-tag?post=361"},{"taxonomy":"products","embeddable":true,"href":"https:\/\/www.ruiqigo.com\/nb\/wp-json\/wp\/v2\/products?post=361"}],"curies":[{"name":"wp","href":"https:\/\/api.w.org\/{rel}","templated":true}]}}