{"id":3620,"date":"2025-06-12T11:24:09","date_gmt":"2025-06-12T03:24:09","guid":{"rendered":"https:\/\/www.ruiqigo.com\/?post_type=product&#038;p=3620"},"modified":"2025-06-12T11:24:10","modified_gmt":"2025-06-12T03:24:10","slug":"wooden-bath-brush","status":"publish","type":"product","link":"https:\/\/www.ruiqigo.com\/nb\/product\/wooden-bath-brush","title":{"rendered":"Badeb\u00f8rste i tre"},"content":{"rendered":"<h2 class=\"wp-block-heading\">Funksjoner av trebadeb\u00f8rste<\/h2>\n\n\n\n<p>Badeb\u00f8rsten i tre er b\u00e5de naturlig og praktisk. Den beholder ikke bare den rustikke stilen til tradisjonelle h\u00e5ndlagde b\u00f8rster, men inkluderer ogs\u00e5 det ergonomiske konseptet med moderne design. Treb\u00f8rsten er solid og slitesterk, f\u00f8les varm, og de passende b\u00f8rsteh\u00e5rene gir en rekke hudpleiealternativer.<\/p>\n\n\n\n<p><strong>1. Naturlig b\u00f8rstehus i massivt tre: <\/strong>Badeb\u00f8rster i tre er ofte laget av naturlig b\u00f8k, eik og andre hardtresorter. De har en kompakt struktur, er ikke lette \u00e5 sprekke, har et godt grep og sklisikre egenskaper, og er av utmerket kvalitet.&nbsp;<\/p>\n\n\n\n<p><strong>2. Uts\u00f8kt overflatebehandlingsteknologi:<\/strong> Overflaten p\u00e5 badeb\u00f8rsten er polert veldig glatt og forseglet med vegetabilsk olje eller milj\u00f8vennlig maling for \u00e5 forbedre dens fukt- og muggbestandige egenskaper.&nbsp;<\/p>\n\n\n\n<p><strong>3. Lang levetid: <\/strong>H\u00e5rplantestrukturen er fast og leveres med et gripebelte for enkel h\u00e5ndtering. Samtidig er den enkel \u00e5 t\u00f8rke eller oppbevare, noe som kan forlenge levetiden til badeb\u00f8rsten.&nbsp;<\/p>\n\n\n\n<p><strong>4. Egnet for en rekke vaske- og stellscenarier:<\/strong> Badeb\u00f8rsten v\u00e5r i tre kan brukes til b\u00e5de t\u00f8rrb\u00f8rsting og v\u00e5tb\u00f8rsting. Den passer til en rekke vaske- og stellscenarier, enten det er daglig bading eller t\u00f8rrb\u00f8rsting og massasje, og funksjonene er sv\u00e6rt fleksible.&nbsp;<\/p>\n\n\n\n<p><strong>5. Ulike b\u00f8rsteh\u00e5rsalternativer:<\/strong> Badeb\u00f8rster i tre kan kombineres med naturlige b\u00f8rster som villsvinb\u00f8rster og hesteh\u00e5r, eller fleksible syntetiske fibre for \u00e5 m\u00f8te behovene til ulike hudtyper (som sensitiv hud, fet hud osv.).<\/p>\n\n\n\n<h2 class=\"wp-block-heading\">Fordeler med treb\u00f8rste<\/h2>\n\n\n\n<p>Sammenlignet med badeb\u00f8rster av plast har badeb\u00f8rster av tre naturlige fordeler n\u00e5r det gjelder brukeropplevelse, milj\u00f8vennlighet og tekstur. De kan ikke bare gi solide eksfolierende og massasjeeffekter, men de m\u00f8ter ogs\u00e5 moderne brukeres s\u00f8ken etter naturlighet og b\u00e6rekraft.&nbsp;<\/p>\n\n\n\n<p><strong>1. Naturlig og milj\u00f8vennlig:<\/strong> Badeb\u00f8rster i tre er laget utelukkende av giftfritt, naturlig og biologisk nedbrytbart tre og bust, noe som er i tr\u00e5d med konseptet om b\u00e6rekraftig og gr\u00f8nt forbruk og er sv\u00e6rt milj\u00f8vennlige.&nbsp;<\/p>\n\n\n\n<p><strong>2. Holdbar:<\/strong> B\u00f8rstekroppen, som er laget av naturlig tre, har en stabil struktur, er slitesterk og trykkbestandig, og er slitesterk. Levetiden overg\u00e5r langt vanlige badeb\u00f8rster i plast.&nbsp;<\/p>\n\n\n\n<p><strong>3. Kraftig rengj\u00f8ring og peeling:<\/strong> Naturbust som villsvinbust har moderat seighet og kan effektivt rengj\u00f8re svetteflekker, smuss og d\u00f8d hud uten \u00e5 irritere eller skade huden.&nbsp;<\/p>\n\n\n\n<p><strong>4. Fremmer blodsirkulasjonen: <\/strong>Bruk av en badeb\u00f8rste av tre kan sk\u00e5nsomt stimulere nerveender, vekke hudens vitalitet og hjelpe blodsirkulasjonen, stoffskiftet og hudens oppstramming i kroppen.&nbsp;<\/p>\n\n\n\n<p><strong>5. H\u00f8y kostnadsytelse:<\/strong> Badeb\u00f8rsten i tre trenger bare \u00e5 t\u00f8rkes regelmessig og oppbevares i et ventilert milj\u00f8. Den krever ikke komplisert vedlikehold og er enkel og praktisk \u00e5 bruke, s\u00e5 den er sv\u00e6rt kostnadseffektiv.<\/p>\n\n\n\n<h2 class=\"wp-block-heading\">M\u00e5lgruppe for badeb\u00f8rste i tre<\/h2>\n\n\n\n<p>Badeb\u00f8rster i tre brukes mye av mennesker i ulike aldre og med ulik livsstil p\u00e5 grunn av dens utmerkede ytelse, som naturlig materiale, stabile struktur og varierte funksjoner. Enten det er en bruker som foretrekker daglig grunnleggende vask og pleie, eller en person som har massasje- og peelingbehov, kan de f\u00e5 en ideell opplevelse med dette produktet.&nbsp;<\/p>\n\n\n\n<p><strong>1. Daglige husholdningsbrukere:<\/strong> Egnet for daglig rengj\u00f8ring og badekomfort.<\/p>\n\n\n\n<p><strong>2. Middelaldrende og eldre personer: <\/strong>Myke b\u00f8rsteh\u00e5r er egnet for personer med skj\u00f8r hud eller bevegelseshemming, noe som bidrar til \u00e5 fremme blodsirkulasjonen i kroppen og forbedre helsen.<\/p>\n\n\n\n<p><strong>3. Personer med sensitiv hud:<\/strong> Du kan velge myke b\u00f8rsteh\u00e5r, som mildt hesteh\u00e5r og syntetiske fibre, for \u00e5 sk\u00e5nsomt rengj\u00f8re huden uten \u00e5 for\u00e5rsake irritasjon eller skade.<\/p>\n\n\n\n<p><strong>4. Folk som trener og holder seg i form:<\/strong> Etter trening kan du bruke en badeb\u00f8rste av tre til t\u00f8rr- eller v\u00e5tb\u00f8rsting, noe som bidrar til \u00e5 lindre muskeltretthet, \u00e5pne porene og fjerne svette.<\/p>\n\n\n\n<h2 class=\"wp-block-heading\">Produksjonsprosess for badeb\u00f8rste i tre<\/h2>\n\n\n\n<p>Produksjonsprosessen for badeb\u00f8rsten i tre fokuserer p\u00e5 utvelgelse og fint h\u00e5ndverk. Fra valg av r\u00e5materialer til implantering av b\u00f8rsteh\u00e5r kreves det flere prosesser for \u00e5 sikre at produktet er solid, slitesterkt, glatt og uten grader.<\/p>\n\n\n\n<p><strong>1. Valg av r\u00e5materiale:<\/strong> Naturtre som er avfettet og t\u00f8rket brukes for \u00e5 forhindre sprekkdannelse og mugg.<\/p>\n\n\n\n<p><strong>2. Implantasjon av bust: <\/strong>Bustene implanteres manuelt eller halvautomatisk, og er arrangert tett og jevnt.<\/p>\n\n\n\n<p><strong>3. Polering: <\/strong>Overflaten p\u00e5 badeb\u00f8rsten slipes flere ganger for \u00e5 fjerne grader og ujevnheter, noe som sikrer et jevnt og sikkert grep.<\/p>\n\n\n\n<p><strong>4. Vanntett belegg:<\/strong> Naturlig trevoks, olje eller lakk p\u00e5f\u00f8res overflaten av b\u00f8rstehuset for \u00e5 forbedre b\u00f8rstehusets fuktighetsbestandige, muggfrie og holdbare ytelse.<\/p>\n\n\n\n<p><strong>5. Inspeksjon av produktkvalitet:<\/strong> Hvert parti med produkter m\u00e5 gjennomg\u00e5 ulike kvalitetskontroller, som for eksempel hygienekontroll, f\u00f8r de forlater fabrikken for \u00e5 sikre at hvert parti med produkter oppfyller markedsstandarder og kundenes behov.<\/p>\n\n\n\n<h2 class=\"wp-block-heading\">Bruksomr\u00e5der for badeb\u00f8rster i tre<\/h2>\n\n\n\n<p>Badeb\u00f8rsten i tre har et bredt bruksomr\u00e5de. Den er ikke bare egnet for daglig bading hjemme, men brukes ogs\u00e5 ofte i profesjonelle pleiemilj\u00f8er som helsestudioer og spa. Den er sv\u00e6rt godt egnet for morgenv\u00e5kning, avslapning etter trening, grundig rengj\u00f8ring og andre scener.<\/p>\n\n\n\n<p>1. Ved daglig rengj\u00f8ring og bading i hjemmet kan den brukes til \u00e5 rengj\u00f8re rygg, ben og andre deler som er vanskelige \u00e5 b\u00f8rste grundig.<\/p>\n\n\n\n<p>2. Etter at du har v\u00e5knet om morgenen, kan du ogs\u00e5 bruke den til \u00e5 t\u00f8rke tennene for \u00e5 vekke den nye dagen, fremme blodsirkulasjonen i kroppen og forbedre vitaliteten.<\/p>\n\n\n\n<p>3. Etter trening kan du bruke en badeb\u00f8rste av tre for \u00e5 lindre muskelspenninger for\u00e5rsaket av trening og hjelpe til med utskillelsen av metabolsk avfallsstoff.<\/p>\n\n\n\n<h2 class=\"wp-block-heading\">Slik bruker du badeb\u00f8rsten i tre<\/h2>\n\n\n\n<p>Badeb\u00f8rsten i tre er enkel \u00e5 bruke. Du kan velge en t\u00f8rrb\u00f8rste eller en v\u00e5tb\u00f8rste i henhold til ulike rengj\u00f8ringsbehov.<\/p>\n\n\n\n<p><strong>1. T\u00f8rrb\u00f8rste:<\/strong> T\u00f8rrb\u00f8rste kroppen din i omtrent 5 minutter hver morgen etter at du har st\u00e5tt opp, noe som er gunstig for \u00e5 fremme blodsirkulasjonen og stimulere kroppens vitalitet.<\/p>\n\n\n\n<p><strong>2. V\u00e5t b\u00f8rste:<\/strong> Egnet for rengj\u00f8ring under bading. Fukt b\u00f8rsteh\u00e5rene, klem inn en liten mengde dusjs\u00e5pe og rengj\u00f8r kroppen med sirkelbevegelser.<\/p>\n\n\n\n<p><strong>Note:<\/strong> Under rengj\u00f8ringsprosessen er det ikke lett \u00e5 gni hardt for \u00e5 unng\u00e5 \u00e5 irritere huden. Etter bruk anbefales det \u00e5 skylle busten med rent vann, t\u00f8rke den og unng\u00e5 \u00e5 legge den i bl\u00f8t over lengre tid for \u00e5 forlenge levetiden.<\/p>","protected":false},"excerpt":{"rendered":"Wooden Bath Brush Features The wooden bath brush is both natural and practical. It not only retains the rustic style of traditional handmade brushes but also incorporates the ergonomics concept of modern design. Its wooden brush body is sturdy and durable, feels warm, and the appropriate bristles provide a variety of skin care options. 1. [&hellip;]","protected":false},"featured_media":3621,"menu_order":0,"template":"","meta":[],"product-tag":[],"products":[166],"class_list":["post-3620","product","type-product","status-publish","has-post-thumbnail","hentry","products-bath-brush"],"acf":[],"_links":{"self":[{"href":"https:\/\/www.ruiqigo.com\/nb\/wp-json\/wp\/v2\/product\/3620","targetHints":{"allow":["GET"]}}],"collection":[{"href":"https:\/\/www.ruiqigo.com\/nb\/wp-json\/wp\/v2\/product"}],"about":[{"href":"https:\/\/www.ruiqigo.com\/nb\/wp-json\/wp\/v2\/types\/product"}],"version-history":[{"count":0,"href":"https:\/\/www.ruiqigo.com\/nb\/wp-json\/wp\/v2\/product\/3620\/revisions"}],"wp:featuredmedia":[{"embeddable":true,"href":"https:\/\/www.ruiqigo.com\/nb\/wp-json\/wp\/v2\/media\/3621"}],"wp:attachment":[{"href":"https:\/\/www.ruiqigo.com\/nb\/wp-json\/wp\/v2\/media?parent=3620"}],"wp:term":[{"taxonomy":"product-tag","embeddable":true,"href":"https:\/\/www.ruiqigo.com\/nb\/wp-json\/wp\/v2\/product-tag?post=3620"},{"taxonomy":"products","embeddable":true,"href":"https:\/\/www.ruiqigo.com\/nb\/wp-json\/wp\/v2\/products?post=3620"}],"curies":[{"name":"wp","href":"https:\/\/api.w.org\/{rel}","templated":true}]}}