{"id":3632,"date":"2025-06-17T17:05:37","date_gmt":"2025-06-17T09:05:37","guid":{"rendered":"https:\/\/www.ruiqigo.com\/?post_type=product&#038;p=3632"},"modified":"2025-06-17T17:05:38","modified_gmt":"2025-06-17T09:05:38","slug":"benzoyl-peroxide-body-wash","status":"publish","type":"product","link":"https:\/\/www.ruiqigo.com\/nb\/product\/benzoyl-peroxide-body-wash","title":{"rendered":"Benzoylperoksid kroppsvask"},"content":{"rendered":"<h2 class=\"wp-block-heading\">Vanlige formler for produksjon av benzoylperoksid dusjs\u00e5pe<\/h2>\n\n\n\n<p>Da vi utviklet benzoylperoksid dusjs\u00e5pe, brukte vi en kombinasjon av aktive ingredienser med flere pleiende effekter, som ikke bare sikrer sterilisering og rensende kraft, men ogs\u00e5 tar hensyn til beroligende og fuktighetsgivende egenskaper. Kjerneingredienser som benzoylperoksid, niacinamid, glyserin, natriumlauroylsarkosinat, etc., kan synergistisk rense porene, balansere talg og reparere hudbarrieren. I tillegg har vi innlemmet planteekstrakter og et sk\u00e5nsomt skummende system for \u00e5 forbedre den generelle brukeropplevelsen ytterligere.&nbsp;<\/p>\n\n\n\n<p><strong>1. Benzoylperoksid:<\/strong> Dette er en bredspektret antibakteriell ingrediens som effektivt kan drepe Propionibacterium, som for\u00e5rsaker akne. Den kan fjerne d\u00f8de hudceller og olje, trenge dypt inn i porene for \u00e5 \u00e5pne blokkeringer, og er en gyllen ingrediens for terapeutisk aknefjerning.&nbsp;<\/p>\n\n\n\n<p><strong>2. Niacinamid:<\/strong> Den kan bidra til \u00e5 regulere talgsekresjon, gi hudtonen lysere hudtone og lindre betennelse for\u00e5rsaket av akne. Den er egnet for bruk sammen med benzoylperoksid for \u00e5 redusere irritasjon og forbedre hudens barrierereparasjonsevne.&nbsp;<\/p>\n\n\n\n<p><strong>3. Glyserin:<\/strong> Glyserin er en naturlig fuktighetskrem som kan opprettholde fuktighet i stratum corneum mens den renser huden, lindre t\u00f8rrhet og ubehag for\u00e5rsaket av rensing, forbedre hudens mykhet og elastisitet og forhindre stramhet i huden for\u00e5rsaket av overdreven rensing.&nbsp;<\/p>\n\n\n\n<p><strong>4. Natriumlauroylsarkosinat: <\/strong>Dette er et mildt skummende middel som ikke inneholder sulfater. Det kan redusere irritasjon p\u00e5 sensitiv hud og opprettholde hudens naturlige barriere under rens. Det er sk\u00e5nsomt og ikke-irriterende \u00e5 bruke.&nbsp;<\/p>\n\n\n\n<p><strong>5. Essensiell olje av tea tree:<\/strong> Tea tree-olje er en naturlig antibakteriell ingrediens med god oljekontroll og betennelsesdempende effekter. Den kan forsterke kvisefjerningseffekten samtidig som den gir en forfriskende og behagelig luktopplevelse.<\/p>\n\n\n\n<h2 class=\"wp-block-heading\">Funksjonene til benzoylperoksid kroppss\u00e5pe<\/h2>\n\n\n\n<p><strong>1. Forfriskende og ikke-fet:<\/strong> Benzoylperoksid dusjs\u00e5pe har en lett tekstur og etterlater ingen rester etter skylling. Den er egnet for bruk i varme \u00e5rstider eller etter trening, og gj\u00f8r at huden f\u00f8les forfrisket.&nbsp;<\/p>\n\n\n\n<p><strong>2. Mild skumming:<\/strong> Formelen v\u00e5r er s\u00e5pefri og bruker aminosyreoverflateaktive stoffer. Den skummer sk\u00e5nsomt og raskt, med et rikt skum, men er lett \u00e5 skylle av, noe som gj\u00f8r den egnet for hyppig daglig pleie.\u00a0<\/p>\n\n\n\n<p><strong>3. Hurtigvirkende:<\/strong> De aktive ingrediensene i benzoylperoksid-kroppss\u00e5pen kan raskt virke p\u00e5 akneomr\u00e5det, forkorte betennelsessyklusen og lindre r\u00f8dhet og hevelse i huden.&nbsp;<\/p>\n\n\n\n<p><strong>4. Reparasjon:<\/strong> Dette produktet er formulert med fuktighetsgivende og beroligende ingredienser, som kan redusere hudirritasjon samtidig som det renser og opprettholder hudens vann- og oljebalanse.&nbsp;<\/p>\n\n\n\n<p><strong>5. Ikke lett \u00e5 tette porene:<\/strong> Benzoylperoksid dusjs\u00e5pe inneholder ikke aknefremkallende ingredienser og tetter ikke porene lett. Den er egnet for langvarig bruk av personer som gjentatte ganger plages av lukkede komedoner og akne.&nbsp;<\/p>\n\n\n\n<p><strong>6. H\u00f8y produktstabilitet:<\/strong> Benzoylperoksid kroppss\u00e5pe bruker en lavirriterende formel og en stabil prosess, som effektivt kan kontrollere oksidasjonen av aktive ingredienser og forbedre levetid og sikkerhet.\u00a0<\/p>\n\n\n\n<h2 class=\"wp-block-heading\">Slik bruker du benzoylperoksid kroppsvask<\/h2>\n\n\n\n<p>Benzoylperoksid dusjs\u00e5pe er enkel \u00e5 bruke og egnet for daglig rensing og pleie av akneutsatt hud. Vi anbefaler at du bruker den \u00e9n gang daglig eller annenhver dag, og v\u00e6r oppmerksom p\u00e5 tidskontroll og p\u00e5f\u00f8ringsomr\u00e5de.&nbsp;<\/p>\n\n\n\n<p>1. Fukt huden, ta ut en passende mengde dusjs\u00e5pe og ha den i h\u00e5ndflaten eller badeballen, og gni den inn for \u00e5 lage skum.<\/p>\n\n\n\n<p>2. Masser forsiktig skummet p\u00e5 ryggen, armene, l\u00e5rene og andre omr\u00e5der, og la det virke i 1\u20132 minutter for \u00e5 forsterke produktets effekt.<\/p>\n\n\n\n<p>3. Skyll skummet grundig med rent vann for \u00e5 unng\u00e5 rester.<\/p>\n\n\n\n<p>4. Det anbefales \u00e5 bruke en ikke-irriterende bodylotion for fuktighetsgivende tilsetning etter bruk.<\/p>\n\n\n\n<h2 class=\"wp-block-heading\">Forsiktighet<\/h2>\n\n\n\n<p><strong>1. Hudtest er n\u00f8dvendig for f\u00f8rste gangs bruk:<\/strong> Vi anbefaler \u00e5 starte med et lite omr\u00e5de for \u00e5 sikre at det ikke er irritasjon eller allergisk reaksjon p\u00e5 huden f\u00f8r du utvider bruksomr\u00e5det.&nbsp;<\/p>\n\n\n\n<p><strong>2. Unng\u00e5 kontakt med \u00f8ynene:<\/strong> Unng\u00e5 kontakt med \u00f8ynene under bruk. Hvis det ved et uhell kommer i kontakt med \u00f8ynene, skyll straks med rikelig med vann for \u00e5 unng\u00e5 irritasjon.\u00a0<\/p>\n\n\n\n<p><strong>3. Ikke bruk sammen med sterke eksfolierende produkter:<\/strong> Unng\u00e5 \u00e5 bruke den samme dag som produkter som inneholder AHA\/BHA eller andre irriterende ingredienser for \u00e5 unng\u00e5 ubehag som r\u00f8dhet, hevelse og flassing.\u00a0<\/p>\n\n\n\n<p><strong>4. V\u00e6r oppmerksom p\u00e5 solbeskyttelse etter bruk:<\/strong> Fordi dette produktet inneholder benzoylperoksid, kan det \u00f8ke hudens f\u00f8lsomhet for ultrafiolette str\u00e5ler. Bruk derfor solkremer til kroppen sammen hvis det brukes i l\u00f8pet av dagen.&nbsp;<\/p>\n\n\n\n<h2 class=\"wp-block-heading\">Konklusjon<\/h2>\n\n\n\n<p>Benzoylperoksid dusjs\u00e5pe er et funksjonelt badeprodukt med utmerket rensende og reparerende kraft. Den bruker sv\u00e6rt effektive ingredienser som benzoylperoksid og niacinamid for \u00e5 trenge dypt inn i porene for \u00e5 bekjempe aknebakterier, og er egnet for akneutsatt hudpleie i flere deler av kroppen. Dette produktet er utviklet for \u00e5 passe daglig bruk, med b\u00e5de rensende kraft, fuktighetsgivende kraft og mildhet, og er egnet for langvarig bruk av personer med hyppig akne eller som er utsatt for tilbakefall. Riktig bruk kan effektivt forbedre tilstanden til akneutsatt hud og gjenopprette hudens glatthet og sunn tekstur.<\/p>","protected":false},"excerpt":{"rendered":"Benzoyl Peroxide Body Wash Manufacturing Common Formulas When developing benzoyl peroxide body wash, we used a combination of active ingredients with multiple care effects, which not only ensures sterilization and cleaning power, but also takes into account soothing and moisturizing. Core ingredients such as benzoyl peroxide, niacinamide, glycerin, sodium lauroyl sarcosinate, etc., can synergistically purify [&hellip;]","protected":false},"featured_media":3655,"menu_order":0,"template":"","meta":[],"product-tag":[],"products":[57],"class_list":["post-3632","product","type-product","status-publish","has-post-thumbnail","hentry","products-body-wash"],"acf":[],"_links":{"self":[{"href":"https:\/\/www.ruiqigo.com\/nb\/wp-json\/wp\/v2\/product\/3632","targetHints":{"allow":["GET"]}}],"collection":[{"href":"https:\/\/www.ruiqigo.com\/nb\/wp-json\/wp\/v2\/product"}],"about":[{"href":"https:\/\/www.ruiqigo.com\/nb\/wp-json\/wp\/v2\/types\/product"}],"version-history":[{"count":0,"href":"https:\/\/www.ruiqigo.com\/nb\/wp-json\/wp\/v2\/product\/3632\/revisions"}],"wp:featuredmedia":[{"embeddable":true,"href":"https:\/\/www.ruiqigo.com\/nb\/wp-json\/wp\/v2\/media\/3655"}],"wp:attachment":[{"href":"https:\/\/www.ruiqigo.com\/nb\/wp-json\/wp\/v2\/media?parent=3632"}],"wp:term":[{"taxonomy":"product-tag","embeddable":true,"href":"https:\/\/www.ruiqigo.com\/nb\/wp-json\/wp\/v2\/product-tag?post=3632"},{"taxonomy":"products","embeddable":true,"href":"https:\/\/www.ruiqigo.com\/nb\/wp-json\/wp\/v2\/products?post=3632"}],"curies":[{"name":"wp","href":"https:\/\/api.w.org\/{rel}","templated":true}]}}