{"id":3645,"date":"2025-06-16T11:20:07","date_gmt":"2025-06-16T03:20:07","guid":{"rendered":"https:\/\/www.ruiqigo.com\/?post_type=product&#038;p=3645"},"modified":"2025-06-19T09:22:49","modified_gmt":"2025-06-19T01:22:49","slug":"sensitive-toothpaste","status":"publish","type":"product","link":"https:\/\/www.ruiqigo.com\/nb\/product\/sensitive-toothpaste","title":{"rendered":"Sensitiv tannkrem"},"content":{"rendered":"<h2 class=\"wp-block-heading\">Vanlige formler for produksjon av sensitiv tannkrem<\/h2>\n\n\n\n<p>Den bruker hovedsakelig kaliumnitrat og nano-hydroksyapatitt-aktive ingredienser for \u00e5 redusere tannf\u00f8lsomhet, effektivt redusere den sterke smerten for\u00e5rsaket av stimulering ved \u00e5 blokkere smertesignaler fra \u00e5 n\u00e5 nerveender, og danne et tett beskyttende lag p\u00e5 tannoverflaten, som ikke bare kan motst\u00e5 ytre stimuli, men ogs\u00e5 fremme emalje-remineralisering, forbedre tennenes evne til \u00e5 motst\u00e5 syreerosjon, fundamentalt lindre problemet med tannf\u00f8lsomhet og gi omfattende beskyttelse av munnhelsen.<\/p>\n\n\n\n<h2 class=\"wp-block-heading\">Gjeldende scenarier for sensitiv tannkrem<\/h2>\n\n\n\n<p>Sensitiv tannkrem er egnet for en rekke situasjoner, l\u00f8ser problemer med tannf\u00f8lsomhet og tar vare p\u00e5 munnhelsen, spesielt i f\u00f8lgende situasjoner: N\u00e5r tannf\u00f8lsomhet er for\u00e5rsaket av emaljeerosjon, kan bruk av sensitiv tannkrem lindre smerten for\u00e5rsaket av irritasjon ved \u00e5 lamme nervene og danne et beskyttende lag. For pasienter med vikende tannkj\u00f8tt kan den lindre ubehag og beskytte utsatte omr\u00e5der. Etter tannbleking kan den n\u00f8ytralisere denne bivirkningen, slik at du kan fortsette \u00e5 bruke blekeprodukter.<\/p>\n\n\n\n<h2 class=\"wp-block-heading\">Hvem er sensitiv tannkrem egnet for?<\/h2>\n\n\n\n<p>Sensitiv tannkrem er egnet for spesifikke grupper av mennesker som lider av problemer med tannf\u00f8lsomhet, og anbefales spesielt til f\u00f8lgende forbrukere:<\/p>\n\n\n\n<p>1. Personer som ofte opplever tannf\u00f8lsomhet.<\/p>\n\n\n\n<p>2. Personer med slitasjeproblemer p\u00e5 tannemaljen.<\/p>\n\n\n\n<p>3. Personer som er sensitive p\u00e5 grunn av tilbaketrukket tannkj\u00f8tt og synlige tannr\u00f8tter.<\/p>\n\n\n\n<p>4. Personer som er utsatt for tannf\u00f8lsomhet p\u00e5 grunn av genetiske faktorer eller naturlig tynning av tannemaljen med alderen.<\/p>\n\n\n\n<p>5. Personer som aktivt \u00f8nsker \u00e5 forebygge tannf\u00f8lsomhet og opprettholde langsiktig munnhelse.<\/p>\n\n\n\n<h2 class=\"wp-block-heading\">Produksjonsprosess for sensitiv tannkrem<\/h2>\n\n\n\n<p>Som en profesjonell produsent av sensitiv tannkrem implementerer vi f\u00f8lgende standardiserte og sofistikerte produksjonsprosesser for \u00e5 sikre produktkvalitet og effekt:<\/p>\n\n\n\n<p>1) Velg r\u00e5varer som kaliumnitrat, nanohydroksyapatitt (n-Ha) og fluorid n\u00f8ye for \u00e5 sikre at ingrediensene oppfyller standarder for munnhygiene.<\/p>\n\n\n\n<p>2) Forholdskontroll: M\u00e5l og bland aktive ingredienser og hjelpestoffer n\u00f8yaktig.<\/p>\n\n\n\n<p>3) Jevn blanding: Bruk avansert blandeutstyr for \u00e5 sikre jevn dispersjon og danne en stabil pastastruktur for \u00e5 opprettholde jevn effekt.<\/p>\n\n\n\n<p>4) Bruk lavtemperaturdispersjonsteknologi for \u00e5 aktivere n-Ha og andre mineraler fullt ut, noe som hjelper dem med \u00e5 reparere emaljedefekter bedre og danne en beskyttende barriere mot sensitive utl\u00f8sere.<\/p>\n\n\n\n<p>5) Fyll i et rent og sterilt milj\u00f8 for \u00e5 forhindre kontaminering, samtidig som ingrediensenes aktivitet opprettholdes, og produktets sikkerhet og holdbarhet sikres.<\/p>","protected":false},"excerpt":{"rendered":"Sensitive Toothpaste Manufacturing Common Formulas It mainly uses potassium nitrate and nano-hydroxyapatite active ingredients to reduce tooth sensitivity, effectively reduce the severe pain caused by stimulation by blocking pain signals from reaching nerve endings, and form a dense protective layer on the tooth surface, which can not only resist external stimuli, but also promote enamel [&hellip;]","protected":false},"featured_media":3646,"menu_order":0,"template":"","meta":[],"product-tag":[],"products":[71],"class_list":["post-3645","product","type-product","status-publish","has-post-thumbnail","hentry","products-toothpaste"],"acf":[],"_links":{"self":[{"href":"https:\/\/www.ruiqigo.com\/nb\/wp-json\/wp\/v2\/product\/3645","targetHints":{"allow":["GET"]}}],"collection":[{"href":"https:\/\/www.ruiqigo.com\/nb\/wp-json\/wp\/v2\/product"}],"about":[{"href":"https:\/\/www.ruiqigo.com\/nb\/wp-json\/wp\/v2\/types\/product"}],"version-history":[{"count":0,"href":"https:\/\/www.ruiqigo.com\/nb\/wp-json\/wp\/v2\/product\/3645\/revisions"}],"wp:featuredmedia":[{"embeddable":true,"href":"https:\/\/www.ruiqigo.com\/nb\/wp-json\/wp\/v2\/media\/3646"}],"wp:attachment":[{"href":"https:\/\/www.ruiqigo.com\/nb\/wp-json\/wp\/v2\/media?parent=3645"}],"wp:term":[{"taxonomy":"product-tag","embeddable":true,"href":"https:\/\/www.ruiqigo.com\/nb\/wp-json\/wp\/v2\/product-tag?post=3645"},{"taxonomy":"products","embeddable":true,"href":"https:\/\/www.ruiqigo.com\/nb\/wp-json\/wp\/v2\/products?post=3645"}],"curies":[{"name":"wp","href":"https:\/\/api.w.org\/{rel}","templated":true}]}}