{"id":3650,"date":"2025-06-16T16:18:09","date_gmt":"2025-06-16T08:18:09","guid":{"rendered":"https:\/\/www.ruiqigo.com\/?post_type=product&#038;p=3650"},"modified":"2025-06-19T09:17:47","modified_gmt":"2025-06-19T01:17:47","slug":"restorative-conditioner","status":"publish","type":"product","link":"https:\/\/www.ruiqigo.com\/nb\/product\/restorative-conditioner","title":{"rendered":"Restorativ balsam"},"content":{"rendered":"<h2 class=\"wp-block-heading\">Vanlige formler for produksjon av gjenopprettende balsam<\/h2>\n\n\n\n<p>Restorativ balsam best\u00e5r hovedsakelig av aminosyrer, kokos- og jackfruktplanteekstrakter og chiafr\u00f8. Aminosyrer har utmerkede fuktighetsgivende og n\u00e6rende effekter, og gir n\u00e6ringsstoffer til h\u00e5r og hodebunn i dybden. Kokos- og jackfruktekstrakter er rike p\u00e5 naturlige n\u00e6ringsstoffer, som ytterligere gir fuktighet og n\u00e6ring, og forbedrer h\u00e5rets mykhet. Chiafr\u00f8 kan reparere synligheten av eksisterende skader samtidig som de motst\u00e5r fremtidig skade. Som en profesjonell produsent av restorativ balsam er vi forpliktet til \u00e5 glatte ut krusete h\u00e5r for personer med skadet h\u00e5r, trenge dypt inn i og gi fuktighet, forbedre glansl\u00f8st h\u00e5r og oppn\u00e5 mykhet og helse fra innsiden og ut.<\/p>\n\n\n\n<h2 class=\"wp-block-heading\">Gjeldende scenarier for gjenopprettende balsam<\/h2>\n\n\n\n<p>Restorative balsamer er essensielle i alle h\u00e5rpleiescenarioer. Etter kjemiske behandlinger som permanent og farging blir h\u00e5ret spr\u00f8tt og matt. Denne balsamen inneholder aminosyrer og planteekstrakter for \u00e5 reparere skadede h\u00e5rstr\u00e5 og gjenopprette h\u00e5rets mykhet og glans. For de som ofte bruker varmestylingverkt\u00f8y, kan formelen med gjenopprettende ingredienser som chiafr\u00f8 motvirke varmeskader og redusere h\u00e5rbrudd. Enten det er for \u00e5 redde overbehandlet h\u00e5r, beskytte h\u00e5ret etter varmestyling eller temme naturlig krusete og t\u00f8rt h\u00e5r, kan Restorative balsamer dekke dine behov.<\/p>\n\n\n\n<h2 class=\"wp-block-heading\">Produksjonsprosess for gjenopprettende balsam<\/h2>\n\n\n\n<p>Restorative balsam f\u00f8lger en profesjonell produksjonsprosess. R\u00e5varer som aminosyrer, kokosn\u00f8tt- og jackfruktekstrakter blir strengt screenet for \u00e5 sikre kvalitet og renhet. Under produksjonen kontrolleres temperatur og trykk strengt i prosesser som emulgering for \u00e5 unng\u00e5 tap av aktive ingredienser. Til slutt brukes milj\u00f8vennlige og giftfrie emballasjematerialer. Denne produksjonsprosessen garanterer kvaliteten og effektiviteten til restorative balsam og oppn\u00e5r effektiv h\u00e5rreparasjon.<\/p>","protected":false},"excerpt":{"rendered":"Restorative conditioner manufacturing common formulas Restorative conditioner is mainly composed of amino acids, coconut and jackfruit plant extracts, and chia seeds. Amino acids have excellent moisturizing and nourishing effects, deeply replenishing nutrients for hair and scalp; coconut and jackfruit extracts are rich in natural nutrients, further replenishing moisture and nourishing, and improving hair softness; chia [&hellip;]","protected":false},"featured_media":3652,"menu_order":0,"template":"","meta":[],"product-tag":[],"products":[52],"class_list":["post-3650","product","type-product","status-publish","has-post-thumbnail","hentry","products-conditioner"],"acf":[],"_links":{"self":[{"href":"https:\/\/www.ruiqigo.com\/nb\/wp-json\/wp\/v2\/product\/3650","targetHints":{"allow":["GET"]}}],"collection":[{"href":"https:\/\/www.ruiqigo.com\/nb\/wp-json\/wp\/v2\/product"}],"about":[{"href":"https:\/\/www.ruiqigo.com\/nb\/wp-json\/wp\/v2\/types\/product"}],"version-history":[{"count":0,"href":"https:\/\/www.ruiqigo.com\/nb\/wp-json\/wp\/v2\/product\/3650\/revisions"}],"wp:featuredmedia":[{"embeddable":true,"href":"https:\/\/www.ruiqigo.com\/nb\/wp-json\/wp\/v2\/media\/3652"}],"wp:attachment":[{"href":"https:\/\/www.ruiqigo.com\/nb\/wp-json\/wp\/v2\/media?parent=3650"}],"wp:term":[{"taxonomy":"product-tag","embeddable":true,"href":"https:\/\/www.ruiqigo.com\/nb\/wp-json\/wp\/v2\/product-tag?post=3650"},{"taxonomy":"products","embeddable":true,"href":"https:\/\/www.ruiqigo.com\/nb\/wp-json\/wp\/v2\/products?post=3650"}],"curies":[{"name":"wp","href":"https:\/\/api.w.org\/{rel}","templated":true}]}}