{"id":3659,"date":"2025-06-17T11:21:26","date_gmt":"2025-06-17T03:21:26","guid":{"rendered":"https:\/\/www.ruiqigo.com\/?post_type=product&#038;p=3659"},"modified":"2025-06-19T09:15:23","modified_gmt":"2025-06-19T01:15:23","slug":"cleansing-conditioner","status":"publish","type":"product","link":"https:\/\/www.ruiqigo.com\/nb\/product\/cleansing-conditioner","title":{"rendered":"Rensende balsam"},"content":{"rendered":"<h2 class=\"wp-block-heading\">Vanlige formler for produksjon av rensebalsam<\/h2>\n\n\n\n<p>Rensende balsam er n\u00f8ye formulert med en rekke viktige naturlige ingredienser for \u00e5 oppn\u00e5 sk\u00e5nsom rensing og n\u00e6rende pleie. Rosmarin eterisk olje har forfriskende egenskaper, som ikke bare kan bekjempe t\u00f8rrhet og kl\u00f8e i hodebunnen, rense hodebunnen, men ogs\u00e5 l\u00f8se flassproblemer og skape et sunnere hodebunnsmilj\u00f8. Arganolje er rik p\u00e5 fettsyrer og vitaminer, som kan trenge dypt inn i h\u00e5ret for \u00e5 etterfylle fuktighet, glatte ut krus, forbedre h\u00e5rets naturlige glans og gj\u00f8re h\u00e5ret mykt og lett \u00e5 h\u00e5ndtere. Jojobaolje har en sammensetning som ligner p\u00e5 den naturlige talgen i hodebunnen. Det er en lett fuktighetskrem som kan pleie uten \u00e5 belaste h\u00e5ret, bidra til \u00e5 reparere skadet h\u00e5r og forbedre h\u00e5rets elastisitet. Disse n\u00f8ye utvalgte ingrediensene jobber sammen for \u00e5 skape en rensende balsam som effektivt kan rense, pleie, reparere og beskytte h\u00e5ret, slik at h\u00e5ret blir rent, forfrisket og utstr\u00e5ler naturlig glans.<\/p>\n\n\n\n<h2 class=\"wp-block-heading\">Gjeldende scenarier for rensebalsam<\/h2>\n\n\n\n<p>Rensende balsam er perfekt for enhver h\u00e5rpleierutine. Til daglig bruk er de perfekte for de som \u00f8nsker en sk\u00e5nsom rens uten \u00e5 fjerne h\u00e5rets naturlige oljer. Til bruk etter trening kan de friske opp svett, fett h\u00e5r samtidig som de gir n\u00e6ring. De er ogs\u00e5 supre for skadet eller fargebehandlet h\u00e5r, ettersom den sk\u00e5nsomme formelen beskytter skj\u00f8re h\u00e5rstr\u00e5. Enten det er en rask vask hjemme, p\u00e5 farten eller etter eksponering for elementene, gir rensende balsam rent, glatt og h\u00e5ndterbart h\u00e5r i enhver situasjon.<\/p>\n\n\n\n<h2 class=\"wp-block-heading\">Hvem passer rensebalsam for?<\/h2>\n\n\n\n<p>Clarifying Conditioner passer for alle. For de som har t\u00f8rt og skadet h\u00e5r p\u00e5 grunn av hyppig farging, varmestyling eller milj\u00f8faktorer, kan den fuktighetsgivende og reparerende formelen bidra til \u00e5 gjenopprette smidighet og styrke. De med fett h\u00e5r kan bruke dens sk\u00e5nsomme rensende, ikke-irriterende og hodebunnsfriskende egenskaper for \u00e5 forbedre oljete h\u00e5r. De med sunt h\u00e5r kan ogs\u00e5 bruke den for \u00e5 opprettholde fuktighet og h\u00e5ndterbarhet. Enten du har spr\u00f8tt h\u00e5r etter kjemiske behandlinger, fett h\u00e5r som trenger en sk\u00e5nsom oppfriskning, eller bare \u00f8nsker \u00e5 holde h\u00e5ret i best mulig stand, kan Clarifying Conditioner gi skreddersydd pleie for \u00e5 gi deg glattere og mer livlig h\u00e5r.<\/p>\n\n\n\n<h2 class=\"wp-block-heading\">Produksjonsprosess for rensebalsam<\/h2>\n\n\n\n<p>Produksjonen av rensende balsam krever en streng prosess for \u00e5 sikre kvalitet. Naturlige ingredienser som arganolje og jojobaolje er n\u00f8ye utvalgt for \u00e5 sikre deres renhet og effektivitet. Under formuleringsutviklingsfasen kombineres disse ingrediensene med milde overflateaktive stoffer og balsam. Under produksjonsprosessen kontrolleres temperatur og tid strengt for \u00e5 optimalisere synergien mellom ingrediensene og bevare aktiviteten til de pleiende ingrediensene. Til slutt brukes milj\u00f8vennlige og giftfrie emballasjematerialer for \u00e5 sikre produktets integritet og brukersikkerhet. Hvert trinn, fra ingrediensscreening til emballasje, har som m\u00e5l \u00e5 skape en rensende balsam som effektivt kan rense, gi n\u00e6ring til og beskytte h\u00e5ret, samtidig som den oppfyller h\u00f8ye kvalitets- og b\u00e6rekraftsstandarder.<\/p>\n\n\n\n<p><\/p>","protected":false},"excerpt":{"rendered":"Cleansing conditioner manufacturing common formulas The cleansing conditioner is carefully formulated with a variety of key natural ingredients to achieve gentle cleansing and nourishing care. Rosemary essential oil has refreshing properties, which can not only fight dryness and itching of the scalp, purify the scalp, but also solve dandruff problems and create a healthier scalp [&hellip;]","protected":false},"featured_media":3660,"menu_order":0,"template":"","meta":[],"product-tag":[],"products":[52],"class_list":["post-3659","product","type-product","status-publish","has-post-thumbnail","hentry","products-conditioner"],"acf":[],"_links":{"self":[{"href":"https:\/\/www.ruiqigo.com\/nb\/wp-json\/wp\/v2\/product\/3659","targetHints":{"allow":["GET"]}}],"collection":[{"href":"https:\/\/www.ruiqigo.com\/nb\/wp-json\/wp\/v2\/product"}],"about":[{"href":"https:\/\/www.ruiqigo.com\/nb\/wp-json\/wp\/v2\/types\/product"}],"version-history":[{"count":0,"href":"https:\/\/www.ruiqigo.com\/nb\/wp-json\/wp\/v2\/product\/3659\/revisions"}],"wp:featuredmedia":[{"embeddable":true,"href":"https:\/\/www.ruiqigo.com\/nb\/wp-json\/wp\/v2\/media\/3660"}],"wp:attachment":[{"href":"https:\/\/www.ruiqigo.com\/nb\/wp-json\/wp\/v2\/media?parent=3659"}],"wp:term":[{"taxonomy":"product-tag","embeddable":true,"href":"https:\/\/www.ruiqigo.com\/nb\/wp-json\/wp\/v2\/product-tag?post=3659"},{"taxonomy":"products","embeddable":true,"href":"https:\/\/www.ruiqigo.com\/nb\/wp-json\/wp\/v2\/products?post=3659"}],"curies":[{"name":"wp","href":"https:\/\/api.w.org\/{rel}","templated":true}]}}