{"id":366,"date":"2024-07-08T09:50:29","date_gmt":"2024-07-08T01:50:29","guid":{"rendered":"https:\/\/ruiqigo.com\/?post_type=product&#038;p=366"},"modified":"2024-10-28T15:36:38","modified_gmt":"2024-10-28T07:36:38","slug":"vanilla-body-wash","status":"publish","type":"product","link":"https:\/\/www.ruiqigo.com\/nb\/product\/vanilla-body-wash","title":{"rendered":"Vanilje dusjs\u00e5pe"},"content":{"rendered":"<h3 class=\"wp-block-heading\">Vanilje dusjs\u00e5peproduksjon Vanlige formler<\/h3>\n\n\n\n<p>Kjerneingrediensen i denne vaniljedusjs\u00e5pen er naturlig eterisk vaniljeolje. Vaniljeolje er rik p\u00e5 naturlige fyton\u00e6ringsstoffer som vitaminer og mineraler, som ikke bare gir en duft av badetid, men ogs\u00e5 gir n\u00e6ring til huden. Samtidig har vi ogs\u00e5 tilsatt havregryn, kamille og andre naturlige planteekstrakter i formelen, som kan rense huden sk\u00e5nsomt, men ogs\u00e5 gi huden en mer pleiende effekt. Alle ingrediensene er strengt testet for \u00e5 sikre produktets sikkerhet og effektivitet, for \u00e5 gi deg naturlige badeprodukter av h\u00f8y kvalitet.<\/p>\n\n\n\n<h3 class=\"wp-block-heading\">Vanilje dusjs\u00e5pe Gjeldende scenarier<\/h3>\n\n\n\n<p>Denne vaniljedusjs\u00e5pen passer for alle \u00e5rstider og klima. I den lidenskapelige sommeren kan den friske og behagelige duften gi total avslapning, men den kan ogs\u00e5 holde huden frisk og ren. I den kalde og t\u00f8rre vinteren kan de rike, n\u00e6rende ingrediensene gi omfattende pleie for huden for \u00e5 lindre t\u00f8rrhet og andre problemer.<\/p>\n\n\n\n<h3 class=\"wp-block-heading\">Hvem er Vanilla dusjs\u00e5pe for<\/h3>\n\n\n\n<p>Med sine beroligende og fuktighetsgivende egenskaper er vanilje dusjs\u00e5pe egnet for alle hudtyper, spesielt for brukere som s\u00f8ker en naturlig aromatisk opplevelse. For de med t\u00f8rr hud eller som trenger avslapning, gir de milde og fuktighetsgivende effektene av vanilje den ideelle badebehandlingen. Den er ogs\u00e5 egnet for de som er milj\u00f8bevisste, ettersom produktet er pakket i milj\u00f8vennlige materialer.<\/p>\n\n\n\n<h3 class=\"wp-block-heading\">Produksjonsprosess for vanilje dusjs\u00e5pe<\/h3>\n\n\n\n<p>I produksjonen av Vanilla Body Wash brukes n\u00f8ye utvalgte vaniljeb\u00f8nner for \u00e5 utvinne duften, og den naturlige aromaen og hudpleieingrediensene i vanilje bevares gjennom en kald ekstraksjonsprosess. Under produksjonsprosessen kontrolleres forholdet og pH-verdien i formelen strengt for \u00e5 sikre at produktet er mildt og ikke-irriterende, samtidig som hudens naturlige pH-balanse opprettholdes.<\/p>","protected":false},"excerpt":{"rendered":"Vanilla body wash manufacturing Common Formulas The core ingredient of this Vanilla Body Wash is natural vanilla essential oil. Vanilla essential oil is rich in natural phytonutrients such as vitamins and minerals, which not only make bath time scented, but also nourish the skin. At the same time, we also added oatmeal, chamomile and other [&hellip;]","protected":false},"featured_media":367,"menu_order":0,"template":"","meta":[],"product-tag":[],"products":[57],"class_list":["post-366","product","type-product","status-publish","has-post-thumbnail","hentry","products-body-wash"],"acf":[],"_links":{"self":[{"href":"https:\/\/www.ruiqigo.com\/nb\/wp-json\/wp\/v2\/product\/366","targetHints":{"allow":["GET"]}}],"collection":[{"href":"https:\/\/www.ruiqigo.com\/nb\/wp-json\/wp\/v2\/product"}],"about":[{"href":"https:\/\/www.ruiqigo.com\/nb\/wp-json\/wp\/v2\/types\/product"}],"version-history":[{"count":0,"href":"https:\/\/www.ruiqigo.com\/nb\/wp-json\/wp\/v2\/product\/366\/revisions"}],"wp:featuredmedia":[{"embeddable":true,"href":"https:\/\/www.ruiqigo.com\/nb\/wp-json\/wp\/v2\/media\/367"}],"wp:attachment":[{"href":"https:\/\/www.ruiqigo.com\/nb\/wp-json\/wp\/v2\/media?parent=366"}],"wp:term":[{"taxonomy":"product-tag","embeddable":true,"href":"https:\/\/www.ruiqigo.com\/nb\/wp-json\/wp\/v2\/product-tag?post=366"},{"taxonomy":"products","embeddable":true,"href":"https:\/\/www.ruiqigo.com\/nb\/wp-json\/wp\/v2\/products?post=366"}],"curies":[{"name":"wp","href":"https:\/\/api.w.org\/{rel}","templated":true}]}}