{"id":3665,"date":"2025-06-18T15:07:52","date_gmt":"2025-06-18T07:07:52","guid":{"rendered":"https:\/\/www.ruiqigo.com\/?post_type=product&#038;p=3665"},"modified":"2025-06-18T15:07:52","modified_gmt":"2025-06-18T07:07:52","slug":"body-wash-for-women","status":"publish","type":"product","link":"https:\/\/www.ruiqigo.com\/nb\/product\/body-wash-for-women","title":{"rendered":"Kroppss\u00e5pe for kvinner"},"content":{"rendered":"<h2 class=\"wp-block-heading\">Kroppss\u00e5pe for kvinner som produserer vanlige formler<\/h2>\n\n\n\n<p>Som en profesjonell produsent av dusjs\u00e5pe for kvinner, velger vi naturlige planteessenser, sv\u00e6rt effektive fuktighetsgivende og dypt n\u00e6rende ingredienser, og er forpliktet til \u00e5 gi sk\u00e5nsom og effektiv rensing og fuktighetsgivende reparasjon for kvinner. Disse ingrediensene fukter huden i dybden, styrker dens naturlige barriere, hjelper huden \u00e5 holde seg hydrert, sunn og skinnende, og gj\u00f8r hvert bad til et \u00f8yeblikk med sk\u00e5nsom pleie.\u00a0 <\/p>\n\n\n\n<p><strong>1. Kokosolje:<\/strong> Som et naturlig rensemiddel kan kokosolje sk\u00e5nsomt fjerne smuss og olje samtidig som den fukter huden. Den rike fettsyresammensetningen bidrar ogs\u00e5 til \u00e5 opprettholde hudbarrieren, forhindre fuktighetstap og holde huden glatt og elastisk etter rensing.&nbsp;<\/p>\n\n\n\n<p><strong>2. Glyserin: <\/strong>Glyserin er et sv\u00e6rt effektivt fuktighetsgivende molekyl som absorberer fuktighet fra luften, gir langvarig fuktighet til huden, reduserer effektivt t\u00f8rrhet og stramhet etter vask, og s\u00f8rger for at huden er myk og fuktet. De milde egenskapene er spesielt egnet for sensitiv hud og bidrar til \u00e5 opprettholde hudens komfort.&nbsp;<\/p>\n\n\n\n<p><strong>3. E-vitamin: <\/strong>Dette er en sterk antioksidant som kan hjelpe huden med \u00e5 motst\u00e5 skader fra frie radikaler, beskytte huden mot milj\u00f8p\u00e5virkninger og forsinke hudens aldring. Den har ogs\u00e5 visse reparerende og lindrende effekter, noe som gj\u00f8r bading til det f\u00f8rste trinnet i antialdringspleie.&nbsp;<\/p>\n\n\n\n<p><strong>4. Sheasm\u00f8r:<\/strong> Sheasm\u00f8r er en dypt fuktighetsgivende ingrediens, rik p\u00e5 naturlige fettsyrer og vitamin E. Den kan danne en beskyttende film p\u00e5 hudoverflaten, effektivt forhindre t\u00f8rrhet og ruhet, og forbedre hudens mykhet og elastisitet.&nbsp;<\/p>\n\n\n\n<p><strong>5. Ceramid:<\/strong> Dette er en naturlig lipidkomponent og en viktig del av hudbarrieren. Den kan forbedre beskyttelsen av stratum corneum, redusere vanntap og forbedre hudens motstand mot ytre stimuli. Den er sv\u00e6rt godt egnet for t\u00f8rr hud og sensitiv hud.&nbsp;<\/p>\n\n\n\n<p><strong>6. Natriumhyaluronat:<\/strong> Natriumhyaluronat er en kraftig fuktighetsgivende ingrediens med utmerket vannl\u00e5sende evne. Den kan kontinuerlig fukte huden etter bading og forsterke den fuktige og str\u00e5lende f\u00f8lelsen. Den passer for kvinner i alle aldre.&nbsp;<\/p>\n\n\n\n<h2 class=\"wp-block-heading\">Funksjonene til kroppss\u00e5pe for kvinner<\/h2>\n\n\n\n<p>V\u00e5r dusjs\u00e5pe for kvinner har en unik formel og utmerket ytelse, og kombinerer naturlige ingredienser og avansert teknologi for \u00e5 gi huden flere fordeler.&nbsp;<\/p>\n\n\n\n<p><strong>1. Sk\u00e5nsom rensing:<\/strong> Formelen for dusjs\u00e5pen for kvinner bruker milde overflateaktive stoffer som effektivt kan rense huden uten \u00e5 skade hudens naturlige barriere. Den er spesielt egnet for sensitiv hud for \u00e5 unng\u00e5 irritasjon og ubehag.&nbsp;<\/p>\n\n\n\n<p><strong>2. Langvarig dyp fuktighetsgivende:<\/strong> Kroppss\u00e5pe for kvinner er rik p\u00e5 en rekke fuktighetsgivende ingredienser, som glyserin, panthenol, etc., som fukter huden i dybden, holder p\u00e5 fuktigheten etter bading, holder huden hydrert, myk og ikke t\u00f8rr, og reduserer stramhet.\u00a0<\/p>\n\n\n\n<p><strong>3. Styrk hudbarrieren:<\/strong> Dette produktet er formulert med ingredienser som ceramid og vitamin E, som effektivt kan forbedre hudens selvreparasjon og motstandsevne etter bading, styrke hudbarrieren, forbedre hudens evne til \u00e5 motst\u00e5 ytre stimuli og opprettholde sunne hudtilstander.&nbsp;<\/p>\n\n\n\n<p><strong>4. Design som er vennlig for sensitiv hud:<\/strong> V\u00e5r dusjs\u00e5pe for kvinner har en s\u00e5pefri, alkoholfri og lavirriterende formel, kombinert med beroligende ingredienser, som ikke skader huden og er sv\u00e6rt sk\u00e5nsom mot sensitiv hud.\u00a0<\/p>\n\n\n\n<p><strong>5. Langvarig og behagelig duft:<\/strong> Kroppss\u00e5pe for kvinner bruker naturlig planteduft, duften er naturlig og langvarig, noe som effektivt kan forsterke nytelsen ved bruk.&nbsp;<\/p>\n\n\n\n<h2 class=\"wp-block-heading\">Slik bruker du kroppsvask for kvinner<\/h2>\n\n\n\n<p>Med bare noen f\u00e5 enkle trinn kan du nyte de mange effektene av sk\u00e5nsom rensing, dyp fuktighetsgivende effekt og langvarig duft. Det anbefales \u00e5 bruke den med en badeball eller et skummende nett for \u00e5 forbedre rensekraften.&nbsp;<\/p>\n\n\n\n<p>1. Fukt huden over hele kroppen, ta en passende mengde dusjs\u00e5pe i h\u00e5ndflaten eller p\u00e5 badeballen, og gni forsiktig til det dannes et rikt skum.<\/p>\n\n\n\n<p>2. P\u00e5f\u00f8r det jevnt over hele kroppen og masser huden forsiktig. V\u00e6r spesielt oppmerksom p\u00e5 t\u00f8rre eller ru omr\u00e5der.<\/p>\n\n\n\n<p>3. Skyll grundig med rent vann for \u00e5 sikre at det ikke er noen rester.<\/p>\n\n\n\n<p>4. Etter bading kan du bruke den med bodylotion eller eterisk olje for \u00e5 forsterke fuktighetsgivende effekten.<\/p>\n\n\n\n<h2 class=\"wp-block-heading\">Forsiktighet<\/h2>\n\n\n\n<p>For \u00e5 sikre trygg og effektiv bruk av dusjs\u00e5pe for kvinner, f\u00f8lg disse tipsene for \u00e5 f\u00e5 den beste behandlingsopplevelsen og unng\u00e5 potensielle problemer.&nbsp;<\/p>\n\n\n\n<p><strong>1. Allergitest:<\/strong> Det anbefales \u00e5 utf\u00f8re en lokal hudtest f\u00f8r f\u00f8rste gangs bruk for \u00e5 sikre at det ikke er noen allergisk reaksjon f\u00f8r bruk p\u00e5 et stort omr\u00e5de. Hvis det oppst\u00e5r en allergisk reaksjon eller ubehag, m\u00e5 du slutte \u00e5 bruke produktet umiddelbart og kontakte lege.&nbsp;<\/p>\n\n\n\n<p><strong>2. Unng\u00e5 kontakt med \u00f8ynene:<\/strong> Unng\u00e5 kontakt mellom dusjs\u00e5pen og \u00f8ynene under bruk. Hvis det kommer i \u00f8ynene ved et uhell, skyll straks med rent vann for \u00e5 unng\u00e5 ubehag eller irritasjon.&nbsp;<\/p>\n\n\n\n<p><strong>3. Forholdsregler ved oppbevaring:<\/strong> Oppbevares kj\u00f8lig og t\u00f8rt, og unng\u00e5 direkte sollys. Oppbevares utilgjengelig for barn for \u00e5 unng\u00e5 utilsiktet svelging.&nbsp;<\/p>\n\n\n\n<p><strong>4. Anbefalt bruksfrekvens: <\/strong>Det anbefales \u00e5 bruke den \u00e9n gang daglig for \u00e5 unng\u00e5 overdreven rengj\u00f8ring som kan skade barrieren.&nbsp;<\/p>\n\n\n\n<h2 class=\"wp-block-heading\">Konklusjon<\/h2>\n\n\n\n<p>Body Wash for Women er et kroppspleieprodukt av h\u00f8y kvalitet som er sk\u00e5nsomt, rensende og dypt n\u00e6rende. Kjernefordelene er en trygg formel, komfortabel bruk og utmerket ytelse, som kan m\u00f8te kvinners mange behov for rensing, fuktighet og nytelse. Vedvarende bruk kan effektivt forbedre ruhet og t\u00f8rrhet i huden, og forbedre den generelle hudf\u00f8lelsen og glansen.<\/p>","protected":false},"excerpt":{"rendered":"Body Wash For Women Manufacturing Common Formulas As a professional body wash for women manufacturer, we select natural plant essences, highly effective moisturizing and deeply nourishing ingredients, and are committed to providing gentle and effective cleansing and moisturizing repair for women. These ingredients deeply moisturize the skin, strengthen its natural barrier, help the skin stay [&hellip;]","protected":false},"featured_media":3666,"menu_order":0,"template":"","meta":[],"product-tag":[],"products":[57],"class_list":["post-3665","product","type-product","status-publish","has-post-thumbnail","hentry","products-body-wash"],"acf":[],"_links":{"self":[{"href":"https:\/\/www.ruiqigo.com\/nb\/wp-json\/wp\/v2\/product\/3665","targetHints":{"allow":["GET"]}}],"collection":[{"href":"https:\/\/www.ruiqigo.com\/nb\/wp-json\/wp\/v2\/product"}],"about":[{"href":"https:\/\/www.ruiqigo.com\/nb\/wp-json\/wp\/v2\/types\/product"}],"version-history":[{"count":0,"href":"https:\/\/www.ruiqigo.com\/nb\/wp-json\/wp\/v2\/product\/3665\/revisions"}],"wp:featuredmedia":[{"embeddable":true,"href":"https:\/\/www.ruiqigo.com\/nb\/wp-json\/wp\/v2\/media\/3666"}],"wp:attachment":[{"href":"https:\/\/www.ruiqigo.com\/nb\/wp-json\/wp\/v2\/media?parent=3665"}],"wp:term":[{"taxonomy":"product-tag","embeddable":true,"href":"https:\/\/www.ruiqigo.com\/nb\/wp-json\/wp\/v2\/product-tag?post=3665"},{"taxonomy":"products","embeddable":true,"href":"https:\/\/www.ruiqigo.com\/nb\/wp-json\/wp\/v2\/products?post=3665"}],"curies":[{"name":"wp","href":"https:\/\/api.w.org\/{rel}","templated":true}]}}