{"id":3671,"date":"2025-06-18T11:10:21","date_gmt":"2025-06-18T03:10:21","guid":{"rendered":"https:\/\/www.ruiqigo.com\/?post_type=product&#038;p=3671"},"modified":"2025-06-19T09:09:34","modified_gmt":"2025-06-19T01:09:34","slug":"herbal-essences-conditioner","status":"publish","type":"product","link":"https:\/\/www.ruiqigo.com\/nb\/product\/herbal-essences-conditioner","title":{"rendered":"Herbal Essences Balsam"},"content":{"rendered":"<h2 class=\"wp-block-heading\">Vanlige formler for produksjon av balsam fra urteessenser<\/h2>\n\n\n\n<p>Denne REAL SPRING Herbal Essences-balsamen bruker en rekke naturlige ingredienser for \u00e5 skape en sk\u00e5nsom og effektiv h\u00e5rpleiel\u00f8sning. Kokosolje er rik p\u00e5 fettsyrer, som kan trenge inn i h\u00e5ret for \u00e5 holde p\u00e5 fuktighet, bekjempe t\u00f8rrhet og forbedre smidigheten. Arganolje er rik p\u00e5 vitaminer og antioksidanter, som glatter ut krus, gir glans og styrker h\u00e5ret fra rot til tupp. Avokadoolje bruker n\u00e6ringsstoffer som oljesyre for \u00e5 gi dyp n\u00e6ring, reparere skader og forbedre h\u00e5rets elastisitet. Disse ingrediensene fungerer sammen for \u00e5 la balsamen sk\u00e5nsomt rense rester og gi h\u00e5ret full n\u00e6ring, slik at h\u00e5ret blir silkemykt og lett \u00e5 h\u00e5ndtere med en naturlig glans.<\/p>\n\n\n\n<h2 class=\"wp-block-heading\">Anvendbare scenarier for balsam med urteessenser<\/h2>\n\n\n\n<p>Urteessensbalsam er egnet for en rekke h\u00e5rpleiebehov. For daglig h\u00e5rpleie kan de sk\u00e5nsomt gi n\u00e6ring til og glatte ut h\u00e5ret, slik at det blir mykt og lett \u00e5 h\u00e5ndtere uten \u00e5 for\u00e5rsake noen belastning. Etter en dag med sol og vind kan de fylle p\u00e5 fuktigheten og reparere mindre skader for\u00e5rsaket av milj\u00f8faktorer. For t\u00f8rt og krusete h\u00e5r kan kontinuerlig bruk gj\u00f8re h\u00e5ret glattere og forbedre dets naturlige glans. Enten det er regelmessig stell hjemme, \u00e5 holde h\u00e5ret pent p\u00e5 reise, eller etter bruk av stylingprodukter, kan urteessensbalsam effektivt pleie og sikre at h\u00e5ret ditt opprettholder et sunt utseende og er lett \u00e5 style i ulike scenarier.<\/p>\n\n\n\n<h2 class=\"wp-block-heading\">Hvem passer Herbal Essences balsam for?<\/h2>\n\n\n\n<p>Herbal Essence Conditioner passer for et bredt spekter av mennesker. Egnet for t\u00f8rt og krusete h\u00e5r, planteessensielle oljer (som kokosolje og arganolje) fukter og temmer krusete h\u00e5r i dybden. Personer med farget h\u00e5r drar ogs\u00e5 nytte av de milde urteekstraktene som beskytter og l\u00e5ser fargen uten \u00e5 skade h\u00e5ret. For de som har h\u00e5r som er skadet av varmestyling og kjemisk skade, kan den n\u00e6rende formelen reparere og styrke h\u00e5ret. Selv for fett h\u00e5r kan de lette naturlige ingrediensene sk\u00e5nsomt rense, balansere oljen uten \u00e5 t\u00f8rke ut h\u00e5ret. Enten det er daglig vedlikehold av sunt h\u00e5r eller m\u00e5lrettet reparasjon av skadet h\u00e5r, kan den gi n\u00e6ring og gj\u00f8re h\u00e5ret glattere og sterkere.<\/p>\n\n\n\n<h2 class=\"wp-block-heading\">Produksjonsprosess for balsam med urteessenser<\/h2>\n\n\n\n<p>Produksjonen av Herbal essence-balsam f\u00f8lger en streng flertrinnsprosess for \u00e5 sikre kvalitet. F\u00f8rst blir naturlige ingredienser som kokosolje, n\u00f8tteolje og planteekstrakter n\u00f8ye utvalgt, og leverand\u00f8rene blir strengt revidert for \u00e5 sikre deres renhet, b\u00e6rekraft og effektivitet. I l\u00f8pet av formuleringsutviklingsfasen blandes disse naturlige ingrediensene med milde emulgatorer, fuktighetskremer og h\u00e5rpleieingredienser. Under produksjonsprosessen kontrolleres temperaturen og blandetiden n\u00f8yaktig for \u00e5 optimalisere synergien mellom ingrediensene og bevare aktiviteten til de n\u00e6rende ingrediensene. Etter blanding testes produktet for konsistens og sikkerhetskvalitet. Til slutt pakkes det i milj\u00f8vennlige og giftfrie emballasjematerialer. Hvert trinn fra ingrediensvalg til emballasje har som m\u00e5l \u00e5 skape en balsam som effektivt kan gi n\u00e6ring, glatte ut og beskytte h\u00e5ret, samtidig som den oppfyller h\u00f8ye kvalitets- og milj\u00f8standarder.<\/p>","protected":false},"excerpt":{"rendered":"Herbal essences conditioner manufacturing common formulas This REAL SPRING Herbal Essences Conditioner uses a variety of natural ingredients to create a gentle and effective hair care solution. Coconut oil is rich in fatty acids, which can penetrate the hair to lock in moisture, fight dryness, and improve suppleness; Argan oil is rich in vitamins and [&hellip;]","protected":false},"featured_media":3678,"menu_order":0,"template":"","meta":[],"product-tag":[],"products":[52],"class_list":["post-3671","product","type-product","status-publish","has-post-thumbnail","hentry","products-conditioner"],"acf":[],"_links":{"self":[{"href":"https:\/\/www.ruiqigo.com\/nb\/wp-json\/wp\/v2\/product\/3671","targetHints":{"allow":["GET"]}}],"collection":[{"href":"https:\/\/www.ruiqigo.com\/nb\/wp-json\/wp\/v2\/product"}],"about":[{"href":"https:\/\/www.ruiqigo.com\/nb\/wp-json\/wp\/v2\/types\/product"}],"version-history":[{"count":0,"href":"https:\/\/www.ruiqigo.com\/nb\/wp-json\/wp\/v2\/product\/3671\/revisions"}],"wp:featuredmedia":[{"embeddable":true,"href":"https:\/\/www.ruiqigo.com\/nb\/wp-json\/wp\/v2\/media\/3678"}],"wp:attachment":[{"href":"https:\/\/www.ruiqigo.com\/nb\/wp-json\/wp\/v2\/media?parent=3671"}],"wp:term":[{"taxonomy":"product-tag","embeddable":true,"href":"https:\/\/www.ruiqigo.com\/nb\/wp-json\/wp\/v2\/product-tag?post=3671"},{"taxonomy":"products","embeddable":true,"href":"https:\/\/www.ruiqigo.com\/nb\/wp-json\/wp\/v2\/products?post=3671"}],"curies":[{"name":"wp","href":"https:\/\/api.w.org\/{rel}","templated":true}]}}