{"id":3680,"date":"2025-06-18T17:20:18","date_gmt":"2025-06-18T09:20:18","guid":{"rendered":"https:\/\/www.ruiqigo.com\/?post_type=product&#038;p=3680"},"modified":"2025-06-19T09:13:24","modified_gmt":"2025-06-19T01:13:24","slug":"biotin-shampoo-and-conditioner","status":"publish","type":"product","link":"https:\/\/www.ruiqigo.com\/nb\/product\/biotin-shampoo-and-conditioner","title":{"rendered":"Biotin-sjampo og balsam"},"content":{"rendered":"<h2 class=\"wp-block-heading\">Vanlige formler for produksjon av biotinsjampo og balsam<\/h2>\n\n\n\n<p>N\u00e5r vi produserer denne biotin-sjampoen og balsamen, bruker vi en rekke naturlige ingredienser som samarbeider for \u00e5 rense, gi n\u00e6ring til, styrke h\u00e5ret og pleie hodebunnen.<\/p>\n\n\n\n<p>1. Biotin: Biotin, ogs\u00e5 kjent som vitamin B7, er kjerneingrediensen. Det spiller en n\u00f8kkelrolle i \u00e5 fremme keratinsyntese, redusere h\u00e5rbrudd, gj\u00f8re h\u00e5ret tykkere og forbedre h\u00e5rets generelle vitalitet ved \u00e5 forbedre h\u00e5rsekkenes helse, og legge et solid grunnlag for sterkt h\u00e5r.<\/p>\n\n\n\n<p>2. Lavendel: Lavendelekstrakt lindrer hodebunnen, lindrer irritasjon og kl\u00f8e, og den behagelige aromaen gir en f\u00f8lelse av avslapning n\u00e5r den brukes. Dens antioksidantegenskaper beskytter h\u00e5ret mot milj\u00f8skader, bidrar til \u00e5 balansere oljesekresjonen i hodebunnen, og gir ogs\u00e5 en lett og frisk blomsterduft for \u00e5 forbedre brukeropplevelsen.<\/p>\n\n\n\n<p>3. Ginseng: Ginseng-ekstrakt fremmer blodsirkulasjonen i hodebunnen og letter tilf\u00f8rselen av n\u00e6ringsstoffer til h\u00e5rsekkene. Det revitaliserer matt h\u00e5r, forbedrer h\u00e5rets styrke og elastisitet, og bidrar til \u00e5 forbedre problemer med h\u00e5rtynning ved \u00e5 optimalisere h\u00e5rsekkfunksjonen, noe som hjelper h\u00e5ret med \u00e5 gjenvinne vitaliteten.<\/p>\n\n\n\n<p>4. R\u00f8dalger: R\u00f8dalger er rike p\u00e5 mineraler, vitaminer og aminosyrer, som gir dyp fuktighet, danner en beskyttende hinne som holder p\u00e5 fuktigheten, beskytter mot ytre skader som UV-str\u00e5ler og forurensning, og glatter ogs\u00e5 ut h\u00e5rskjellene, gir h\u00e5ret glans og et sunnere utseende.<\/p>\n\n\n\n<p>5. Gardenia: Gardenia-ekstrakt pleier h\u00e5ret og gj\u00f8r det mykere og lettere \u00e5 h\u00e5ndtere. Naturlige ingredienser gir n\u00e6ring til hodebunnen, reduserer krus og gir en lett blomsterduft. De bidrar ogs\u00e5 til \u00e5 opprettholde helsen til hodebunnens mikrobioom og skaper et godt milj\u00f8 for h\u00e5rvekst.<\/p>\n\n\n\n<h2 class=\"wp-block-heading\">Funksjonene til biotin-sjampo og balsam<\/h2>\n\n\n\n<p>Som et profesjonelt biotinholdig h\u00e5rpleieprodukt kombinerer det de rensende fordelene til sjampo med de n\u00e6rende egenskapene til balsam, og bruker naturlige ingredienser som biotin, lavendel og ginseng for \u00e5 gi en sk\u00e5nsom og effektiv h\u00e5rpleieopplevelse.<\/p>\n\n\n\n<p>1. Sterk n\u00e6ring: Kjerneingrediensen biotin fremmer keratinproduksjon, styrker h\u00e5ret fra innsiden og ut, og kombineres med hydrolysert keratin for \u00e5 reparere skadet h\u00e5r, redusere h\u00e5rbrudd og gi dyp n\u00e6ring og revitalisere den generelle vitaliteten.<\/p>\n\n\n\n<p>2. Bevarer fuktighet: R\u00f8dalgeekstrakt bygger en vannl\u00e5sende barriere, gardenia- og lavendelekstrakter beroliger hodebunnen, gjenoppbygger synergistisk h\u00e5rfuktigheten, l\u00e5ser naturlig fuktighet, forhindrer t\u00f8rrhet og krus, og gj\u00f8r h\u00e5ret mykt, glatt og fuktet.<\/p>\n\n\n\n<p>3. Sk\u00e5nsom rens: Fjern irriterende sulfater og bruk sk\u00e5nsomme naturlige rengj\u00f8ringsingredienser for effektivt \u00e5 fjerne smuss, olje og rester. Renser samtidig som den bevarer h\u00e5rets naturlige oljer, egnet for daglig bruk og sensitiv hodebunn, forfriskende og ikke-irriterende etter vask.<\/p>\n\n\n\n<p>4. Pleie og lindring av hodebunnen: Ginseng fremmer blodsirkulasjonen og leverer n\u00e6ringsstoffer til h\u00e5rsekkene; lavendel og gardenia lindrer irritasjon, lindrer kl\u00f8e, balanserer hodebunnsolje, skaper et sunt h\u00e5rvekstmilj\u00f8 og forbedrer hodebunnskomforten.<\/p>\n\n\n\n<p>5. Lys og glatt: Hydrolysert keratin glatter ut h\u00e5rskjell, r\u00f8dalger gir glans, formelen retter ut krusete h\u00e5rstr\u00e5, reduserer floker, gir h\u00e5ret en naturlig og sunn glans og forbedrer h\u00e5ndterbarhet og skj\u00f8nnhet.<\/p>\n\n\n\n<p>6. Vennlig mot farget h\u00e5r: Den milde formelen skader ikke h\u00e5rskjell eller akselererer falming av fargen, bidrar til \u00e5 opprettholde lysstyrken til farget h\u00e5rfarge, beskytter farget h\u00e5r mot milj\u00f8skader, forlenger holdbarheten til h\u00e5rfargen og holder farget h\u00e5r skinnende.<\/p>\n\n\n\n<h2 class=\"wp-block-heading\">Slik bruker du biotinsjampo og balsam<\/h2>\n\n\n\n<p>V\u00e5re biotin-sjampo- og balsamprodukter er en kombinasjon av rensende og n\u00e6rende, egnet for en rekke h\u00e5rpleiebehov og enkle \u00e5 bruke.<\/p>\n\n\n\n<p>1. Fukt h\u00e5ret: Fukt f\u00f8rst h\u00e5ret med varmt vann for \u00e5 s\u00f8rge for at hvert h\u00e5rstr\u00e5 er fuktet, slik at produktet kan fordeles jevnt og virke fullt effektivt.<\/p>\n\n\n\n<p>2. P\u00e5f\u00f8r produktet: Klem en passende mengde produkt ut i h\u00e5ndflaten, gni hendene forsiktig for \u00e5 emulgere det litt, og p\u00e5f\u00f8r det deretter jevnt i hodebunnen og h\u00e5ret. Masser forsiktig hodebunnen i sirkelbevegelser i 1\u20132 minutter for \u00e5 fremme blodsirkulasjonen og la produktet gi full n\u00e6ring til hodebunnen og h\u00e5ret.<\/p>\n\n\n\n<p>3. Skyll grundig: Etter massasje, skyll h\u00e5ret med varmt vann til det ikke er noe produkt igjen. S\u00f8rg for at skummet og ingrediensene i formelen er vasket av for \u00e5 holde h\u00e5ret friskt og rent.<\/p>\n\n\n\n<p>4. Valgfri oppf\u00f8lging: Hvis h\u00e5ret ditt er t\u00f8rt eller skadet og du \u00f8nsker \u00e5 forbedre fuktighetsgivende egenskaper, kan du p\u00e5f\u00f8re en liten mengde eterisk h\u00e5rpleieolje i h\u00e5ret n\u00e5r det er litt fuktig. La det deretter luftt\u00f8rke naturlig eller f\u00f8n det med en h\u00e5rf\u00f8ner p\u00e5 lav temperatur for \u00e5 f\u00e5 en glatt tekstur.<\/p>\n\n\n\n<h2 class=\"wp-block-heading\">Forsiktighet<\/h2>\n\n\n\n<p>1. Velg riktig produkt i henhold til h\u00e5rtypen din for \u00e5 oppn\u00e5 best mulig resultat.<\/p>\n\n\n\n<p>2. P\u00e5f\u00f8r en liten mengde av produktet bak \u00f8ret n\u00e5r du bruker det for f\u00f8rste gang. Hvis du opplever allergiske reaksjoner som prikking eller r\u00f8dhet, m\u00e5 du slutte \u00e5 bruke det umiddelbart.<\/p>\n\n\n\n<p>3. Bruk produktet etter behov.<\/p>\n\n\n\n<p>4. For de fleste h\u00e5rtyper, bruk den 2\u20133 ganger i uken. For tynt eller fett h\u00e5r, \u00f8k til 3\u20134 ganger i uken. Med mindre h\u00e5ret ditt er ekstremt t\u00f8rt, kan hyppig bruk forstyrre den naturlige balansen i hodebunnen.<\/p>\n\n\n\n<p>5. Oppbevar produktet p\u00e5 et kj\u00f8lig og t\u00f8rt sted, unna direkte sollys og h\u00f8ye temperaturer.<\/p>\n\n\n\n<h2 class=\"wp-block-heading\">Konklusjon<\/h2>\n\n\n\n<p>Biotin sjampo og balsam tilbyr en omfattende h\u00e5rpleiel\u00f8sning. Den inneholder naturlige ingredienser som biotin, lavendel, ginseng, etc., som sk\u00e5nsomt renser, gir n\u00e6ring til og styrker h\u00e5ret. Dens to-i-ett-formel passer for alle h\u00e5rtyper og bruksscenarier, fra daglig pleie til reparasjon etter styling. Hjelper brukerne med \u00e5 f\u00e5 et sunnere, sterkere og mer levende h\u00e5r. Enten det er daglig pleie eller rettet mot spesifikke h\u00e5rproblemer, kan dette produktet kombinere effektivitet og sk\u00e5nsomhet for \u00e5 bidra til \u00e5 holde h\u00e5ret i optimal helse.<\/p>\n\n\n\n<p><\/p>","protected":false},"excerpt":{"rendered":"Biotin Shampoo And Conditioner Manufacturing Common Formulas When producing this biotin shampoo and conditioner, we use a variety of natural ingredients that work together to clean, nourish, strengthen hair, and care for the scalp. 1. Biotin: Biotin, also known as vitamin B7, is the core ingredient. It plays a key role in promoting keratin synthesis, [&hellip;]","protected":false},"featured_media":3683,"menu_order":0,"template":"","meta":[],"product-tag":[],"products":[54],"class_list":["post-3680","product","type-product","status-publish","has-post-thumbnail","hentry","products-shampoo-and-conditioner"],"acf":[],"_links":{"self":[{"href":"https:\/\/www.ruiqigo.com\/nb\/wp-json\/wp\/v2\/product\/3680","targetHints":{"allow":["GET"]}}],"collection":[{"href":"https:\/\/www.ruiqigo.com\/nb\/wp-json\/wp\/v2\/product"}],"about":[{"href":"https:\/\/www.ruiqigo.com\/nb\/wp-json\/wp\/v2\/types\/product"}],"version-history":[{"count":0,"href":"https:\/\/www.ruiqigo.com\/nb\/wp-json\/wp\/v2\/product\/3680\/revisions"}],"wp:featuredmedia":[{"embeddable":true,"href":"https:\/\/www.ruiqigo.com\/nb\/wp-json\/wp\/v2\/media\/3683"}],"wp:attachment":[{"href":"https:\/\/www.ruiqigo.com\/nb\/wp-json\/wp\/v2\/media?parent=3680"}],"wp:term":[{"taxonomy":"product-tag","embeddable":true,"href":"https:\/\/www.ruiqigo.com\/nb\/wp-json\/wp\/v2\/product-tag?post=3680"},{"taxonomy":"products","embeddable":true,"href":"https:\/\/www.ruiqigo.com\/nb\/wp-json\/wp\/v2\/products?post=3680"}],"curies":[{"name":"wp","href":"https:\/\/api.w.org\/{rel}","templated":true}]}}