{"id":3750,"date":"2025-07-03T11:06:55","date_gmt":"2025-07-03T03:06:55","guid":{"rendered":"https:\/\/www.ruiqigo.com\/?post_type=product&#038;p=3750"},"modified":"2025-07-03T11:06:56","modified_gmt":"2025-07-03T03:06:56","slug":"hand-cream-for-man","status":"publish","type":"product","link":"https:\/\/www.ruiqigo.com\/nb\/product\/hand-cream-for-man","title":{"rendered":"H\u00e5ndkrem for menn"},"content":{"rendered":"<h2 class=\"wp-block-heading\">H\u00e5ndkrem for mannlig produksjon Common Formulas<\/h2>\n\n\n\n<p>En av hovedingrediensene i h\u00e5ndkremformelen for menn er sheasm\u00f8r, som er rik p\u00e5 fettsyrer og kan danne en fuktighetsbevarende film for \u00e5 bekjempe t\u00f8rrhet for\u00e5rsaket av hyppig h\u00e5ndaktivitet. Vitamin E er tilsatt, som er en kraftig antioksidant som kan n\u00f8ytralisere frie radikaler, redusere milj\u00f8skader og forsinke aldring. Disse ingrediensene fungerer sammen for \u00e5 lindre ruhet for\u00e5rsaket av f\u00f8dsel eller trening, forbedre hudens elastisitet, lindre t\u00f8rrhet, forbedre hudtekstur, sikre rask absorpsjon og er ikke-fet. Den er egnet for daglig pleie for menn, og gir deg sunne og myke hender.<\/p>\n\n\n\n<h2 class=\"wp-block-heading\">H\u00e5ndkrem for menn Gjeldende scenarier<\/h2>\n\n\n\n<p>Denne h\u00e5ndkremen for menn passer for en rekke daglige situasjoner. Etter utend\u00f8rssport som sykling og basketball blir hendene t\u00f8rre og dehydrerte. P\u00e5f\u00f8ring av denne kan raskt gjenoppbygge fuktigheten. Ved fysisk arbeid kan den beskyttende formelen hjelpe hendene med \u00e5 motst\u00e5 friksjon og unng\u00e5 ruhet og sprekker. I et t\u00f8rt kontormilj\u00f8, eller i d\u00e5rlig v\u00e6r som kald vind og brennende sol, kan den holde p\u00e5 fuktigheten og forhindre at hendene sprekker. S\u00e5 lenge menn har behov for fornyelse av hendene, kan denne h\u00e5ndkremen gi dem n\u00e6ring umiddelbart, slik at hendene deres er komfortable og fullt beskyttet til enhver tid.<\/p>\n\n\n\n<h2 class=\"wp-block-heading\">Hvem passer h\u00e5ndkrem for menn for?<\/h2>\n\n\n\n<p>Denne h\u00e5ndkremen for menn passer for menn med ulike behov for h\u00e5ndpleie. Den er spesielt egnet for de som vasker hendene ofte p\u00e5 jobb, er utsatt for vind og sol utend\u00f8rs over lengre tid, eller har t\u00f8rre og ru hender. Den kan effektivt gjenoppbygge fuktighet, lindre ubehag og danne et beskyttende lag. Den passer for menn med alle hudtyper og bidrar til \u00e5 holde hendene sunne og komfortable.<\/p>\n\n\n\n<h2 class=\"wp-block-heading\">H\u00e5ndkrem for menn Produksjonsprosess<\/h2>\n\n\n\n<p>Produksjonsprosessen for h\u00e5ndkrem for menn fokuserer p\u00e5 effektivitet og kompatibilitet med menns hud. H\u00f8ypresterende ingredienser som sheasm\u00f8r og vitamin E er n\u00f8ye utvalgt og beholdt gjennom presis ekstraksjon. Andelen fuktighetsgivende midler, mykgj\u00f8rende midler og beskyttende stoffer er strengt kontrollert for \u00e5 skape en ikke-klebrig og lett absorberende tekstur, som m\u00f8ter menns preferanser for effektiv bruk. Ingen ekstra dufter eller pigmenter er tilsatt, noe som kan redusere irritasjon selv om hendene ofte utsettes for t\u00f8ffe milj\u00f8er. Fra r\u00e5varebehandling til emulgering og kvalitetskontroll, er hvert trinn sentrert om \u00e5 lage en h\u00e5ndkrem som er sv\u00e6rt n\u00e6rende og langvarig for menns hender.<\/p>\n\n\n\n<p><\/p>","protected":false},"excerpt":{"rendered":"Hand cream for man manufacturing Common Formulas One of the key ingredients in the men&#8217;s hand cream formula is shea butter, which is rich in fatty acids and can form a moisture-locking film to combat dryness caused by frequent hand activities. Vitamin E is added, which is a powerful antioxidant that can neutralize free radicals, [&hellip;]","protected":false},"featured_media":3753,"menu_order":0,"template":"","meta":[],"product-tag":[],"products":[58],"class_list":["post-3750","product","type-product","status-publish","has-post-thumbnail","hentry","products-hand-cream"],"acf":[],"_links":{"self":[{"href":"https:\/\/www.ruiqigo.com\/nb\/wp-json\/wp\/v2\/product\/3750","targetHints":{"allow":["GET"]}}],"collection":[{"href":"https:\/\/www.ruiqigo.com\/nb\/wp-json\/wp\/v2\/product"}],"about":[{"href":"https:\/\/www.ruiqigo.com\/nb\/wp-json\/wp\/v2\/types\/product"}],"version-history":[{"count":0,"href":"https:\/\/www.ruiqigo.com\/nb\/wp-json\/wp\/v2\/product\/3750\/revisions"}],"wp:featuredmedia":[{"embeddable":true,"href":"https:\/\/www.ruiqigo.com\/nb\/wp-json\/wp\/v2\/media\/3753"}],"wp:attachment":[{"href":"https:\/\/www.ruiqigo.com\/nb\/wp-json\/wp\/v2\/media?parent=3750"}],"wp:term":[{"taxonomy":"product-tag","embeddable":true,"href":"https:\/\/www.ruiqigo.com\/nb\/wp-json\/wp\/v2\/product-tag?post=3750"},{"taxonomy":"products","embeddable":true,"href":"https:\/\/www.ruiqigo.com\/nb\/wp-json\/wp\/v2\/products?post=3750"}],"curies":[{"name":"wp","href":"https:\/\/api.w.org\/{rel}","templated":true}]}}