{"id":3781,"date":"2025-07-09T15:11:38","date_gmt":"2025-07-09T07:11:38","guid":{"rendered":"https:\/\/www.ruiqigo.com\/?post_type=product&#038;p=3781"},"modified":"2025-07-09T15:12:07","modified_gmt":"2025-07-09T07:12:07","slug":"glycolic-facial-toner","status":"publish","type":"product","link":"https:\/\/www.ruiqigo.com\/nb\/product\/glycolic-facial-toner","title":{"rendered":"Glykolsyreholdig ansiktsvann"},"content":{"rendered":"<h2 class=\"wp-block-heading\">Vanlige formler for produksjon av glykolsyreholdig ansiktstoner<\/h2>\n\n\n\n<p>Som en profesjonell produsent av glykolsyreholdig ansiktsvann velger vi n\u00f8ye aktive ingredienser og planteekstrakter som er godkjent av dermatologer i formelen v\u00e5r for \u00e5 skape en effektiv toner som renser, forynger og lindrer. Produktene v\u00e5re er milde og ikke-irriterende, og hjelper huden med \u00e5 opprettholde en sunn tilstand og legger et solid grunnlag for senere hudpleie.\u00a0<\/p>\n\n\n\n<p><strong>1. Glykolsyre: <\/strong>Glykolsyre kan raskt trenge inn i huden, bryte ned oppsamlet keratin i huden, hjelpe porene med \u00e5 \u00e5pnes raskt, og samtidig kan den ogs\u00e5 dempe fine linjer. Det er en viktig ingrediens for \u00e5 forbedre ru og matt hud og er egnet for daglig hudforyngelsespleie.\u00a0<\/p>\n\n\n\n<p><strong>2. Panthenol: <\/strong>Ogs\u00e5 kjent som vitamin B5, er det en kraftig fuktighetsgivende og reparerende ingrediens med utmerkede fuktighetsgivende og lindrende egenskaper. Den kan hjelpe huden med \u00e5 opprettholde fuktigheten og redusere svie og ubehag for\u00e5rsaket av ytre stimuli.&nbsp;<\/p>\n\n\n\n<p><strong>3. Natriumhyaluronat: <\/strong>Dette er en fuktighetskrem av h\u00f8y kvalitet som raskt kan hydrere huden og holde p\u00e5 fuktigheten under hudpleie, slik at den unng\u00e5r vanntap og holder huden hydrert.&nbsp;<\/p>\n\n\n\n<p><strong>4. Trollhasselekstrakt: <\/strong>Trollhasselekstrakt har en sammentrekkende og beroligende effekt. Det kan kontrollere hudolje og redusere forst\u00f8rrede porer, og redusere hudirritasjon og r\u00f8dhet under hudpleie.&nbsp;<\/p>\n\n\n\n<p><strong>5. Natriumhyaluronat: <\/strong>Natriumhyaluronat er en ingrediens som kan hjelpe huden med \u00e5 holde p\u00e5 fuktigheten lenge, forbedre hudens mykhet og gj\u00f8re huden mindre t\u00f8rr og stram.&nbsp;<\/p>\n\n\n\n<h2 class=\"wp-block-heading\">Funksjonene til glykolsyreholdig ansiktsvann<\/h2>\n\n\n\n<p><strong>1. Forbedre problemet med forst\u00f8rrede porer:<\/strong> Langvarig bruk av glykolsyreholdig ansiktsvann kan fremme normaliseringen av keratinmetabolismen og balansere oljefordelingen i huden, og dermed forbedre de forst\u00f8rrede porene p\u00e5 hudoverflaten og gj\u00f8re huden glattere og mer delikat.&nbsp;<\/p>\n\n\n\n<p><strong>2. Reduser fine linjer og ru hud:<\/strong> Glykolsyre kan stimulere kollagenproduksjonen litt, forbedre fine linjer og ru hud, og er sv\u00e6rt godt egnet for brukere som \u00f8nsker \u00e5 oppn\u00e5 \u00abanti-aldring\u00bb.&nbsp;<\/p>\n\n\n\n<p><strong>3. Forbedre hudens klarhet og gl\u00f8d: <\/strong>Tilstedev\u00e6relsen av glykolsyre kan eksfoliere det d\u00f8de hudcellelaget, noe som forbedrer hudens klarhet betydelig og gj\u00f8r at den ser lysere og mer str\u00e5lende ut.&nbsp;<\/p>\n\n\n\n<p><strong>4. Mild og ikke-irriterende formel: <\/strong>Glykolsyreholdig ansiktsvann inneholder ikke alkohol, kunstige dufter eller pigmenter, noe som minimerer hudirritasjon. Den passer for alle hudtyper og er viktig for daglig hudpleie.\u00a0<\/p>\n\n\n\n<p><strong>5. Betydelig hudpleieeffekt: <\/strong>Glykolsyren i glykolsyreansiktsvannet kan akselerere fornyelsen av epidermisceller, fremme naturlig eksfoliering av keratin, forbedre metabolsk effektivitet, gjenopprette hudens sunne glans, og pleieeffekten er sv\u00e6rt betydelig.\u00a0<\/p>\n\n\n\n<h2 class=\"wp-block-heading\">Slik bruker du glykolsyreholdig ansiktsvann<\/h2>\n\n\n\n<p>Vi anbefaler \u00e5 bruke glykolsyreholdig ansiktsvann etter rens for \u00e5 oppn\u00e5 best mulig hudpleieeffekt. Den kan brukes hver morgen og kveld for \u00e5 hjelpe huden med \u00e5 metabolisere gamle d\u00f8de hudceller og gjenopprette gjennomskinnelighet og gl\u00f8d.&nbsp;<\/p>\n\n\n\n<p><strong>1. Rensing: <\/strong>Bruk en mild rensemiddel til \u00e5 rense ansiktet, og s\u00f8rg for at det ikke er noen urenheter eller smuss igjen i ansiktet. Dette legger et godt grunnlag for senere hudpleie.&nbsp;<\/p>\n\n\n\n<p><strong>2. Slik bruker du dette produktet: <\/strong>Hell en passende mengde glykolsyreholdig ansiktsvann p\u00e5 en bomullsdott eller h\u00e5ndflaten, og p\u00e5f\u00f8r den forsiktig i ansiktet. Unng\u00e5 huden rundt \u00f8ynene.&nbsp;<\/p>\n\n\n\n<p><strong>3. Vent p\u00e5 absorpsjon: <\/strong>Vent i 1\u20132 minutter til huden har absorbert det helt f\u00f8r du g\u00e5r videre til neste trinn i hudpleieprosessen.&nbsp;<\/p>\n\n\n\n<p><strong>4. Oppf\u00f8lgingsbehandling: <\/strong>Dette kan brukes med essens, lotion eller krem for \u00e5 oppn\u00e5 dyp n\u00e6ring til huden og fuktighetsbevarende reparasjon.\u00a0<\/p>\n\n\n\n<p><strong>5. V\u00e6r oppmerksom p\u00e5 solbeskyttelse:<\/strong> Hvis du bruker produktet p\u00e5 dagtid, b\u00f8r du bruke solkrem for \u00e5 unng\u00e5 lysf\u00f8lsomhetsreaksjoner, som vil gj\u00f8re hudpleien mindre effektiv.\u00a0<\/p>\n\n\n\n<h2 class=\"wp-block-heading\">Forsiktighet<\/h2>\n\n\n\n<p><strong>1. Hudtest: <\/strong>Det anbefales \u00e5 utf\u00f8re en hudtest f\u00f8r f\u00f8rste gangs bruk for \u00e5 unng\u00e5 allergier. F\u00f8rstegangsbrukere b\u00f8r gradvis \u00f8ke bruksfrekvensen etter at huden har utviklet en toleranse for det for \u00e5 redusere hudirritasjon.\u00a0<\/p>\n\n\n\n<p><strong>2. Unng\u00e5 \u00f8ynene og leppene: <\/strong>N\u00e5r du bruker glykolsyreholdig ansiktsvann, unng\u00e5 \u00f8ynene og leppene for \u00e5 unng\u00e5 irritasjon og ubehag.&nbsp;<\/p>\n\n\n\n<p><strong>3. Styrk solbeskyttelsestiltakene:<\/strong> Glykolsyre vil \u00f8ke hudens lysf\u00f8lsomhet. S\u00f8rg for \u00e5 styrke solbeskyttelsen under bruk for \u00e5 unng\u00e5 UV-forbrenninger eller m\u00f8rkfarging.&nbsp;<\/p>\n\n\n\n<p><strong>4. Gravide kvinner b\u00f8r bruke det med forsiktighet: <\/strong>F\u00f8r du bruker glykolsyreholdig ansiktsvann under graviditet, m\u00e5 du konsultere en profesjonell lege p\u00e5 forh\u00e5nd for \u00e5 sikre sikkerhet.\u00a0<\/p>\n\n\n\n<p><strong>5. Unng\u00e5 \u00e5 bruke <\/strong>irriterende produkter: Det anbefales ikke \u00e5 bruke dem sammen med hudpleieprodukter som inneholder h\u00f8ye konsentrasjoner av vitamin C, retinol og andre ingredienser samtidig, for ikke \u00e5 \u00f8ke belastningen og irritasjonen p\u00e5 huden.\u00a0<\/p>\n\n\n\n<h2 class=\"wp-block-heading\">Konklusjon<\/h2>\n\n\n\n<p>Glykolsyre ansiktsvann er en multieffektvanner utviklet for \u00e5 revitalisere og forbedre hudkvaliteten. Kjerneingrediensen, glykolsyre, kan effektivt l\u00f8se opp d\u00f8de hudceller, redusere porest\u00f8rrelser og fine linjer, og bidra til \u00e5 skape transparent og sunn hud. Den milde formelen er egnet for en rekke hudtyper, spesielt for brukere med store porer og ru og matt hud.<\/p>","protected":false},"excerpt":{"rendered":"Glycolic Facial Toner Manufacturing Common Formulas As a professional glycolic facial toner manufacturer, we carefully select active ingredients and plant extracts approved by dermatology in our formula to create an efficient toner that cleanses, rejuvenates and soothes. Our products are mild and non-irritating, helping the skin maintain a healthy state and laying a solid foundation [&hellip;]","protected":false},"featured_media":3782,"menu_order":0,"template":"","meta":[],"product-tag":[],"products":[67],"class_list":["post-3781","product","type-product","status-publish","has-post-thumbnail","hentry","products-facial-toner"],"acf":[],"_links":{"self":[{"href":"https:\/\/www.ruiqigo.com\/nb\/wp-json\/wp\/v2\/product\/3781","targetHints":{"allow":["GET"]}}],"collection":[{"href":"https:\/\/www.ruiqigo.com\/nb\/wp-json\/wp\/v2\/product"}],"about":[{"href":"https:\/\/www.ruiqigo.com\/nb\/wp-json\/wp\/v2\/types\/product"}],"version-history":[{"count":0,"href":"https:\/\/www.ruiqigo.com\/nb\/wp-json\/wp\/v2\/product\/3781\/revisions"}],"wp:featuredmedia":[{"embeddable":true,"href":"https:\/\/www.ruiqigo.com\/nb\/wp-json\/wp\/v2\/media\/3782"}],"wp:attachment":[{"href":"https:\/\/www.ruiqigo.com\/nb\/wp-json\/wp\/v2\/media?parent=3781"}],"wp:term":[{"taxonomy":"product-tag","embeddable":true,"href":"https:\/\/www.ruiqigo.com\/nb\/wp-json\/wp\/v2\/product-tag?post=3781"},{"taxonomy":"products","embeddable":true,"href":"https:\/\/www.ruiqigo.com\/nb\/wp-json\/wp\/v2\/products?post=3781"}],"curies":[{"name":"wp","href":"https:\/\/api.w.org\/{rel}","templated":true}]}}