{"id":3804,"date":"2025-07-11T09:54:39","date_gmt":"2025-07-11T01:54:39","guid":{"rendered":"https:\/\/www.ruiqigo.com\/?post_type=product&#038;p=3804"},"modified":"2025-07-11T09:54:40","modified_gmt":"2025-07-11T01:54:40","slug":"oil-based-makeup-remover","status":"publish","type":"product","link":"https:\/\/www.ruiqigo.com\/nb\/product\/oil-based-makeup-remover","title":{"rendered":"Oljebasert sminkefjerner"},"content":{"rendered":"<h2 class=\"wp-block-heading\">Vanlige formler for produksjon av oljebasert sminkefjerner<\/h2>\n\n\n\n<p>Denne oljebaserte sminkefjerneren bruker milde oljer som base og tilsetter fuktighetsbevarende og betennelsesdempende ingredienser for \u00e5 sikre at sminken brytes ned og smelter bort, samtidig som den s\u00f8rger for at huden ikke blir dehydrert eller stram etter sminkefjerning.&nbsp;<\/p>\n\n\n\n<p><strong>1. Pean\u00f8ttolje: <\/strong>Det er en ingrediens med gode oljehelende egenskaper som raskt kan smelte sminke og rester mellom fingeravtrykk, og effektivt fjerne \u00f8yenskygge, vanntett eyeliner, diverse leppesminke osv.\u00a0<\/p>\n\n\n\n<p><strong>2. P\u00e6refr\u00f8olje: <\/strong>P\u00e6refr\u00f8olje inneholder en rekke bearbeidede fettsyrer som effektivt kan bryte ned tung sminke, samtidig som de gir n\u00e6ring til fettbalansen p\u00e5 hudoverflaten og reduserer kjedeskader p\u00e5 huden for\u00e5rsaket av sminkefjerning.\u00a0<\/p>\n\n\n\n<p><strong>3. Vanndr\u00e5peformet vegetabilsk essens: <\/strong>Vanndr\u00e5peformede vegetabilske essenser kan effektivt kontrollere olje og hemme betennelse, redusere sjansen for varmef\u00f8lelse og r\u00f8de merker som kan oppst\u00e5 under sminkefjerning, og gi beskyttelse til sminkefjerningseffekten.\u00a0<\/p>\n\n\n\n<p><strong>4. Hibiskusknoppolje: <\/strong>Den er lett og har gode kartleggingsegenskaper. Den kan hjelpe andre planteoljer med \u00e5 n\u00e5 dypere lag og har effekten av \u00e5 smelte og gjenoppbygge olje, noe som gj\u00f8r huden glatt etter fjerning av sminke.\u00a0<\/p>\n\n\n\n<h2 class=\"wp-block-heading\">Funksjonene til oljebasert sminkefjerner<\/h2>\n\n\n\n<p><strong>1. Rask sminkefjerning: <\/strong>V\u00e5r oljebaserte sminkefjerner kan raskt fjerne sminke fra \u00f8yne, lepper og andre deler i ett trinn uten \u00e5 m\u00e5tte fjerne den flere ganger.&nbsp;<\/p>\n\n\n\n<p><strong>2. Lett tekstur, enkel \u00e5 bruke: <\/strong>Oljebasert sminkefjerner har en oljete og lett konsistens, er ikke tykk, mengden er enkel \u00e5 kontrollere, og den er veldig praktisk \u00e5 fjerne.&nbsp;<\/p>\n\n\n\n<p><strong>3. Huden f\u00f8les ikke stram etter bruk: <\/strong>Ingredienser for fet hud, som hibiskusknoppolje, tilsettes formelen for \u00e5 gi n\u00e6ring til huden samtidig som den fjerner sminke, noe som reduserer f\u00f8lelsen av dehydrering og stramhet i huden etter fjerning.&nbsp;<\/p>\n\n\n\n<p><strong>4. Egnet for fjerning av diverse sminkeprodukter: <\/strong>Enten det er leppestift, eyeliner eller \u00f8yenskygge-sminke, kan det enkelt og effektivt dekomponeres og fjernes.&nbsp;<\/p>\n\n\n\n<h2 class=\"wp-block-heading\">Slik bruker du oljebasert sminkefjerner<\/h2>\n\n\n\n<p>Oljebasert sminkefjerner brukes som det f\u00f8rste trinnet i den daglige sminkefjerningen for \u00e5 fjerne sminke grundig fra \u00f8yne, lepper og ansikt. Det er best \u00e5 bruke den p\u00e5 t\u00f8rre hender og ansikt, da dette ikke bare fjerner sminke grundig, men ogs\u00e5 reduserer skader p\u00e5 huden for\u00e5rsaket av hydrolyse.&nbsp;&nbsp;<\/p>\n\n\n\n<p><strong>1. Ta en passende mengde sminkefjerner p\u00e5 t\u00f8rre hender og ansikt:<\/strong> Ta omtrent 2\u20133 pump med oljebasert sminkefjerner i h\u00e5ndflaten, du trenger ikke \u00e5 tilsette vann.&nbsp;<\/p>\n\n\n\n<p><strong>2. Masser forsiktig:<\/strong> Masser sminkefjerneren forsiktig med sirkelbevegelser i ansikt, \u00f8yne og lepper i 30\u201360 sekunder til sminken er helt oppl\u00f8st.&nbsp;<\/p>\n\n\n\n<p><strong>3. Tilsett vann for \u00e5 emulgere: <\/strong>Dypp hendene i en passende mengde rent vann og fortsett \u00e5 massere sminkeomr\u00e5det for \u00e5 emulgere oljen og fjerne sminkerester og oljeflekker grundig.&nbsp;<\/p>\n\n\n\n<p><strong>4. Skyll med rent vann:<\/strong> Skyll ansiktet grundig med rent vann for \u00e5 sikre at det ikke er noen rester, og fortsett deretter med rensende eller fuktighetsgivende trinn i henhold til hudtypen din.&nbsp;<\/p>\n\n\n\n<h2 class=\"wp-block-heading\">Forsiktighet<\/h2>\n\n\n\n<p><strong>1. Unng\u00e5 kontakt med innsiden av \u00f8ynene: <\/strong>Lukk \u00f8ynene n\u00e5r du bruker produktet, og unng\u00e5 at produktet kommer i kontakt med \u00f8ynene. Skyll straks med rikelig vann hvis det kommer i \u00f8ynene.&nbsp;<\/p>\n\n\n\n<p><strong>2. Bruk et renseprodukt etter at du har fjernet sminke:<\/strong> Selv om dette produktet kan fjerne kraftig sminke, anbefales det \u00e5 bruke et mildt renseprodukt etter fjerning av sminke for \u00e5 rense porene grundig og balansere hudtilstanden.&nbsp;<\/p>\n\n\n\n<p><strong>3. Emulgeringstrinnet kan ikke utelates:<\/strong> Emulgeringstrinnet m\u00e5 utf\u00f8res under bruk for \u00e5 sikre at oljestrukturen brytes ned fullstendig for \u00e5 unng\u00e5 at rester tetter porene.&nbsp;<\/p>\n\n\n\n<p><strong>4. V\u00e6r oppmerksom p\u00e5 hydrering og fuktighetsgivende tilf\u00f8rsel etter bruk: <\/strong>Etter at du har fjernet sminke, anbefales det \u00e5 bruke fuktighetsgivende vann, lotion eller fuktighetskrem for \u00e5 gi huden n\u00e6ring i tide.<\/p>\n\n\n\n<h2 class=\"wp-block-heading\">Konklusjon<\/h2>\n\n\n\n<p>Oljebasert sminkefjerner bruker naturlig planteolje som base, kombinerer utmerket sminkefjernerkraft med sk\u00e5nsom hudpleiekraft, og gir en trygg, effektiv og ikke-strammende daglig rengj\u00f8ringsl\u00f8sning. Den kan gi deg en komfortabel sminkefjerningsopplevelse, og en rekke planteekstrakter og lindrende faktorer er tilsatt formelen for \u00e5 beskytte hudbarrieren ytterligere.<\/p>","protected":false},"excerpt":{"rendered":"Oil Based Makeup Remover Manufacturing Common Formulas This oil based makeup remover uses mild oils as its base and adds moisture-locking and anti-inflammatory ingredients to ensure that makeup is completely broken down and melted away, while also ensuring that the skin will not be dehydrated or tight after makeup removal.&nbsp; 1. Peanut oil: It is [&hellip;]","protected":false},"featured_media":3805,"menu_order":0,"template":"","meta":[],"product-tag":[],"products":[66],"class_list":["post-3804","product","type-product","status-publish","has-post-thumbnail","hentry","products-makeup-remover"],"acf":[],"_links":{"self":[{"href":"https:\/\/www.ruiqigo.com\/nb\/wp-json\/wp\/v2\/product\/3804","targetHints":{"allow":["GET"]}}],"collection":[{"href":"https:\/\/www.ruiqigo.com\/nb\/wp-json\/wp\/v2\/product"}],"about":[{"href":"https:\/\/www.ruiqigo.com\/nb\/wp-json\/wp\/v2\/types\/product"}],"version-history":[{"count":0,"href":"https:\/\/www.ruiqigo.com\/nb\/wp-json\/wp\/v2\/product\/3804\/revisions"}],"wp:featuredmedia":[{"embeddable":true,"href":"https:\/\/www.ruiqigo.com\/nb\/wp-json\/wp\/v2\/media\/3805"}],"wp:attachment":[{"href":"https:\/\/www.ruiqigo.com\/nb\/wp-json\/wp\/v2\/media?parent=3804"}],"wp:term":[{"taxonomy":"product-tag","embeddable":true,"href":"https:\/\/www.ruiqigo.com\/nb\/wp-json\/wp\/v2\/product-tag?post=3804"},{"taxonomy":"products","embeddable":true,"href":"https:\/\/www.ruiqigo.com\/nb\/wp-json\/wp\/v2\/products?post=3804"}],"curies":[{"name":"wp","href":"https:\/\/api.w.org\/{rel}","templated":true}]}}