{"id":3813,"date":"2025-07-11T17:07:46","date_gmt":"2025-07-11T09:07:46","guid":{"rendered":"https:\/\/www.ruiqigo.com\/?post_type=product&#038;p=3813"},"modified":"2025-07-11T17:07:46","modified_gmt":"2025-07-11T09:07:46","slug":"facial-mask-for-pimples","status":"publish","type":"product","link":"https:\/\/www.ruiqigo.com\/nb\/product\/facial-mask-for-pimples","title":{"rendered":"Ansiktsmaske for kviser"},"content":{"rendered":"<h2 class=\"wp-block-heading\">Ansiktsmaske for kviser Produksjon Vanlige formler<\/h2>\n\n\n\n<p>Som en profesjonell produsent av ansiktsmasker for kviser, velger vi ingredienser med vitenskapelig beviste effekter, som salisylsyre og tea tree-olje, etc., og tar utgangspunkt i de tre hovedaspektene oljekontroll, sterilisering og beroligende effekt for \u00e5 h\u00e5ndtere hudproblemer som kviser, lukkede komedoner og hudormer p\u00e5 en omfattende m\u00e5te.&nbsp;<\/p>\n\n\n\n<p><strong>1. Salisylsyre: <\/strong>Salisylsyre er en klassisk fettl\u00f8selig keratinl\u00f8sende ingrediens som kan trenge dypt inn i porene for \u00e5 l\u00f8se opp talg- og keratinpropper, fjerne hudormer og hvite prikker fra huden, forhindre tette porer og redusere forekomsten av inflammatorisk akne.&nbsp;<\/p>\n\n\n\n<p><strong>2. Essensiell olje av tea tree: <\/strong>Den har sterke naturlige antibakterielle egenskaper og kan effektivt hemme veksten av aknefremkallende bakterier som Propionibacterium acnes. Den har ogs\u00e5 gode sammentrekkende og betennelsesdempende effekter, og forbedrer r\u00f8dhet og hevelse i akne.&nbsp;<\/p>\n\n\n\n<p><strong>3. Centella asiatica-ekstrakt: <\/strong>Centella asiatica-ekstrakt har utmerkede lindrende og reparerende egenskaper. Det kan bidra til \u00e5 redusere r\u00f8dhet og kl\u00f8e etter hudirritasjon, fremme helbredelse av aknearr og forbedre hudens egen reparasjonsbarriere.&nbsp;<\/p>\n\n\n\n<p><strong>4. Gr\u00f8nn te-ekstrakt: <\/strong>Den er rik p\u00e5 te-polyfenoler, har antioksidant- og oljekontrollerende effekter, kan n\u00f8ytralisere overfl\u00f8dig olje, forbedre hudens generelle friskhet og bekjempe ytre forurensningsskader.&nbsp;<\/p>\n\n\n\n<h2 class=\"wp-block-heading\">Funksjonene til ansiktsmaske mot kviser<\/h2>\n\n\n\n<p><strong>1. Kraftig effekt:<\/strong> Ansiktsmaske mot kviser kombinerer porerensing, antibakteriell og betennelsesdempende funksjoner, samt lindrende og reparerende funksjoner for \u00e5 l\u00f8se kviseproblemer fra roten og effektivt forhindre tilbakefall. Den er egnet for daglig behandling av alle typer problemhud.&nbsp;<\/p>\n\n\n\n<p><strong>2. Mild og ikke-irriterende, egnet for sensitiv og akneutsatt hud: <\/strong>Formelen v\u00e5r inneholder ikke alkohol og irriterende ingredienser, og er egnet for sensitiv eller betennelsesutsatt hud med kviser. Samtidig som den ut\u00f8ver sin kvisefjernende effekt, minimerer den ubehag.&nbsp;<\/p>\n\n\n\n<p><strong>3. Hurtigt\u00f8rkende geltekstur:<\/strong> Ansiktsmasken mot kviser bruker en gjennomsiktig geltekstur som fester seg godt til ansiktet og t\u00f8rker raskt og danner en beskyttende hinne. Etter vask er huden ren og ikke stram.&nbsp;<\/p>\n\n\n\n<p><strong>4. Passer for en rekke hudtyper: <\/strong>Dette produktet er egnet for fet, kombinasjonshud og akneutsatt hud. Det passer for b\u00e5de menn og kvinner, spesielt for ungdom og voksne med akne for\u00e5rsaket av stress og uregelmessig arbeid og hvile.&nbsp;<\/p>\n\n\n\n<p><strong>5. Kan brukes med en rekke hudpleieprosedyrer:<\/strong> Som nattpleie eller daglig rensende trinn kan ansiktsmaske mot kviser brukes sammen med rensemidler, tonere, essenser, kremer osv. for \u00e5 forsterke den synergistiske effekten av anti-akne hudpleie.<\/p>\n\n\n\n<h2 class=\"wp-block-heading\">Slik bruker du en ansiktsmaske mot kviser<\/h2>\n\n\n\n<p>Ansiktsmaske mot kviser anbefales \u00e5 brukes 2\u20133 ganger i uken som lokal pleie eller full ansiktspleie. Rens ansiktshuden grundig f\u00f8r bruk, og det anbefales \u00e5 bruke en fuktighetsgivende essens eller lotion etter bruk for \u00e5 opprettholde den reparerende effekten ytterligere.&nbsp;<\/p>\n\n\n\n<p><strong>1. Fjerning av sminke og ansiktsrens: <\/strong>Hvis du har sminke p\u00e5 deg den dagen, bruk f\u00f8rst en mild sminkefjerner for \u00e5 fjerne sminken grundig, og bruk deretter en rensemiddel med moderat rensekraft for \u00e5 rense ansiktet.<\/p>\n\n\n\n<p><strong>2. T\u00f8rk ansiktet:<\/strong> Etter rens, trykk forsiktig med et rent h\u00e5ndkle for \u00e5 absorbere fuktighet, holde huden t\u00f8rr og gj\u00f8re det lettere \u00e5 absorbere maskens ingredienser.<\/p>\n\n\n\n<p><strong>3. Ta en passende mengde maske:<\/strong> Bruk en ren skje eller skrape til \u00e5 ta en passende mengde maske, unng\u00e5 direkte kontakt med hendene og reduser forurensning.<\/p>\n\n\n\n<p><strong>4. P\u00e5f\u00f8r jevnt i ansiktet:<\/strong> P\u00e5f\u00f8r masken jevnt p\u00e5 de akne-konsentrerte omr\u00e5dene eller hele ansiktet, unng\u00e5 de delikate omr\u00e5dene rundt \u00f8ynene og leppene.<\/p>\n\n\n\n<p><strong>5. Vent i 10\u201315 minutter:<\/strong> Hold ansiktet avslappet og vent til overflaten p\u00e5 masken t\u00f8rker litt, men ikke helt.<\/p>\n\n\n\n<p><strong>6. Skyll med rent vann: <\/strong>Skyll masken grundig med varmt vann, og v\u00e6r oppmerksom p\u00e5 \u00e5 rengj\u00f8re kantene som h\u00e5rfestet og nesevingene.<\/p>\n\n\n\n<p><strong>7. Etterf\u00f8lgende hudpleie og fuktighetsgivende tilf\u00f8rsel:<\/strong> Bruk beroligende toner, essens eller reparasjonslotion for \u00e5 hydrere og fukte huden og styrke barrieren.<\/p>\n\n\n\n<h2 class=\"wp-block-heading\">Forsiktighet<\/h2>\n\n\n\n<p><strong>1. Unng\u00e5 bruk p\u00e5 \u00e5pne s\u00e5r eller skadet hud: <\/strong>Hvis kvisene har brutt ut eller det er et tydelig s\u00e5r p\u00e5 huden, anbefales det \u00e5 bruke det etter at s\u00e5ret har grodd for \u00e5 unng\u00e5 irritasjon eller infeksjon.&nbsp;<\/p>\n\n\n\n<p><strong>2. Det anbefales \u00e5 utf\u00f8re en lokal allergitest f\u00f8r bruk:<\/strong> Ved f\u00f8rste gangs bruk anbefales det \u00e5 gj\u00f8re en liten test bak \u00f8ret eller p\u00e5 haken, og observere i 24 timer uten r\u00f8dhet, hevelse eller irritasjon f\u00f8r du bruker den i hele ansiktet.&nbsp;<\/p>\n\n\n\n<p><strong>3. Unng\u00e5 bruk med h\u00f8ykonsentrerte syrer:<\/strong> Hvis du har brukt eksfolierende produkter som fruktsyre og salisylsyre, b\u00f8r du bruke dem med jevne mellomrom for \u00e5 unng\u00e5 overlapping og overdreven hudsensitivitet.&nbsp;<\/p>\n\n\n\n<p><strong>4. Styrk fuktighetsgivende og reparerende effekt etter bruk: <\/strong>For \u00e5 unng\u00e5 overdreven rensing som for\u00e5rsaker t\u00f8rrhet, flassing og andre problemer, anbefales det \u00e5 bruke mildt fuktighetsgivende vann, essens osv. for \u00e5 etterfylle vannet i tide.&nbsp;<\/p>\n\n\n\n<h2 class=\"wp-block-heading\">Konklusjon<\/h2>\n\n\n\n<p>Ansiktsmasken mot kviser oppn\u00e5r m\u00e5let om \u00e5 fjerne kviser fra roten, pleie huden og forhindre tilbakefall gjennom den synergistiske effekten av en vitenskapelig formel og multieffekt planteingredienser. Dette produktet har en mild konsistens, er enkelt \u00e5 bruke, passer for en rekke hudtyper og personer, og dekker de daglige pleiebehovene til kvisegrupper fra ungdom til voksne.<\/p>","protected":false},"excerpt":{"rendered":"Facial Mask For Pimples Manufacturing Common Formulas As a professional facial mask for pimples manufacturer, we select ingredients with scientifically proven effects, such as salicylic acid and tea tree oil, etc., and start from the three major aspects of oil control, sterilization, and soothing to comprehensively deal with skin problems such as acne, closed comedones, [&hellip;]","protected":false},"featured_media":3814,"menu_order":0,"template":"","meta":[],"product-tag":[],"products":[69],"class_list":["post-3813","product","type-product","status-publish","has-post-thumbnail","hentry","products-facial-mask"],"acf":[],"_links":{"self":[{"href":"https:\/\/www.ruiqigo.com\/nb\/wp-json\/wp\/v2\/product\/3813","targetHints":{"allow":["GET"]}}],"collection":[{"href":"https:\/\/www.ruiqigo.com\/nb\/wp-json\/wp\/v2\/product"}],"about":[{"href":"https:\/\/www.ruiqigo.com\/nb\/wp-json\/wp\/v2\/types\/product"}],"version-history":[{"count":0,"href":"https:\/\/www.ruiqigo.com\/nb\/wp-json\/wp\/v2\/product\/3813\/revisions"}],"wp:featuredmedia":[{"embeddable":true,"href":"https:\/\/www.ruiqigo.com\/nb\/wp-json\/wp\/v2\/media\/3814"}],"wp:attachment":[{"href":"https:\/\/www.ruiqigo.com\/nb\/wp-json\/wp\/v2\/media?parent=3813"}],"wp:term":[{"taxonomy":"product-tag","embeddable":true,"href":"https:\/\/www.ruiqigo.com\/nb\/wp-json\/wp\/v2\/product-tag?post=3813"},{"taxonomy":"products","embeddable":true,"href":"https:\/\/www.ruiqigo.com\/nb\/wp-json\/wp\/v2\/products?post=3813"}],"curies":[{"name":"wp","href":"https:\/\/api.w.org\/{rel}","templated":true}]}}