{"id":3827,"date":"2025-07-17T17:42:18","date_gmt":"2025-07-17T09:42:18","guid":{"rendered":"https:\/\/www.ruiqigo.com\/?post_type=product&#038;p=3827"},"modified":"2025-07-17T17:42:19","modified_gmt":"2025-07-17T09:42:19","slug":"eye-makeup-remover","status":"publish","type":"product","link":"https:\/\/www.ruiqigo.com\/nb\/product\/eye-makeup-remover","title":{"rendered":"\u00d8yesminkefjerner"},"content":{"rendered":"<h2 class=\"wp-block-heading\">Vanlige formler for produksjon av \u00f8yesminkefjerner<\/h2>\n\n\n\n<p>V\u00e5r formel for \u00f8yesminkefjerner velger n\u00f8ye ut sk\u00e5nsomme rensefaktorer og naturlige pleieingredienser, som squalan, glyserin, vitamin B5, osv., for \u00e5 sikre at produktet lindrer og gir n\u00e6ring til \u00f8yehuden samtidig som det effektivt fjerner vanntett sminke.&nbsp;<\/p>\n\n\n\n<p><strong>1. Squalan:<\/strong> Squalane er en naturlig pleiende ingrediens som kan bidra til \u00e5 lindre sminkerester samtidig som den opprettholder fuktighetsbarrieren rundt \u00f8ynene under sminkefjerning, og forhindrer t\u00f8rrhet og fine linjer rundt \u00f8ynene.&nbsp;<\/p>\n\n\n\n<p><strong>2. Kamilleekstrakt: <\/strong>Den har en betydelig lindrende effekt og kan effektivt redusere r\u00f8dhet, hevelse, t\u00f8rrhet og kl\u00f8e for\u00e5rsaket av sminkeirritasjon, og bidra til \u00e5 lindre tretthet og ubehag i \u00f8ynene.&nbsp;<\/p>\n\n\n\n<p><strong>3. Vitamin B5:<\/strong> Ogs\u00e5 kjent som panthenol, har den reparerende og betennelsesdempende egenskaper, som kan forbedre hudens mykhet og barrierestyrke, noe som gj\u00f8r huden rundt \u00f8ynene sterkere og mer stabil.&nbsp;<\/p>\n\n\n\n<p><strong>4. Glyserin: <\/strong>Glyserin er en sv\u00e6rt effektiv fuktighetsgivende ingrediens som kan \u00f8ke hudens vanninnhold og gi n\u00f8dvendig fuktighet til \u00f8yeomr\u00e5det etter fjerning av sminke, noe som forhindrer stramhet og flassing.&nbsp;<\/p>\n\n\n\n<h2 class=\"wp-block-heading\">Funksjonene til \u00f8yesminkefjerner<\/h2>\n\n\n\n<p><strong>1. Rask fjerning av sminke uten rester: <\/strong>\u00d8yesminkefjerneren bruker tofase-renseteknologi, som enkelt kan l\u00f8se opp vanntett og svettebestandig eyeliner, mascara og annen sminke uten \u00e5 gni kraftig, noe som gj\u00f8r sminkefjerningen mer grundig og sk\u00e5nsom.\u00a0<\/p>\n\n\n\n<p><strong>2. Mild tekstur:<\/strong> V\u00e5r \u00f8yesminkefjerner inneholder ikke alkohol, duft eller mineralolje. Den har en mild konsistens og er spesielt utviklet for det sensitive \u00f8yeomr\u00e5det. Den irriterer ikke t\u00e5rekjertlene eller for\u00e5rsaker uskarphet i \u00f8ynene ved bruk, og er sv\u00e6rt trygg.\u00a0<\/p>\n\n\n\n<p><strong>3. Fjerning og stell av sminke:<\/strong> Dette produktet er rikt p\u00e5 fuktighetsgivende og beroligende ingredienser. Det kan gi n\u00e6ring til \u00f8yehuden samtidig som det fjerner gjenstridig sminke og reduserer risikoen for fine linjer for\u00e5rsaket av t\u00f8rrhet og strekking.\u00a0<\/p>\n\n\n\n<p><strong>4. Rist godt og bruk, enkel \u00e5 betjene: <\/strong>Flasken har et lagdelt olje-vann-design, s\u00e5 du trenger bare \u00e5 riste godt og bruke den umiddelbart, noe som sparer tid og krefter. Den er egnet for hyppig bruk av profesjonelle makeupartister og daglige brukere.&nbsp;<\/p>\n\n\n\n<h2 class=\"wp-block-heading\">Slik bruker du \u00f8yesminkefjerner<\/h2>\n\n\n\n<p>Det anbefales \u00e5 bruke en bomullsdott til \u00e5 forsiktig t\u00f8rke av \u00f8yesminken uten \u00e5 dra for mye, spesielt for de som bruker vanntett eyeliner eller mascara.<\/p>\n\n\n\n<p>1. Rist flasken forsiktig for \u00e5 blande vannet og oljen.<\/p>\n\n\n\n<p>2. Hell \u00f8yesminkefjerneren p\u00e5 bomullsdotten og legg den godt i bl\u00f8t.<\/p>\n\n\n\n<p>3. Etter at du har lukket \u00f8ynene, p\u00e5f\u00f8r bomullsdotten forsiktig p\u00e5 \u00f8ynene og la den virke i 5\u201310 sekunder.<\/p>\n\n\n\n<p>4. T\u00f8rk forsiktig sminkeomr\u00e5det langs \u00f8yehudens tekstur for \u00e5 fjerne sminken.<\/p>\n\n\n\n<p>5. Skyll til slutt med rent vann og fukt \u00f8ynene.<\/p>\n\n\n\n<h2 class=\"wp-block-heading\">Forsiktighet<\/h2>\n\n\n\n<p><strong>1. Rist godt f\u00f8r bruk: <\/strong>Rist godt f\u00f8r bruk for \u00e5 sikre at oljen og vannet er fullt integrert og dermed forbedre effektiviteten ved sminkefjerning.<\/p>\n\n\n\n<p><strong>2. Unng\u00e5 kontakt med \u00f8ynene: <\/strong>V\u00e6r forsiktig s\u00e5 du ikke f\u00e5r \u00f8yesminkefjerneren direkte i \u00f8ynene n\u00e5r du bruker den. Hvis den kommer i \u00f8ynene ved et uhell, skyll dem umiddelbart med rikelig rent vann. Hvis situasjonen er alvorlig, m\u00e5 du opps\u00f8ke legehjelp i tide.<\/p>\n\n\n\n<p><strong>3. Ikke bruk overdreven makt: <\/strong>Huden rundt \u00f8ynene er relativt delikat, s\u00e5 ikke t\u00f8rk den hardt. Bruk myke bomullsdotter for \u00e5 unng\u00e5 un\u00f8dig friksjon som kan for\u00e5rsake r\u00f8dhet og hevelse i \u00f8ynene.<\/p>\n\n\n\n<p><strong>4. Reparasjon etter fjerning: <\/strong>Etter at du har fjernet sminke, gj\u00f8r en god jobb med p\u00e5f\u00f8lgende fuktighetsgivende og reparerende ingredienser, og fyll p\u00e5 med \u00f8yeessens eller \u00f8yekrem i tide for \u00e5 holde huden fuktet og myk.&nbsp;<\/p>\n\n\n\n<h2 class=\"wp-block-heading\">Konklusjon<\/h2>\n\n\n\n<p>\u00d8yesminkefjerneren kombinerer sminkefjerning og reparasjon i ett, og er egnet for ulike \u00f8yesminkekonsentrasjoner og ulike bruksscenarier. Gjennom vitenskapelig sminkefjerningsteknologi og flere milde ingredienser tar den hensyn til b\u00e5de sminkefjerningskraft og sikkerhet for sensitiv hud, og gir en balanse mellom rensing og pleie for huden rundt \u00f8ynene. Enten det er daglig lett sminke, scenesminke eller profesjonelle sminkescener, kan dette produktet effektivt og sk\u00e5nsomt fullf\u00f8re sminkefjerningsoppgaven, og er en viktig del av \u00f8yepleien.<\/p>","protected":false},"excerpt":{"rendered":"Eye Makeup Remover Manufacturing Common Formulas Our eye makeup remover formula carefully selects gentle cleansing factors and natural care ingredients, such as squalane, glycerin, vitamin B5, etc., to ensure that the product soothes and nourishes the eye skin while effectively removing waterproof makeup.&nbsp; 1. Squalane: Squalane is a natural nourishing ingredient that can help relieve [&hellip;]","protected":false},"featured_media":3828,"menu_order":0,"template":"","meta":[],"product-tag":[],"products":[66],"class_list":["post-3827","product","type-product","status-publish","has-post-thumbnail","hentry","products-makeup-remover"],"acf":[],"_links":{"self":[{"href":"https:\/\/www.ruiqigo.com\/nb\/wp-json\/wp\/v2\/product\/3827","targetHints":{"allow":["GET"]}}],"collection":[{"href":"https:\/\/www.ruiqigo.com\/nb\/wp-json\/wp\/v2\/product"}],"about":[{"href":"https:\/\/www.ruiqigo.com\/nb\/wp-json\/wp\/v2\/types\/product"}],"version-history":[{"count":0,"href":"https:\/\/www.ruiqigo.com\/nb\/wp-json\/wp\/v2\/product\/3827\/revisions"}],"wp:featuredmedia":[{"embeddable":true,"href":"https:\/\/www.ruiqigo.com\/nb\/wp-json\/wp\/v2\/media\/3828"}],"wp:attachment":[{"href":"https:\/\/www.ruiqigo.com\/nb\/wp-json\/wp\/v2\/media?parent=3827"}],"wp:term":[{"taxonomy":"product-tag","embeddable":true,"href":"https:\/\/www.ruiqigo.com\/nb\/wp-json\/wp\/v2\/product-tag?post=3827"},{"taxonomy":"products","embeddable":true,"href":"https:\/\/www.ruiqigo.com\/nb\/wp-json\/wp\/v2\/products?post=3827"}],"curies":[{"name":"wp","href":"https:\/\/api.w.org\/{rel}","templated":true}]}}