{"id":3835,"date":"2025-07-18T13:57:59","date_gmt":"2025-07-18T05:57:59","guid":{"rendered":"https:\/\/www.ruiqigo.com\/?post_type=product&#038;p=3835"},"modified":"2025-07-18T13:58:01","modified_gmt":"2025-07-18T05:58:01","slug":"makeup-remover-balm","status":"publish","type":"product","link":"https:\/\/www.ruiqigo.com\/nb\/product\/makeup-remover-balm","title":{"rendered":"Sminkefjernerbalsam"},"content":{"rendered":"<h2 class=\"wp-block-heading\">Produksjon av vanlige formler for sminkefjernerbalsam<\/h2>\n\n\n\n<p>Som en profesjonell produsent av sminkefjernerbalsam insisterer vi p\u00e5 \u00e5 velge en rekke aktive pleieingredienser av h\u00f8y kvalitet, som sheasm\u00f8r, ceramid, s\u00f8t mandelolje, etc., for effektivt \u00e5 oppn\u00e5 den doble effekten av effektiv sminkefjerning og dyp hudpleie.&nbsp;<\/p>\n\n\n\n<p><strong>1. Sheasm\u00f8r: <\/strong>Sheasm\u00f8r er rikt p\u00e5 umettede fettsyrer og antioksidanter. Det kan gi huden dyp fuktighet samtidig som det fjerner sminkerester, slik at huden blir myk og ikke stram. Det er spesielt egnet for t\u00f8rr hud og t\u00f8rre \u00e5rstider.&nbsp;<\/p>\n\n\n\n<p><strong>2. Ceramid:<\/strong> Den kan styrke hudbarrieren og effektivt redusere fuktighetstap under sminkefjerning, slik at huden forblir hydrert etter sminkefjerning.&nbsp;<\/p>\n\n\n\n<p><strong>3. S\u00f8t mandelolje:<\/strong> S\u00f8t mandelolje er veldig lett og hudvennlig. Den kan effektivt l\u00f8se opp \u00f8ye- og leppesminke. Den er ogs\u00e5 rik p\u00e5 vitamin E, har gode lindrende og antiallergiske effekter, og reduserer hudirritasjon for\u00e5rsaket av sminkefjerning.&nbsp;<\/p>\n\n\n\n<p><strong>4. Jojobafr\u00f8olje: <\/strong>Den kan simulere sammensetningen av menneskelig talg, hjelpe huden med \u00e5 balansere olje, redusere irritasjon og fremme hudens metabolisme.<\/p>\n\n\n\n<h2 class=\"wp-block-heading\">Funksjonene til sminkefjernerbalsam<\/h2>\n\n\n\n<p><strong>1. Fin tekstur: <\/strong>Sminkefjernerbalsamens pastakonsistens er stabil og ikke lett \u00e5 miste, og den er veldig fin. Den smelter umiddelbart n\u00e5r den kommer i kontakt med huden, l\u00f8ser opp sminke-smuss i dybden og er lett \u00e5 skylle av etter emulgering uten \u00e5 etterlate rester.&nbsp;<\/p>\n\n\n\n<p><strong>2. Mild og ikke-irriterende: <\/strong>V\u00e5r formel for sminkefjerner inneholder ikke ingredienser som alkohol, kunstige dufter og irriterende konserveringsmidler, s\u00e5 den er veldig sk\u00e5nsom, og pH-verdien er n\u00e6r den for menneskelig hud, noe som gj\u00f8r den tryggere \u00e5 bruke.&nbsp;<\/p>\n\n\n\n<p><strong>3. B\u00e6rbar og ikke lett \u00e5 lekke:<\/strong> Dette produktet er en fast pasta, s\u00e5 det er ikke n\u00f8dvendig \u00e5 bekymre seg for lekkasje av flytende produkter. Det er veldig lett og enkelt \u00e5 oppbevare, og det er veldig praktisk \u00e5 ta med seg n\u00e5r du reiser p\u00e5 forretningsreise.&nbsp;<\/p>\n\n\n\n<p><strong>4. Sminkefjerner og pleiende to-i-ett: <\/strong>I tillegg til den dyptg\u00e5ende sminkefjerningseffekten, kan sminkefjerningsbalsam ogs\u00e5 gi n\u00e6ring og pleie til huden samtidig, slik at huden holder seg myk og str\u00e5lende.&nbsp;<\/p>\n\n\n\n<p><strong>5. \u00c9n flaske med flere effekter, grundig sminkefjerning: <\/strong>Du trenger ikke \u00e5 bruke ekstra sminkefjerner for \u00f8yne og lepper. \u00c9n flaske sminkefjernerbalsam kan fjerne hele ansiktssminken, noe som sparer sminkefjerningstrinn og er veldig praktisk.&nbsp;<\/p>\n\n\n\n<h2 class=\"wp-block-heading\">Slik bruker du sminkefjernerbalsam<\/h2>\n\n\n\n<p>Vi anbefaler \u00e5 bruke sminkefjernerbalsam med t\u00f8rre hender og ansikt for \u00e5 maksimere sminkefjerningseffekten.<\/p>\n\n\n\n<p>1. Hold ansiktet t\u00f8rt, ta ut en mengde sminkefjernerpomade p\u00e5 st\u00f8rrelse med en mynt p\u00e5 1 yuan i h\u00e5ndflaten, og bruk temperaturen i h\u00e5ndflaten til \u00e5 smelte pomaden til en oljete tilstand.<\/p>\n\n\n\n<p>2. P\u00e5f\u00f8r det jevnt over hele ansiktet og masser forsiktig i omtrent 1 minutt for \u00e5 l\u00f8se opp sminken i ansiktet.<\/p>\n\n\n\n<p>3. Fukt hendene med vann og fortsett \u00e5 massere ansiktet for \u00e5 emulgere sminken til en hvit lotion.<\/p>\n\n\n\n<p>4. Skyll grundig med rent vann og fortsett med den p\u00e5f\u00f8lgende hudpleieprosessen.<\/p>\n\n\n\n<h2 class=\"wp-block-heading\">Forsiktighet<\/h2>\n\n\n\n<p><strong>1. S\u00f8rg for at hendene og ansiktet er t\u00f8rt f\u00f8r du fjerner sminke: <\/strong>Et v\u00e5tt ansikt vil redusere emulgeringseffektiviteten til sminke, s\u00e5 det anbefales \u00e5 fjerne sminke n\u00e5r ansiktet og hendene er t\u00f8rre.&nbsp;<\/p>\n\n\n\n<p><strong>2. Skyll grundig etter at du har fjernet sminke: <\/strong>Etter at du har fjernet sminke, skyll ansiktet med rikelig med vann for \u00e5 unng\u00e5 at oljerester tetter porene.&nbsp;<\/p>\n\n\n\n<p><strong>3. Unng\u00e5 kontakt med innsiden av \u00f8ynene: <\/strong>Selv om dette produktet er mildt og ikke-irriterende, b\u00f8r det unng\u00e5s \u00e5 komme i direkte kontakt med \u00f8ynene for \u00e5 forhindre ubehag.&nbsp;<\/p>\n\n\n\n<p><strong>4. Forsegl og oppbevar etter bruk:<\/strong> For \u00e5 opprettholde best mulig effekt av sminkefjernerbalsam og forhindre oksidasjon og forringelse, m\u00e5 du stramme til korken og forsegle den etter bruk.&nbsp;<\/p>\n\n\n\n<h2 class=\"wp-block-heading\">Konklusjon<\/h2>\n\n\n\n<p>Makeup Remover Balm kombinerer effektiv sminkefjerning og hudpleie. Den har en fast pastatekstur som smelter inn i huden og fjerner sminke grundig. Den passer for en rekke hudtyper og sminke. \u00c9n flaske kan fjerne flere typer sminke. Den er sv\u00e6rt effektiv og passer ogs\u00e5 for sensitiv hud og forretningsreisende.<\/p>","protected":false},"excerpt":{"rendered":"Makeup Remover Balm Manufacturing Common Formulas As a professional manufacturer of makeup remover balm, we insist on selecting a variety of high-quality active care ingredients, such as shea butter, ceramide, sweet almond oil, etc., to effectively achieve the dual effects of efficient makeup removal and deep skin care.&nbsp; 1. Shea butter: Shea butter is rich [&hellip;]","protected":false},"featured_media":3836,"menu_order":0,"template":"","meta":[],"product-tag":[],"products":[66],"class_list":["post-3835","product","type-product","status-publish","has-post-thumbnail","hentry","products-makeup-remover"],"acf":[],"_links":{"self":[{"href":"https:\/\/www.ruiqigo.com\/nb\/wp-json\/wp\/v2\/product\/3835","targetHints":{"allow":["GET"]}}],"collection":[{"href":"https:\/\/www.ruiqigo.com\/nb\/wp-json\/wp\/v2\/product"}],"about":[{"href":"https:\/\/www.ruiqigo.com\/nb\/wp-json\/wp\/v2\/types\/product"}],"version-history":[{"count":0,"href":"https:\/\/www.ruiqigo.com\/nb\/wp-json\/wp\/v2\/product\/3835\/revisions"}],"wp:featuredmedia":[{"embeddable":true,"href":"https:\/\/www.ruiqigo.com\/nb\/wp-json\/wp\/v2\/media\/3836"}],"wp:attachment":[{"href":"https:\/\/www.ruiqigo.com\/nb\/wp-json\/wp\/v2\/media?parent=3835"}],"wp:term":[{"taxonomy":"product-tag","embeddable":true,"href":"https:\/\/www.ruiqigo.com\/nb\/wp-json\/wp\/v2\/product-tag?post=3835"},{"taxonomy":"products","embeddable":true,"href":"https:\/\/www.ruiqigo.com\/nb\/wp-json\/wp\/v2\/products?post=3835"}],"curies":[{"name":"wp","href":"https:\/\/api.w.org\/{rel}","templated":true}]}}