{"id":3840,"date":"2025-07-18T16:41:32","date_gmt":"2025-07-18T08:41:32","guid":{"rendered":"https:\/\/www.ruiqigo.com\/?post_type=product&#038;p=3840"},"modified":"2025-07-18T16:41:33","modified_gmt":"2025-07-18T08:41:33","slug":"facial-moisturizer-mask","status":"publish","type":"product","link":"https:\/\/www.ruiqigo.com\/nb\/product\/facial-moisturizer-mask","title":{"rendered":"Ansiktsfuktighetsmaske"},"content":{"rendered":"<h2 class=\"wp-block-heading\">Vanlige formler for produksjon av ansiktsfuktighetsmaske<\/h2>\n\n\n\n<p>V\u00e5r formel for fuktighetsgivende ansiktsmaske inneholder utvalgte klassiske fuktighetsgivende ingredienser som hyaluronsyre, ceramid, panthenol, etc., som kan gi huden dyp fuktighet, styrke barrieren og berolige og stabilisere huden. Den passer for et bredt spekter av mennesker.&nbsp;<\/p>\n\n\n\n<p><strong>1. Hyaluronsyre: <\/strong>Dette er en ingrediens som absorberer vann effektivt. Den kan raskt \u00f8ke vanninnholdet i hudens stratum corneum, gi huden n\u00e6ring i dybden og gj\u00f8re ansiktshuden fyldig og hydrert.&nbsp;<\/p>\n\n\n\n<p><strong>2. Ceramid: <\/strong>Den kan reparere den skadede stratum corneum-barrieren, forbedre hudens motstandskraft og effektivt forhindre fuktighetstap. Den er spesielt egnet for brukere med sensitiv hud og en skadet hudbarriere.\u00a0\u00a0<\/p>\n\n\n\n<p><strong>3. Panthenol: <\/strong>Panthenol kan forbedre hudens selvhelbredende evne, forbedre t\u00f8rr hud, og samtidig forbedre dens evne til \u00e5 binde fuktighet, slik at huden blir langvarig hydrert og skinnende.&nbsp;<\/p>\n\n\n\n<p><strong>4. Aloe vera-ekstrakt: <\/strong>En naturlig planteingrediens med utmerket lindrende og betennelsesdempende effekt, som bidrar til \u00e5 lindre r\u00f8dhet, hevelse, t\u00f8rrhet, kl\u00f8e og andre ubehag i huden, og forbedrer hudkomforten.&nbsp;<\/p>\n\n\n\n<h2 class=\"wp-block-heading\">Funksjonene til ansiktsfuktighetsmaske<\/h2>\n\n\n\n<p><strong>1. Rask hydrering: <\/strong>Bruk av en fuktighetsgivende ansiktsmaske kan oppn\u00e5 rask fuktighet p\u00e5 bare 10\u201315 minutter, noe som forbedrer t\u00f8rr hud betydelig.\u00a0<\/p>\n\n\n\n<p><strong>2. Mild og allergivennlig:<\/strong> Formelen til dette produktet er sv\u00e6rt sk\u00e5nsom og inneholder ikke alkohol, allergifremkallende duftstoffer eller andre ingredienser. Derfor er det ogs\u00e5 sv\u00e6rt godt egnet for daglig fuktighetsgivende tilf\u00f8rsel og hydrering av sensitiv hud.&nbsp;<\/p>\n\n\n\n<p><strong>3. Forbedre hudens evne til \u00e5 binde fuktighet:<\/strong> En fuktighetsgivende ansiktsmaske kan reparere hudbarrieren, reparere det naturlige beskyttende laget samtidig som den holder p\u00e5 fuktigheten og hjelpe huden med \u00e5 opprettholde en mer langvarig hydrert tilstand.\u00a0<\/p>\n\n\n\n<p><strong>4. Passer for ulike hudtyper:<\/strong> V\u00e5r fuktighetsgivende ansiktsmaske har en mild formel og effektiv effekt, og passer for brukere med alle hudtyper, inkludert t\u00f8rr og fet hud.&nbsp;<\/p>\n\n\n\n<h2 class=\"wp-block-heading\">Slik bruker du en fuktighetskremmaske for ansiktet<\/h2>\n\n\n\n<p>Det anbefales \u00e5 bruke ansiktsmasken etter rensing av huden for \u00e5 maksimere fuktighetsgivende og fuktighetsbevarende effekt.<\/p>\n\n\n\n<p>1. Etter rens, ta ut ansiktskremen og p\u00e5f\u00f8r den i ansiktet.<\/p>\n\n\n\n<p>2. Vent i 10\u201315 minutter slik at huden absorberer fuktigheten og essensen.<\/p>\n\n\n\n<p>3. Fjern masken fra ansiktet og klapp den forsiktig for \u00e5 fremme absorpsjon.<\/p>\n\n\n\n<p>4. Skyll med rent vann og fortsett den p\u00e5f\u00f8lgende hudpleieprosessen for \u00e5 styrke den fuktighetsbevarende effekten.<\/p>\n\n\n\n<h2 class=\"wp-block-heading\">Forsiktighet<\/h2>\n\n\n\n<p><strong>1. Sensitivitetstest:<\/strong> Hvis du bruker dette produktet for f\u00f8rste gang, anbefales det \u00e5 utf\u00f8re en hudf\u00f8lsomhetstest bak \u00f8ret eller p\u00e5 haken f\u00f8rst, og deretter bruke det fullt ut n\u00e5r det ikke oppst\u00e5r ubehag.&nbsp;<\/p>\n\n\n\n<p><strong>2. Ikke bruk p\u00e5 skadet hud:<\/strong> N\u00e5r huden er skadet, r\u00f8d, hoven eller allergisk, m\u00e5 du ikke bruke ansiktskremen for \u00e5 unng\u00e5 hudirritasjon.\u00a0<\/p>\n\n\n\n<p><strong>3. Oppbevares kj\u00f8lig og beskyttet mot lys:<\/strong> Oppbevar dette produktet p\u00e5 et kj\u00f8lig og t\u00f8rt sted, unna h\u00f8ye temperaturer og sollys, for \u00e5 sikre produktets aktivitet og effekt.\u00a0<\/p>\n\n\n\n<p><strong>4. Brukstiden b\u00f8r ikke v\u00e6re for lang: <\/strong>Den anbefalte brukstiden er basert p\u00e5 produktinstruksjonene og b\u00f8r ikke v\u00e6re for lang for \u00e5 unng\u00e5 bivirkninger.<\/p>\n\n\n\n<h2 class=\"wp-block-heading\">Konklusjon<\/h2>\n\n\n\n<p>Ansiktsmaske er et sv\u00e6rt effektivt fuktighetsgivende hudpleieprodukt som raskt kan gjenoppbygge og holde p\u00e5 fuktigheten. Vi har n\u00f8ye utvalgt sv\u00e6rt effektive fuktighetsgivende ingredienser for \u00e5 dekke fuktighetsbehovet til alle hudtyper. Enten det er daglig fuktighetsgivende pleie eller n\u00f8dfuktighetsgivende behandling for t\u00f8rr og sensitiv hud, er denne masken et godt valg.<\/p>","protected":false},"excerpt":{"rendered":"Facial Moisturizer Mask Manufacturing Common Formulas Our facial moisturizer mask formula contains selected classic hydrating and moisturizing ingredients such as hyaluronic acid, ceramide, panthenol, etc., which can deeply hydrate the skin, strengthen the barrier, and soothe and stabilize the skin. It is suitable for a wide range of people.&nbsp; 1. Hyaluronic acid: This is an [&hellip;]","protected":false},"featured_media":3841,"menu_order":0,"template":"","meta":[],"product-tag":[],"products":[69],"class_list":["post-3840","product","type-product","status-publish","has-post-thumbnail","hentry","products-facial-mask"],"acf":[],"_links":{"self":[{"href":"https:\/\/www.ruiqigo.com\/nb\/wp-json\/wp\/v2\/product\/3840","targetHints":{"allow":["GET"]}}],"collection":[{"href":"https:\/\/www.ruiqigo.com\/nb\/wp-json\/wp\/v2\/product"}],"about":[{"href":"https:\/\/www.ruiqigo.com\/nb\/wp-json\/wp\/v2\/types\/product"}],"version-history":[{"count":0,"href":"https:\/\/www.ruiqigo.com\/nb\/wp-json\/wp\/v2\/product\/3840\/revisions"}],"wp:featuredmedia":[{"embeddable":true,"href":"https:\/\/www.ruiqigo.com\/nb\/wp-json\/wp\/v2\/media\/3841"}],"wp:attachment":[{"href":"https:\/\/www.ruiqigo.com\/nb\/wp-json\/wp\/v2\/media?parent=3840"}],"wp:term":[{"taxonomy":"product-tag","embeddable":true,"href":"https:\/\/www.ruiqigo.com\/nb\/wp-json\/wp\/v2\/product-tag?post=3840"},{"taxonomy":"products","embeddable":true,"href":"https:\/\/www.ruiqigo.com\/nb\/wp-json\/wp\/v2\/products?post=3840"}],"curies":[{"name":"wp","href":"https:\/\/api.w.org\/{rel}","templated":true}]}}