{"id":3855,"date":"2025-07-23T16:19:49","date_gmt":"2025-07-23T08:19:49","guid":{"rendered":"https:\/\/www.ruiqigo.com\/?post_type=product&#038;p=3855"},"modified":"2025-07-23T16:19:49","modified_gmt":"2025-07-23T08:19:49","slug":"gentle-facial-cleanser","status":"publish","type":"product","link":"https:\/\/www.ruiqigo.com\/nb\/product\/gentle-facial-cleanser","title":{"rendered":"Mild ansiktsrens"},"content":{"rendered":"<h2 class=\"wp-block-heading\">Vanlige formler for produksjon av mild ansiktsrens<\/h2>\n\n\n\n<p>Vi velger n\u00f8ye ut en rekke plantebaserte ingredienser og milde overflateaktive stoffer som skal tilsettes den milde ansiktsrenseformelen for \u00e5 sikre at huden er fullt beskyttet og n\u00e6ret under den grundige renseprosessen. Produktets ingredienser er konsise og effektive, hovedsakelig aminosyreoverflateaktive stoffer, planteekstrakterte lindrende faktorer og naturlige fuktighetsgivende stoffer.&nbsp;<\/p>\n\n\n\n<p><strong>1. Natriumkokoylglutamat: <\/strong>Dette er et mildt overflateaktivt middel utvunnet fra kokosolje og aminosyrer. Det er mildt av natur, inneholder ikke s\u00e5pebaser, har gode skummende og rensende egenskaper, kan effektivt fjerne smuss og overfl\u00f8dig talg, og etterlater ikke ansiktet stramt eller t\u00f8rt etter rens.&nbsp;<\/p>\n\n\n\n<p><strong>2. Natriumkokoylglycinat:<\/strong> Den tilh\u00f8rer ogs\u00e5 aminosyresystemet, er sv\u00e6rt sk\u00e5nsom, har et rikt skum og er den viktigste rensende ingrediensen i mange eksklusive renseprodukter. Samtidig har den en utmerket hudf\u00f8lelse og fuktighetsgivende egenskaper, som kan hjelpe huden med \u00e5 opprettholde fuktighet og mykhet.\u00a0<\/p>\n\n\n\n<p><strong>3. Glyserin: <\/strong>Glyserin er en klassisk fuktighetsgivende ingrediens som kan holde p\u00e5 fuktigheten og lindre t\u00f8rrhet under rens, og dermed forhindre at huden blir stram p\u00e5 grunn av rens. Den kan ogs\u00e5 \u00f8ke vanninnholdet i stratum corneum og er en uunnv\u00e6rlig grunnleggende fuktighetsgivende ingrediens for sk\u00e5nsom rens.&nbsp;<\/p>\n\n\n\n<p><strong>4. Panthenol: <\/strong>Panthenol kan trenge dypt inn i stratum corneum for \u00e5 hjelpe huden med \u00e5 binde fuktighet. Den har ogs\u00e5 en beroligende og betennelsesdempende effekt. Den kan reparere mikroskader og forbedre hudens mykhet under renseprosessen, noe som gj\u00f8r huden glattere og mer delikat.&nbsp;<\/p>\n\n\n\n<p><strong>5. Aloe vera-ekstrakt:<\/strong> Dette er en ingrediens rik p\u00e5 diverse aminosyrer og vitaminer. Den har betydelige lindrende, antioksidant- og reparerende effekter. Den kan lindre mindre irritasjon for\u00e5rsaket av rengj\u00f8ring og forbedre den generelle stabiliteten og hudens f\u00f8lelse.&nbsp;<\/p>\n\n\n\n<h2 class=\"wp-block-heading\">Funksjonene til en mild ansiktsrens<\/h2>\n\n\n\n<p><strong>1. Mild og ikke-irriterende: <\/strong>En mild ansiktsrens bruker ikke kunstige dufter, s\u00e5pebaser eller alkohol, s\u00e5 den er veldig mild og reduserer risikoen for hudsensitivitet betydelig. Den er egnet for spedbarn, gravide og personer med skadet hudbarrierer, noe som gj\u00f8r rensing tryggere.\u00a0<\/p>\n\n\n\n<p><strong>2. Rikt og delikat skum:<\/strong> V\u00e5r milde ansiktsrens har et rikt skum og kan enkelt skummes opp uten \u00e5 bruke for mange trinn. Skummet omslutter smusset tett, og rengj\u00f8ringsprosessen er sv\u00e6rt effektiv uten \u00e5 rive i huden.&nbsp;<\/p>\n\n\n\n<p><strong>3. Renser og fukter samtidig:<\/strong> En sk\u00e5nsom ansiktsrens renser ikke bare grundig smuss i ansiktet, men beholder ogs\u00e5 de n\u00f8dvendige vann- og fettkomponentene i huden, slik at du unng\u00e5r f\u00f8lelsen av \u00e5 v\u00e6re veldig stram etter rensing, og oppn\u00e5r virkelig sk\u00e5nsom rensing.\u00a0<\/p>\n\n\n\n<p><strong>4. H\u00f8y tilpasningsevne:<\/strong> Mild ansiktsrens er egnet for en rekke hudtilstander, inkludert t\u00f8rr hud, fet hud, kombinasjonshud og sensitiv hud, s\u00e5 den har h\u00f8y tilpasningsevne.\u00a0<\/p>\n\n\n\n<h2 class=\"wp-block-heading\">Slik bruker du en mild ansiktsrens<\/h2>\n\n\n\n<p>Riktig bruk av en mild ansiktsrens kan sikre renseeffekten samtidig som den minimerer skaden p\u00e5 huden. Det anbefales \u00e5 bruke den \u00e9n gang daglig, morgen og kveld, kombinert med varmt vann for \u00e5 forsterke den rensende og lindrende effekten.<\/p>\n\n\n\n<p>1. Fukt ansiktet med varmt vann, ta en passende mengde ansiktsrens i h\u00e5ndflaten, tilsett vann og gni inn for \u00e5 lage skum.<\/p>\n\n\n\n<p>2. P\u00e5f\u00f8r skummet jevnt i ansiktet og masser forsiktig i sirkler i 30 sekunder til 1 minutt.<\/p>\n\n\n\n<p>3. Skyll ansiktet grundig med rent vann.<\/p>\n\n\n\n<p>4. Bruk et rent h\u00e5ndkle til \u00e5 forsiktig trykke p\u00e5 ansiktet for \u00e5 absorbere fuktighet, og unng\u00e5 \u00e5 t\u00f8rke og dra for mye i huden.&nbsp;<\/p>\n\n\n\n<h2 class=\"wp-block-heading\">Forsiktighet<\/h2>\n\n\n\n<p><strong>1. Hudtest: <\/strong>Vi anbefaler at du gj\u00f8r en lokal test bak \u00f8ret eller p\u00e5 kjevelinjen f\u00f8rste gang for \u00e5 bekrefte at den ikke irriterer huden f\u00f8r du bruker den p\u00e5 et stort omr\u00e5de.\u00a0<\/p>\n\n\n\n<p><strong>2. Unng\u00e5 kontakt med \u00f8ynene: <\/strong>Hvis det ved et uhell kommer i kontakt med \u00f8ynene, skyll straks med rikelig med vann for \u00e5 unng\u00e5 irritasjon eller ubehag.&nbsp;<\/p>\n\n\n\n<p><strong>3. Bruk med varmt vann:<\/strong> Varmt vann kan skade hudens talglag, mens kaldt vann kanskje ikke er i stand til \u00e5 rense effektivt. Derfor anbefaler vi \u00e5 bruke varmt vann til \u00e5 vaske ansiktet, da det kan bidra til \u00e5 l\u00f8se opp olje og beskytte negleb\u00e5ndet.\u00a0<\/p>\n\n\n\n<p><strong>4. V\u00e6r oppmerksom p\u00e5 fuktighetsgivende tilsetning etterp\u00e5: <\/strong>Etter rens b\u00f8r du bruke toner og fuktighetskrem s\u00e5 snart som mulig for oppf\u00f8lging av hudpleie for \u00e5 holde p\u00e5 fuktigheten.&nbsp;<\/p>\n\n\n\n<h2 class=\"wp-block-heading\">Konklusjon<\/h2>\n\n\n\n<p>En mild ansiktsrens som ikke bare finner en ideell balanse mellom rensekraft og mildhet, men pleier ogs\u00e5 hver centimeter av huden din med n\u00f8ye utvalgte ingredienser. V\u00e5r s\u00e5pefrie, alkoholfrie og hypoallergeniske formel, kombinert med flere beroligende og fuktighetsgivende ingredienser, gir en trygg renseopplevelse for alle hudtyper.<\/p>","protected":false},"excerpt":{"rendered":"Gentle Facial Cleanser Manufacturing Common Formulas We carefully select a variety of plant-based ingredients and mild surfactants to add to the gentle facial cleanser formula to ensure that the skin is fully protected and nourished during the thorough cleansing process. The product ingredients are concise and effective, mainly amino acid surfactants, plant-extracted soothing factors, and [&hellip;]","protected":false},"featured_media":3856,"menu_order":0,"template":"","meta":[],"product-tag":[],"products":[65],"class_list":["post-3855","product","type-product","status-publish","has-post-thumbnail","hentry","products-facial-cleanser"],"acf":[],"_links":{"self":[{"href":"https:\/\/www.ruiqigo.com\/nb\/wp-json\/wp\/v2\/product\/3855","targetHints":{"allow":["GET"]}}],"collection":[{"href":"https:\/\/www.ruiqigo.com\/nb\/wp-json\/wp\/v2\/product"}],"about":[{"href":"https:\/\/www.ruiqigo.com\/nb\/wp-json\/wp\/v2\/types\/product"}],"version-history":[{"count":0,"href":"https:\/\/www.ruiqigo.com\/nb\/wp-json\/wp\/v2\/product\/3855\/revisions"}],"wp:featuredmedia":[{"embeddable":true,"href":"https:\/\/www.ruiqigo.com\/nb\/wp-json\/wp\/v2\/media\/3856"}],"wp:attachment":[{"href":"https:\/\/www.ruiqigo.com\/nb\/wp-json\/wp\/v2\/media?parent=3855"}],"wp:term":[{"taxonomy":"product-tag","embeddable":true,"href":"https:\/\/www.ruiqigo.com\/nb\/wp-json\/wp\/v2\/product-tag?post=3855"},{"taxonomy":"products","embeddable":true,"href":"https:\/\/www.ruiqigo.com\/nb\/wp-json\/wp\/v2\/products?post=3855"}],"curies":[{"name":"wp","href":"https:\/\/api.w.org\/{rel}","templated":true}]}}