{"id":402,"date":"2024-07-08T10:46:59","date_gmt":"2024-07-08T02:46:59","guid":{"rendered":"https:\/\/ruiqigo.com\/?post_type=product&#038;p=402"},"modified":"2024-10-28T15:41:34","modified_gmt":"2024-10-28T07:41:34","slug":"tea-tree-body-wash","status":"publish","type":"product","link":"https:\/\/www.ruiqigo.com\/nb\/product\/tea-tree-body-wash","title":{"rendered":"Tea tree dusjs\u00e5pe"},"content":{"rendered":"<h3 class=\"wp-block-heading\">Produksjon av tea tree-dusjs\u00e5pe Vanlige formler<\/h3>\n\n\n\n<p>Hovedingrediensen i denne Tea Tree-dusjs\u00e5pen er naturlig eterisk olje fra tea tree. Tea Tree-olje er en naturlig antibakteriell og betennelsesdempende ingrediens som ikke bare renser huden, men ogs\u00e5 reparerer skadet hud og forhindrer hudproblemer. Vi har ogs\u00e5 tilsatt planteekstrakter som Melaleuca alternifolia-bladolje og mentol for \u00e5 ytterligere forbedre den rensende og beroligende effekten, noe som gir mer omfattende pleie til huden. Alle ingrediensene er strengt testet og screenet for \u00e5 sikre produktenes sikkerhet og effekt, slik at du f\u00e5r en naturlig badeopplevelse av h\u00f8y kvalitet.<\/p>\n\n\n\n<h3 class=\"wp-block-heading\">Tea tree dusjs\u00e5pe Gjeldende scenarier<\/h3>\n\n\n\n<p>Denne tea tree-duften er perfekt for varme og fuktige sommerforhold. Den forfriskende tea tree-duften gir en forfriskende og styrkende badeopplevelse, som hjelper deg \u00e5 f\u00f8le deg umiddelbart uthvilt i sommervarmen. Samtidig er de naturlige antibakterielle ingrediensene effektive for \u00e5 forhindre svetteb\u00e5rne hudproblemer, slik at du alltid kan opprettholde frisk og ren hud i varmt v\u00e6r.<\/p>\n\n\n\n<h3 class=\"wp-block-heading\">Hvem er Tea Tree dusjs\u00e5pe for?<\/h3>\n\n\n\n<p>Denne tea tree-dusjs\u00e5pen er ideell for de som s\u00f8ker renslighet og hygiene, og er opptatt av hudens helse. De naturlige antibakterielle ingrediensene kan effektivt drepe skadelige bakterier, noe som gir en tryggere og mer effektiv rengj\u00f8ring av huden. Samtidig kan de rike, n\u00e6rende ingrediensene gi omfattende pleie til brukere av alle hudtyper, for \u00e5 bidra til \u00e5 forbedre t\u00f8rrhet, sensitivitet og andre problemer. I tillegg kan den friske duften ogs\u00e5 gi en behagelig badetid til de som liker en frisk opplevelse.<\/p>\n\n\n\n<h3 class=\"wp-block-heading\">Produksjonsprosess for tea tree-dusjs\u00e5pe<\/h3>\n\n\n\n<p>I produksjonen av v\u00e5r Tea Tree-dusjs\u00e5pe bruker vi ren tea tree-olje og en sk\u00e5nsom ekstraksjonsprosess for \u00e5 sikre at de aktive ingrediensene beholdes. Under produksjonsprosessen kontrollerer vi strengt pH-niv\u00e5et og konsentrasjonen av tea tree-olje i formuleringene v\u00e5re for \u00e5 oppn\u00e5 best mulig hudpleieeffekt og bruksopplevelse. I tillegg fokuserer vi p\u00e5 milj\u00f8vern og b\u00e6rekraft for \u00e5 sikre at produktene v\u00e5re er milj\u00f8vennlige.<\/p>","protected":false},"excerpt":{"rendered":"Tea tree body wash manufacturing Common Formulas The main ingredient in this Tea Tree Body Wash is natural tea tree essential oil. Tea Tree oil is a natural anti-bacterial and anti-inflammatory ingredient that not only cleanses the skin, but also repairs damaged skin and prevents skin problems from occurring. We have also added plant extracts [&hellip;]","protected":false},"featured_media":406,"menu_order":0,"template":"","meta":[],"product-tag":[],"products":[57],"class_list":["post-402","product","type-product","status-publish","has-post-thumbnail","hentry","products-body-wash"],"acf":[],"_links":{"self":[{"href":"https:\/\/www.ruiqigo.com\/nb\/wp-json\/wp\/v2\/product\/402","targetHints":{"allow":["GET"]}}],"collection":[{"href":"https:\/\/www.ruiqigo.com\/nb\/wp-json\/wp\/v2\/product"}],"about":[{"href":"https:\/\/www.ruiqigo.com\/nb\/wp-json\/wp\/v2\/types\/product"}],"version-history":[{"count":0,"href":"https:\/\/www.ruiqigo.com\/nb\/wp-json\/wp\/v2\/product\/402\/revisions"}],"wp:featuredmedia":[{"embeddable":true,"href":"https:\/\/www.ruiqigo.com\/nb\/wp-json\/wp\/v2\/media\/406"}],"wp:attachment":[{"href":"https:\/\/www.ruiqigo.com\/nb\/wp-json\/wp\/v2\/media?parent=402"}],"wp:term":[{"taxonomy":"product-tag","embeddable":true,"href":"https:\/\/www.ruiqigo.com\/nb\/wp-json\/wp\/v2\/product-tag?post=402"},{"taxonomy":"products","embeddable":true,"href":"https:\/\/www.ruiqigo.com\/nb\/wp-json\/wp\/v2\/products?post=402"}],"curies":[{"name":"wp","href":"https:\/\/api.w.org\/{rel}","templated":true}]}}