{"id":405,"date":"2024-07-08T11:19:22","date_gmt":"2024-07-08T03:19:22","guid":{"rendered":"https:\/\/ruiqigo.com\/?post_type=product&#038;p=405"},"modified":"2024-10-28T11:15:36","modified_gmt":"2024-10-28T03:15:36","slug":"retinol-hand-cream","status":"publish","type":"product","link":"https:\/\/www.ruiqigo.com\/nb\/product\/retinol-hand-cream","title":{"rendered":"Retinol h\u00e5ndkrem"},"content":{"rendered":"<h3 class=\"wp-block-heading\">Produksjon av retinol h\u00e5ndkrem Vanlige formler<\/h3>\n\n\n\n<p>Kjerneingrediensene i denne retinolh\u00e5ndkremen inkluderer retinol og jojobafr\u00f8olje. Retinol er et fettl\u00f8selig vitamin som stimulerer cellefornyelse og reparerer skadet hud p\u00e5 hendene, mens jojobafr\u00f8olje er rik p\u00e5 en rekke naturlige fettsyrer som gir n\u00e6ring til huden i dybden og forbedrer t\u00f8rrhet og ruhet. I tillegg tilsetter formelen ogs\u00e5 s\u00f8t mandelolje, sesamolje og andre fuktighetsgivende ingredienser, som effektivt kan gjenoppbygge hudens fuktighetsbehov for \u00e5 opprettholde den optimale vann-olje-balansen.<\/p>\n\n\n\n<h3 class=\"wp-block-heading\">Retinol h\u00e5ndkrem Gjeldende scenarier<\/h3>\n\n\n\n<p>Denne retinol-h\u00e5ndkremen er ideell for bruk i t\u00f8rt og kaldt klima. Kalde vintertemperaturer og kunstig oppvarming kan for\u00e5rsake t\u00f8rre, flassende og til og med sprukne hender. De rike fuktighetsgivende ingrediensene i denne h\u00e5ndkremen vil gi n\u00e6ring til hendene dine i dybden, gi dem fuktigheten de trenger, reparere skadede celler og gjenopprette mykheten og gl\u00f8den. I tillegg kan den ogs\u00e5 gi en beskyttende barriere for hendene, og effektivt forhindre t\u00f8rrhet, frostsprekker og andre problemer. Enten det er om vinteren eller i den t\u00f8rre og vindfulle \u00e5rstiden, kan denne h\u00e5ndkremen gi deg omfattende pleie for hendene dine.<\/p>\n\n\n\n<h3 class=\"wp-block-heading\">Hvem passer Retinol h\u00e5ndkrem for<\/h3>\n\n\n\n<p>Denne retinol-h\u00e5ndkremen er ideell for brukere med t\u00f8rr hud. Enten hendene dine er t\u00f8rre p\u00e5 grunn av hyppig h\u00e5ndvask eller kjemisk eksponering, eller huden din er flassende p\u00e5 grunn av kaldt vinterv\u00e6r, vil denne h\u00e5ndkremen gi n\u00e6ringen du trenger. Den trenger dypt inn i huden for \u00e5 fylle p\u00e5 n\u00f8dvendige n\u00e6ringsstoffer og reparere skadede celler, slik at hendene blir myke og glatte. Samtidig absorberes den raskt uten \u00e5 etterlate en klissete f\u00f8lelse, noe som gj\u00f8r den egnet for alle hudtyper.<\/p>\n\n\n\n<h3 class=\"wp-block-heading\">Produksjonsprosess for retinol h\u00e5ndkrem<\/h3>\n\n\n\n<p>Den spesielle produksjonsprosessen til Retinol Hand Cream inkluderer bruk av en stabilisert retinolformel for \u00e5 opprettholde dens antioksidantaktivitet, og en lavtemperaturutvinningsprosess for \u00e5 minimere \u00f8deleggelse av ingredienser. Streng pH- og fuktighetskontroll under produksjonen sikrer retinolens stabilitet og effektivitet. I tillegg er spesielt tilsatte fuktighetsgivende ingredienser som glyserin og hyaluronsyre presist proporsjonert for \u00e5 oppn\u00e5 dyp n\u00e6ring uten fethet for alle hudtyper.<\/p>","protected":false},"excerpt":{"rendered":"Retinol hand cream manufacturing Common Formulas The core ingredients of this Retinol Hand Cream include Retinol and Jojoba Seed Oil. Retinol is a fat-soluble vitamin that stimulates cell renewal and repairs damaged skin on the hands, while Jojoba Seed Oil is rich in a variety of natural fatty acids that deeply nourish the skin and [&hellip;]","protected":false},"featured_media":414,"menu_order":0,"template":"","meta":[],"product-tag":[],"products":[58],"class_list":["post-405","product","type-product","status-publish","has-post-thumbnail","hentry","products-hand-cream"],"acf":[],"_links":{"self":[{"href":"https:\/\/www.ruiqigo.com\/nb\/wp-json\/wp\/v2\/product\/405","targetHints":{"allow":["GET"]}}],"collection":[{"href":"https:\/\/www.ruiqigo.com\/nb\/wp-json\/wp\/v2\/product"}],"about":[{"href":"https:\/\/www.ruiqigo.com\/nb\/wp-json\/wp\/v2\/types\/product"}],"version-history":[{"count":0,"href":"https:\/\/www.ruiqigo.com\/nb\/wp-json\/wp\/v2\/product\/405\/revisions"}],"wp:featuredmedia":[{"embeddable":true,"href":"https:\/\/www.ruiqigo.com\/nb\/wp-json\/wp\/v2\/media\/414"}],"wp:attachment":[{"href":"https:\/\/www.ruiqigo.com\/nb\/wp-json\/wp\/v2\/media?parent=405"}],"wp:term":[{"taxonomy":"product-tag","embeddable":true,"href":"https:\/\/www.ruiqigo.com\/nb\/wp-json\/wp\/v2\/product-tag?post=405"},{"taxonomy":"products","embeddable":true,"href":"https:\/\/www.ruiqigo.com\/nb\/wp-json\/wp\/v2\/products?post=405"}],"curies":[{"name":"wp","href":"https:\/\/api.w.org\/{rel}","templated":true}]}}