{"id":418,"date":"2024-07-08T11:28:04","date_gmt":"2024-07-08T03:28:04","guid":{"rendered":"https:\/\/ruiqigo.com\/?post_type=product&#038;p=418"},"modified":"2024-10-28T11:59:47","modified_gmt":"2024-10-28T03:59:47","slug":"goat-milk-hand-cream","status":"publish","type":"product","link":"https:\/\/www.ruiqigo.com\/nb\/product\/goat-milk-hand-cream","title":{"rendered":"H\u00e5ndkrem av geitemelk"},"content":{"rendered":"<h3 class=\"wp-block-heading\">Produksjon av h\u00e5ndkrem av geitemelk Vanlige formler<\/h3>\n\n\n\n<p>En av hovedingrediensene i denne h\u00e5ndkremen av geitemelk er geitemelk av h\u00f8y kvalitet. Geitemelk er rik p\u00e5 proteiner, vitaminer og mineraler som gir n\u00e6ring til og reparerer huden p\u00e5 hendene i dybden, og forbedrer t\u00f8rrhet og ruhet. I tillegg tilsetter formelen natriumhyaluronat og glyserin og andre fuktighetsgivende ingredienser, som effektivt kan gjenoppbygge hudens fuktighet, forbedre elastisitet og glans. Disse naturlige ingrediensene av h\u00f8y kvalitet er ikke bare trygge og ikke-irriterende, men gir ogs\u00e5 omfattende pleie for hendene dine, slik at huden alltid er myk og glatt.<\/p>\n\n\n\n<h3 class=\"wp-block-heading\">H\u00e5ndkrem av geitemelk Gjeldende scenarier<\/h3>\n\n\n\n<p>Denne h\u00e5ndkremen laget av geitemelk er ideell for bruk i t\u00f8rt og kaldt klima. Kalde vintertemperaturer og kunstig oppvarming kan f\u00f8re til t\u00f8rre, flassende og til og med sprukne hender. De rike fuktighetsgivende ingrediensene i denne h\u00e5ndkremen gir n\u00e6ring til og reparerer huden p\u00e5 hendene i dybden, og etterfyller fuktigheten de trenger for \u00e5 v\u00e6re myke og glatte. I tillegg gir den ogs\u00e5 en beskyttende barriere for hendene, som effektivt forhindrer t\u00f8rrhet og frostskader. Enten det er en kald vinter eller en t\u00f8rr, vindfull sesong, vil denne h\u00e5ndkremen gi hendene dine den fulle pleien de trenger.<\/p>\n\n\n\n<h3 class=\"wp-block-heading\">Hvem er h\u00e5ndkrem av geitemelk for?<\/h3>\n\n\n\n<p>Denne h\u00e5ndkremen laget av geitemelk er ideell for brukere med t\u00f8rr hud. Enten hendene dine er t\u00f8rre p\u00e5 grunn av hyppig h\u00e5ndvask eller kjemisk eksponering, eller huden din er flassende p\u00e5 grunn av kaldt vinterv\u00e6r, vil denne h\u00e5ndkremen gi n\u00e6ringen du trenger. Den gir n\u00e6ring i dybden og reparerer huden p\u00e5 hendene dine, og etterfyller fuktigheten og n\u00e6ringsstoffene de trenger for \u00e5 v\u00e6re myke og glatte. Samtidig absorberes den raskt uten \u00e5 etterlate en klissete f\u00f8lelse, noe som gj\u00f8r den egnet for alle hudtyper.<\/p>\n\n\n\n<h3 class=\"wp-block-heading\">Produksjonsprosess for h\u00e5ndkrem av geitemelk<\/h3>\n\n\n\n<p>Den spesielle produksjonsprosessen til h\u00e5ndkrem med geitemelk gjenspeiles i det n\u00f8ye utvalget og behandlingen av r\u00e5materialer. Fersk geitemelk av h\u00f8y kvalitet brukes til \u00e5 utvinne de rike n\u00e6ringsstoffene gjennom lavtemperaturbehandling og enzymatisk teknologi, noe som sikrer at aktive ingredienser som melkesyre og vitaminer beholdes i geitemelken. Under produksjonsprosessen kontrolleres blandingsforholdet og emulgeringsprosessen strengt for \u00e5 sikre at h\u00e5ndkremen har en fin tekstur og absorberes raskt. I tillegg er det ingen tilsatte dufter og fargestoffer for \u00e5 redusere hudirritasjon, noe som gj\u00f8r den egnet for sensitiv hud.<\/p>","protected":false},"excerpt":{"rendered":"Goat milk hand cream manufacturing Common Formulas One of the core ingredients of this goat milk hand cream is high quality goat milk. Goat milk is rich in proteins, vitamins and minerals that deeply nourish and repair the skin on your hands, improving dryness and roughness. In addition, the formula also adds sodium hyaluronate and [&hellip;]","protected":false},"featured_media":419,"menu_order":0,"template":"","meta":[],"product-tag":[],"products":[58],"class_list":["post-418","product","type-product","status-publish","has-post-thumbnail","hentry","products-hand-cream"],"acf":[],"_links":{"self":[{"href":"https:\/\/www.ruiqigo.com\/nb\/wp-json\/wp\/v2\/product\/418","targetHints":{"allow":["GET"]}}],"collection":[{"href":"https:\/\/www.ruiqigo.com\/nb\/wp-json\/wp\/v2\/product"}],"about":[{"href":"https:\/\/www.ruiqigo.com\/nb\/wp-json\/wp\/v2\/types\/product"}],"version-history":[{"count":0,"href":"https:\/\/www.ruiqigo.com\/nb\/wp-json\/wp\/v2\/product\/418\/revisions"}],"wp:featuredmedia":[{"embeddable":true,"href":"https:\/\/www.ruiqigo.com\/nb\/wp-json\/wp\/v2\/media\/419"}],"wp:attachment":[{"href":"https:\/\/www.ruiqigo.com\/nb\/wp-json\/wp\/v2\/media?parent=418"}],"wp:term":[{"taxonomy":"product-tag","embeddable":true,"href":"https:\/\/www.ruiqigo.com\/nb\/wp-json\/wp\/v2\/product-tag?post=418"},{"taxonomy":"products","embeddable":true,"href":"https:\/\/www.ruiqigo.com\/nb\/wp-json\/wp\/v2\/products?post=418"}],"curies":[{"name":"wp","href":"https:\/\/api.w.org\/{rel}","templated":true}]}}