{"id":423,"date":"2024-07-08T11:46:52","date_gmt":"2024-07-08T03:46:52","guid":{"rendered":"https:\/\/ruiqigo.com\/?post_type=product&#038;p=423"},"modified":"2024-11-12T22:37:58","modified_gmt":"2024-11-12T14:37:58","slug":"shea-butter-hand-cream","status":"publish","type":"product","link":"https:\/\/www.ruiqigo.com\/nb\/product\/shea-butter-hand-cream","title":{"rendered":"H\u00e5ndkrem med sheasm\u00f8r"},"content":{"rendered":"<h3 class=\"wp-block-heading\">Produksjon av sheasm\u00f8rh\u00e5ndkrem Vanlige formler<\/h3>\n\n\n\n<p>Kjerneingrediensen i denne h\u00e5ndkremen med sheasm\u00f8r er naturlig sheasm\u00f8r. Sheasm\u00f8r er rikt p\u00e5 fettsyrer og vitaminer, og gir n\u00e6ring til og reparerer t\u00f8rr og ru h\u00e5ndhud i dybden. I tillegg tilf\u00f8rer formelen n\u00e6ringsstoffer som sheasm\u00f8r, som effektivt kan gjenoppbygge hudens fuktighet, forbedre elastisiteten og gj\u00f8re hendene myke og smidige igjen. Disse naturlige ingrediensene av h\u00f8y kvalitet er ikke bare trygge og ikke-irriterende, men gir ogs\u00e5 omfattende pleie for hendene dine, slik at huden alltid er myk og glatt.<\/p>\n\n\n\n<h3 class=\"wp-block-heading\">Anvendbare scenarier for h\u00e5ndkrem med sheasm\u00f8r<\/h3>\n\n\n\n<p>Denne h\u00e5ndkremen med sheasm\u00f8r er spesielt egnet for bruk i t\u00f8rt og kaldt klima. Kalde vintertemperaturer og kunstig oppvarming kan f\u00f8re til t\u00f8rre, flassende og til og med sprukne hender. De rike, n\u00e6rende ingrediensene i denne h\u00e5ndkremen reparerer huden i dybden og etterfyller fuktigheten den trenger for \u00e5 gj\u00f8re hendene myke og glatte igjen. I tillegg kan den ogs\u00e5 gi en beskyttende barriere for hendene, og effektivt forhindre t\u00f8rrhet, frostsprekker og andre problemer. Enten det er en kald vinter eller en t\u00f8rr, vindfull sesong, vil denne h\u00e5ndkremen gi hendene dine den totale pleien de trenger.<\/p>\n\n\n\n<h3 class=\"wp-block-heading\">Hvem er h\u00e5ndkrem med sheasm\u00f8r for?<\/h3>\n\n\n\n<p>Denne h\u00e5ndkremen med sheasm\u00f8r er ideell for brukere med t\u00f8rr hud. Enten hendene dine er t\u00f8rre p\u00e5 grunn av hyppig h\u00e5ndvask eller kjemisk eksponering, eller huden din er flassende p\u00e5 grunn av kaldt vinterv\u00e6r, vil denne h\u00e5ndkremen gi n\u00e6ringen du trenger. Den gir n\u00e6ring til og reparerer huden p\u00e5 hendene i dybden, og etterfyller fuktigheten og n\u00e6ringsstoffene de trenger for \u00e5 v\u00e6re myke og glatte. Samtidig absorberes den raskt uten \u00e5 etterlate en klissete f\u00f8lelse, noe som gj\u00f8r den egnet for alle hudtyper. Uansett tilstanden til hendene dine, vil denne h\u00e5ndkremen gi dem den fulle pleien de trenger for \u00e5 v\u00e6re fuktige og sunne.<\/p>\n\n\n\n<h3 class=\"wp-block-heading\">Produksjonsprosess for h\u00e5ndkrem med sheasm\u00f8r<\/h3>\n\n\n\n<p>Sheasm\u00f8rh\u00e5ndkrem er produsert med spesiell vekt p\u00e5 ingrediensenes kvalitet og vitenskapen bak formelen. Utvalgt sheasm\u00f8r av h\u00f8y kvalitet, kombinert med vitamin E og andre naturlige fuktighetsgivende ingredienser, bruk av en mild emulgeringsprosess for \u00e5 sikre en delikat produkttekstur, rask absorpsjon. Hele produksjonsprosessen f\u00f8lger GMP-standarder for \u00e5 sikre produktets renhet og effektivitet.<\/p>","protected":false},"excerpt":{"rendered":"Shea butter hand cream manufacturing Common Formulas The core ingredient of this Shea Butter Hand Cream is natural Shea Butter. Rich in fatty acids and vitamins, shea butter deeply nourishes and repairs dry and rough hand skin. In addition, the formula also adds nutrients such as shea butter, which can effectively replenish skin moisture, enhance [&hellip;]","protected":false},"featured_media":426,"menu_order":0,"template":"","meta":[],"product-tag":[],"products":[58],"class_list":["post-423","product","type-product","status-publish","has-post-thumbnail","hentry","products-hand-cream"],"acf":[],"_links":{"self":[{"href":"https:\/\/www.ruiqigo.com\/nb\/wp-json\/wp\/v2\/product\/423","targetHints":{"allow":["GET"]}}],"collection":[{"href":"https:\/\/www.ruiqigo.com\/nb\/wp-json\/wp\/v2\/product"}],"about":[{"href":"https:\/\/www.ruiqigo.com\/nb\/wp-json\/wp\/v2\/types\/product"}],"version-history":[{"count":0,"href":"https:\/\/www.ruiqigo.com\/nb\/wp-json\/wp\/v2\/product\/423\/revisions"}],"wp:featuredmedia":[{"embeddable":true,"href":"https:\/\/www.ruiqigo.com\/nb\/wp-json\/wp\/v2\/media\/426"}],"wp:attachment":[{"href":"https:\/\/www.ruiqigo.com\/nb\/wp-json\/wp\/v2\/media?parent=423"}],"wp:term":[{"taxonomy":"product-tag","embeddable":true,"href":"https:\/\/www.ruiqigo.com\/nb\/wp-json\/wp\/v2\/product-tag?post=423"},{"taxonomy":"products","embeddable":true,"href":"https:\/\/www.ruiqigo.com\/nb\/wp-json\/wp\/v2\/products?post=423"}],"curies":[{"name":"wp","href":"https:\/\/api.w.org\/{rel}","templated":true}]}}