{"id":424,"date":"2024-07-08T11:52:15","date_gmt":"2024-07-08T03:52:15","guid":{"rendered":"https:\/\/ruiqigo.com\/?post_type=product&#038;p=424"},"modified":"2024-11-06T15:04:57","modified_gmt":"2024-11-06T07:04:57","slug":"coconut-massage-oil","status":"publish","type":"product","link":"https:\/\/www.ruiqigo.com\/nb\/product\/coconut-massage-oil","title":{"rendered":"Kokosmassasjeolje"},"content":{"rendered":"<h2 class=\"wp-block-heading\">Vanlige formler for produksjon av kokosmassasjeolje<\/h2>\n\n\n\n<p>Hovedingrediensene i denne kokosmassasjeoljen er naturlig ren kokosolje og solsikkefr\u00f8olje. Kokosolje er rik p\u00e5 mellomlange fettsyrer, som raskt trenger dypt inn i huden og gir kraftig fuktighetsgivende og reparerende effekt. Solsikkefr\u00f8olje er rik p\u00e5 vitaminer og antioksidanter som lindrer muskelsmerter og forbedrer hudtilstanden. Som en profesjonell produsent av kokosmassasjeolje er disse naturlige ingrediensene av h\u00f8y kvalitet ikke bare trygge og ikke-irriterende, men utnytter ogs\u00e5 de sm\u00f8rende, masserende og lindrende effektene fullt ut for \u00e5 gi omfattende pleie til hud, kropp og sinn.<\/p>\n\n\n\n<h2 class=\"wp-block-heading\">Kokosmassasjeolje som gjelder scenarier<\/h2>\n\n\n\n<p>Denne kokosmassasjeoljen er ideell for bruk i varme, t\u00f8rre klimaer. I de varme og svette sommerm\u00e5nedene er huden utsatt for t\u00f8rrhet og flass, og muskler er utsatt for verk og smerter. Denne massasjeoljen trenger inn og absorberes raskt uten \u00e5 etterlate en klissete f\u00f8lelse p\u00e5 huden, samtidig som den gir dyp n\u00e6ring og lindrer tretthet, slik at du kan f\u00f8le deg kj\u00f8lig og komfortabel i dagens varme. Den beskytter ogs\u00e5 huden mot solskader, noe som gj\u00f8r det enkelt \u00e5 nyte omfattende pleie i en rekke milj\u00f8er.<\/p>\n\n\n\n<h2 class=\"wp-block-heading\">Hvem er kokosmassasjeolje egnet for<\/h2>\n\n\n\n<p>Denne kokosmassasjeoljen passer for alle hudtyper. Enten du har t\u00f8rr, sensitiv hud eller fet hud, vil du ha nytte av denne massasjeoljen. Den trenger raskt inn og absorberes uten \u00e5 belaste huden, samtidig som den gir dyp n\u00e6ring og lindring av verk og smerter. Spesielt for de som trener eller utf\u00f8rer fysisk arbeid, hjelper denne oljen med \u00e5 slappe av muskler, lindre tretthet og bringe dem tilbake til en tilstand av avslapning og komfort. Uansett hudtilstand vil denne kokosmassasjeoljen gi deg total velv\u00e6re.<\/p>\n\n\n\n<h2 class=\"wp-block-heading\">Produksjonsprosess for kokosmassasjeolje<\/h2>\n\n\n\n<p>Den spesielle produksjonsprosessen for kokosmassasjeolje vektlegger utvinning av ren vegetabilsk olje fra kokosn\u00f8tter av f\u00f8rsteklasses kvalitet. Kaldpresseteknologi brukes for \u00e5 opprettholde integriteten til de naturlige fettsyrene og vitamin E i oljen. Under produksjonsprosessen kontrolleres temperaturen og trykket strengt, som en ledende produsent av kokosmassasjeolje, for \u00e5 unng\u00e5 skade p\u00e5 oljen ved h\u00f8y temperatur, noe som sikrer renheten og den n\u00e6rende effekten av massasjeoljen. I tillegg fjernes urenheter gjennom finfiltrering for \u00e5 gi en myk ber\u00f8ring og en dyp fuktighetsgivende effekt.<\/p>\n\n\n\n<p><\/p>","protected":false},"excerpt":{"rendered":"Coconut massage oil manufacturing common formulas The main ingredients of this Coconut Massage Oil are naturally pure coconut oil and sunflower seed oil. Coconut oil is rich in medium-chain fatty acids, which penetrate deep into the skin quickly and provide powerful moisturizing and repairing effects. Sunflower Seed Oil is rich in vitamins and antioxidants to [&hellip;]","protected":false},"featured_media":430,"menu_order":0,"template":"","meta":[],"product-tag":[],"products":[59],"class_list":["post-424","product","type-product","status-publish","has-post-thumbnail","hentry","products-massage-oil"],"acf":[],"_links":{"self":[{"href":"https:\/\/www.ruiqigo.com\/nb\/wp-json\/wp\/v2\/product\/424","targetHints":{"allow":["GET"]}}],"collection":[{"href":"https:\/\/www.ruiqigo.com\/nb\/wp-json\/wp\/v2\/product"}],"about":[{"href":"https:\/\/www.ruiqigo.com\/nb\/wp-json\/wp\/v2\/types\/product"}],"version-history":[{"count":0,"href":"https:\/\/www.ruiqigo.com\/nb\/wp-json\/wp\/v2\/product\/424\/revisions"}],"wp:featuredmedia":[{"embeddable":true,"href":"https:\/\/www.ruiqigo.com\/nb\/wp-json\/wp\/v2\/media\/430"}],"wp:attachment":[{"href":"https:\/\/www.ruiqigo.com\/nb\/wp-json\/wp\/v2\/media?parent=424"}],"wp:term":[{"taxonomy":"product-tag","embeddable":true,"href":"https:\/\/www.ruiqigo.com\/nb\/wp-json\/wp\/v2\/product-tag?post=424"},{"taxonomy":"products","embeddable":true,"href":"https:\/\/www.ruiqigo.com\/nb\/wp-json\/wp\/v2\/products?post=424"}],"curies":[{"name":"wp","href":"https:\/\/api.w.org\/{rel}","templated":true}]}}