{"id":425,"date":"2024-07-08T11:57:29","date_gmt":"2024-07-08T03:57:29","guid":{"rendered":"https:\/\/ruiqigo.com\/?post_type=product&#038;p=425"},"modified":"2024-11-06T15:07:05","modified_gmt":"2024-11-06T07:07:05","slug":"lavender-massage-oil","status":"publish","type":"product","link":"https:\/\/www.ruiqigo.com\/nb\/product\/lavender-massage-oil","title":{"rendered":"Lavendel massasjeolje"},"content":{"rendered":"<h3 class=\"wp-block-heading\">Vanlige formler for produksjon av lavendelmassasjeolje<\/h3>\n\n\n\n<p>Hovedingrediensene i denne lavendelmassasjeoljen er naturlig ren essensiell lavendelolje og solsikkefr\u00f8olje. Essensiell lavendelolje er rik p\u00e5 bioaktive ingredienser og har utmerkede aromaterapeutiske egenskaper, som bidrar til \u00e5 lindre emosjonelt stress og forbedre mental velv\u00e6re. Som en p\u00e5litelig produsent av lavendelmassasjeolje vet vi at solsikkefr\u00f8olje er rik p\u00e5 vitaminer og linolsyre, som effektivt kan gi n\u00e6ring til og reparere huden og forbedre tilstanden til t\u00f8rr og ru hud. Disse ingrediensene av h\u00f8y kvalitet er ikke bare trygge og ikke-irriterende, men gir ogs\u00e5 full plass til de mange effektene av avslapning, beroligelse og n\u00e6ring n\u00e5r de brukes, og gir omfattende pleie til hud og sinn.<\/p>\n\n\n\n<h3 class=\"wp-block-heading\">Lavendelmassasjeolje - aktuelle scenarier<\/h3>\n\n\n\n<p>Denne lavendelmassasjeoljen er perfekt for varme, svette sommerdager. I varmt og fuktig v\u00e6r er huden utsatt for t\u00f8rrhet og ruhet, samt tretthet og angst. Denne massasjeoljen trenger raskt inn i huden uten \u00e5 etterlate en klissete f\u00f8lelse, samtidig som den gir en avslappende og n\u00e6rende aroma som vil holde deg frisk og komfortabel i varmen. I tillegg beskytter den huden mot solskader, noe som gj\u00f8r det enkelt \u00e5 nyte en avslappende og behagelig opplevelse i alle milj\u00f8er.<\/p>\n\n\n\n<h3 class=\"wp-block-heading\">Hvem er lavendelmassasjeolje egnet for<\/h3>\n\n\n\n<p>Denne lavendelmassasjeoljen passer for brukere av alle hudtyper. For de som er stresset og irritabel, kan den bidra til \u00e5 lindre angst, forbedre den mentale tilstanden og slappe av kropp og sinn gjennom aromaterapi. Samtidig kan den ogs\u00e5 gi huden n\u00e6ring i dybden, forbedre t\u00f8rrhet og ruhet i problemer, slik at huden blir myk og glatt igjen. Spesielt for de som ofte er i en tilstand av h\u00f8yintensivt arbeid, kan denne massasjeoljen bidra til \u00e5 slappe av musklene, lindre tretthet og gi dem omfattende pleie.<\/p>\n\n\n\n<h3 class=\"wp-block-heading\">Produksjonsprosess for lavendelmassasjeolje<\/h3>\n\n\n\n<p>Den spesielle produksjonsprosessen for lavendelmassasjeolje inkluderer utvinning av essensiell olje fra utvalgte lavendelblomster ved dampdestillasjon, en prosess som bevarer lavendelens naturlige aroma og helbredende egenskaper. Deretter blandes de essensielle oljene i n\u00f8yaktige proporsjoner med b\u00e6reroljer av h\u00f8y kvalitet som s\u00f8t mandelolje eller druekjerneolje for \u00e5 sikre at massasjeoljen trenger inn og gir n\u00e6ring. Som en p\u00e5litelig produsent av lavendelmassasjeolje foreg\u00e5r hele produksjonsprosessen i et strengt kontrollert milj\u00f8, der lys og varme unng\u00e5s for \u00e5 opprettholde oljens stabilitet og renhet.<\/p>","protected":false},"excerpt":{"rendered":"Lavender massage oil manufacturing common formulas The main ingredients of this lavender massage oil are natural pure lavender essential oil and sunflower seed oil. Lavender essential oil is rich in bio-active ingredients and has excellent aromatherapeutic properties, helping to relieve emotional stress and enhance mental well-being. As a trustworthy Lavender massage oil manufacturer, we know [&hellip;]","protected":false},"featured_media":434,"menu_order":0,"template":"","meta":[],"product-tag":[],"products":[59],"class_list":["post-425","product","type-product","status-publish","has-post-thumbnail","hentry","products-massage-oil"],"acf":[],"_links":{"self":[{"href":"https:\/\/www.ruiqigo.com\/nb\/wp-json\/wp\/v2\/product\/425","targetHints":{"allow":["GET"]}}],"collection":[{"href":"https:\/\/www.ruiqigo.com\/nb\/wp-json\/wp\/v2\/product"}],"about":[{"href":"https:\/\/www.ruiqigo.com\/nb\/wp-json\/wp\/v2\/types\/product"}],"version-history":[{"count":0,"href":"https:\/\/www.ruiqigo.com\/nb\/wp-json\/wp\/v2\/product\/425\/revisions"}],"wp:featuredmedia":[{"embeddable":true,"href":"https:\/\/www.ruiqigo.com\/nb\/wp-json\/wp\/v2\/media\/434"}],"wp:attachment":[{"href":"https:\/\/www.ruiqigo.com\/nb\/wp-json\/wp\/v2\/media?parent=425"}],"wp:term":[{"taxonomy":"product-tag","embeddable":true,"href":"https:\/\/www.ruiqigo.com\/nb\/wp-json\/wp\/v2\/product-tag?post=425"},{"taxonomy":"products","embeddable":true,"href":"https:\/\/www.ruiqigo.com\/nb\/wp-json\/wp\/v2\/products?post=425"}],"curies":[{"name":"wp","href":"https:\/\/api.w.org\/{rel}","templated":true}]}}