{"id":463,"date":"2024-07-12T12:04:23","date_gmt":"2024-07-12T04:04:23","guid":{"rendered":"https:\/\/ruiqigo.com\/?post_type=product&#038;p=463"},"modified":"2024-11-06T13:42:51","modified_gmt":"2024-11-06T05:42:51","slug":"jelly-facial-mask","status":"publish","type":"product","link":"https:\/\/www.ruiqigo.com\/nb\/product\/jelly-facial-mask","title":{"rendered":"Gel\u00e9 ansiktsmaske"},"content":{"rendered":"<h2 class=\"wp-block-heading\">Vanlige formler for produksjon av gel\u00e9masker<\/h2>\n\n\n\n<p>Karbomer Som et overlegent fortykningsmiddel og stabilisator spiller karbomer en n\u00f8kkelrolle i v\u00e5r gel\u00e9-ansiktsmaske. Det forbedrer maskens heft og sikrer effektiv penetrering av n\u00e6ringsstoffer. I tillegg er nordamerikansk trollhasselvann kjent for sine beroligende og sammentrekkende egenskaper, som bidrar til \u00e5 regulere hudens oljer, minimere forst\u00f8rrede porer og gjenopprette friskhet og raffinement i huden. Som en p\u00e5litelig produsent av gel\u00e9-ansiktsmasker vet vi at Aloe Vera Cura\u00e7ao-vann, som er rikt p\u00e5 vitaminer og mineraler, har en utmerket fuktighetsgivende og reparerende effekt, som fremmer hudcelleregenerering og forbedrer t\u00f8rr hud.<\/p>\n\n\n\n<h2 class=\"wp-block-heading\">Anvendelsesscenarier for ansiktsmaske med gel\u00e9<\/h2>\n\n\n\n<p>V\u00e5re gel\u00e9masker passer for en rekke daglige hudpleierutiner. Enten du nyter en avslappende kveldsrutine hjemme eller raskt gir huden fuktighet p\u00e5 farten, vil denne masken passe perfekt. Den er spesielt egnet for bruk i t\u00f8rre \u00e5rstider, lengre perioder i klimaanlegg eller oppvarmede omgivelser, eller etter utend\u00f8rsaktiviteter for \u00e5 gi umiddelbar fuktighet og lindrende lindring til huden.<\/p>\n\n\n\n<h2 class=\"wp-block-heading\">Hvem passer gel\u00e9-ansiktsmaske for?<\/h2>\n\n\n\n<p>Denne gel\u00e9masken passer for alle hudtyper, spesielt t\u00f8rr, dehydrert, sensitiv eller moden hud. Den gir en rask og effektiv l\u00f8sning for hudpleie for moderne mennesker som konstant er utsatt for milj\u00f8forurensning, UV-skader og livsstress. I tillegg er den ogs\u00e5 egnet for de forbrukerne som ser etter naturlig hudpleie og botaniske ingredienser.<\/p>\n\n\n\n<h2 class=\"wp-block-heading\">Produksjonsprosess for ansiktsmaske med gel\u00e9<\/h2>\n\n\n\n<p>For \u00e5 sikre h\u00f8yeste kvalitet og effektivitet, tas en rekke strenge tiltak under produksjonsprosessen av v\u00e5re gel\u00e9-ansiktsmasker. F\u00f8rst velger vi n\u00f8ye de fineste botaniske ingrediensene for \u00e5 sikre deres renhet og aktivitet. Disse blandes deretter n\u00f8ye med makromolekyl\u00e6re fuktighetskremer for \u00e5 skape en synergistisk formel som utfyller hverandre. Som en profesjonell produsent av gel\u00e9-ansiktsmasker krever det neste viktige trinnet i geleringen at v\u00e5rt team av fagfolk n\u00f8yaktig kontrollerer mengden karbomer som tilsettes for \u00e5 oppn\u00e5 den \u00f8nskede kj\u00f8lende gelteksturen. Denne kritiske balansen forbedrer ikke bare den kj\u00f8lende f\u00f8lelsen ved p\u00e5f\u00f8ring, men sikrer ogs\u00e5 at masken fester seg til huden for maksimal effektivitet.<\/p>","protected":false},"excerpt":{"rendered":"Jelly facial mask manufacturing common formulas Carbomer As a superior thickener and stabilizer, carbomer plays a key role in our Jelly Facial Mask, enhancing the adhesion of the mask and ensuring effective penetration of nutrients. In addition, North American Witch Hazel Water is known for its soothing and astringent properties, helping to regulate skin&#8217;s oils, [&hellip;]","protected":false},"featured_media":464,"menu_order":0,"template":"","meta":[],"product-tag":[],"products":[69],"class_list":["post-463","product","type-product","status-publish","has-post-thumbnail","hentry","products-facial-mask"],"acf":[],"_links":{"self":[{"href":"https:\/\/www.ruiqigo.com\/nb\/wp-json\/wp\/v2\/product\/463","targetHints":{"allow":["GET"]}}],"collection":[{"href":"https:\/\/www.ruiqigo.com\/nb\/wp-json\/wp\/v2\/product"}],"about":[{"href":"https:\/\/www.ruiqigo.com\/nb\/wp-json\/wp\/v2\/types\/product"}],"version-history":[{"count":0,"href":"https:\/\/www.ruiqigo.com\/nb\/wp-json\/wp\/v2\/product\/463\/revisions"}],"wp:featuredmedia":[{"embeddable":true,"href":"https:\/\/www.ruiqigo.com\/nb\/wp-json\/wp\/v2\/media\/464"}],"wp:attachment":[{"href":"https:\/\/www.ruiqigo.com\/nb\/wp-json\/wp\/v2\/media?parent=463"}],"wp:term":[{"taxonomy":"product-tag","embeddable":true,"href":"https:\/\/www.ruiqigo.com\/nb\/wp-json\/wp\/v2\/product-tag?post=463"},{"taxonomy":"products","embeddable":true,"href":"https:\/\/www.ruiqigo.com\/nb\/wp-json\/wp\/v2\/products?post=463"}],"curies":[{"name":"wp","href":"https:\/\/api.w.org\/{rel}","templated":true}]}}