{"id":468,"date":"2024-07-12T15:30:38","date_gmt":"2024-07-12T07:30:38","guid":{"rendered":"https:\/\/ruiqigo.com\/?post_type=product&#038;p=468"},"modified":"2024-11-06T13:38:55","modified_gmt":"2024-11-06T05:38:55","slug":"bubble-facial-mask","status":"publish","type":"product","link":"https:\/\/www.ruiqigo.com\/nb\/product\/bubble-facial-mask","title":{"rendered":"Ansiktsmaske med bobler"},"content":{"rendered":"<h2 class=\"wp-block-heading\">Vanlige formler for produksjon av boblemasker<\/h2>\n\n\n\n<p>Kjerneingrediensene i denne bobleformede ansiktsmasken inkluderer hvit piletrebarkekstrakt, amarantekstrakt og havre-betaglukan. Hvit piletrebarkekstrakt er rik p\u00e5 ellaginsyre og andre viktige aktive ingredienser, som effektivt kan absorbere smuss i porene og hemme veksten av skadelige bakterier, og dermed oppn\u00e5 en dyprensende effekt. Amaranthekstrakt er rikt p\u00e5 vitamin C og aminosyrer, noe som bidrar til \u00e5 lindre irritasjon for\u00e5rsaket av rensing og opprettholder hudens barrierefunksjon. Som en ledende produsent av bobleformede ansiktsmasker vet vi at havre-betaglukan ikke bare skaper rike, tette bobler, men ogs\u00e5 absorberer overfl\u00f8dig olje og sk\u00e5nsomt eksfolierer d\u00f8de hudceller, slik at huden blir frisk og str\u00e5lende. Disse tre kjerneingrediensene utfyller hverandre for \u00e5 gi huden din en omfattende dyprens og reparasjon.<\/p>\n\n\n\n<h2 class=\"wp-block-heading\">Anvendbare scenarier for boblemaske<\/h2>\n\n\n\n<p>Ansiktsmasken med bobler er ideell for hud i T-sonen som er utsatt for hudormer, kviser og forst\u00f8rrede porer p\u00e5 grunn av langvarig oljeaktig hud eller mangel p\u00e5 rensing. Ved ukentlig p\u00e5f\u00f8ring l\u00f8ser den opp gammelt rusk og forurensende stoffer i porene i dybden, og etterlater huden forfrisket og revitalisert. De beroligende ingrediensene i denne rensen gir ogs\u00e5 umiddelbar lindring etter rensing, noe som gj\u00f8r prosessen behagelig.<\/p>\n\n\n\n<h2 class=\"wp-block-heading\">Hvem passer boble-ansiktsmaske for<\/h2>\n\n\n\n<p>Denne boblemasken passer for alle hudtyper, spesielt de som trenger dyprens, porepleie og lysnende hudtone. For fet og kombinert hud kontrollerer den effektivt oljeproduksjonen og reduserer dannelsen av akne og hudormer. For t\u00f8rr og sensitiv hud lindrer den milde formelen og fuktighetsgivende ingrediensene huden og reduserer irritasjon.<\/p>\n\n\n\n<h2 class=\"wp-block-heading\">Produksjonsprosess for boblemasker<\/h2>\n\n\n\n<p>V\u00e5rt profesjonelle team har jobbet utrettelig for \u00e5 lage en enest\u00e5ende bobleformet ansiktsmaske. F\u00f8rst er vi sv\u00e6rt strenge i utvelgelsen av r\u00e5varer for \u00e5 sikre renheten og aktiviteten til kjerneingrediensene som hvit pilebarkekstrakt og amarantekstrakt. Deretter, i formuleringsprosessen, kontrollerer vi, som en p\u00e5litelig produsent av bobleformede ansiktsmasker, n\u00f8ye mengden og proporsjonen av hver ingrediens for \u00e5 maksimere deres synergistiske effekter. Det viktigste skummingstrinnet har blitt optimalisert om og om igjen for \u00e5 oppn\u00e5 rike, kremete bobler.<\/p>","protected":false},"excerpt":{"rendered":"Bubble facial mask manufacturing common formulas The core ingredients of this bubble facial mask include White Willow Bark Extract, Amaranth Extract and Oat Beta-Glucan. White Willow Bark Extract is rich in ellagic acid and other important active ingredients, which can effectively absorb dirt in the pores and inhibit the growth of harmful bacteria, thus achieving [&hellip;]","protected":false},"featured_media":469,"menu_order":0,"template":"","meta":[],"product-tag":[],"products":[69],"class_list":["post-468","product","type-product","status-publish","has-post-thumbnail","hentry","products-facial-mask"],"acf":[],"_links":{"self":[{"href":"https:\/\/www.ruiqigo.com\/nb\/wp-json\/wp\/v2\/product\/468","targetHints":{"allow":["GET"]}}],"collection":[{"href":"https:\/\/www.ruiqigo.com\/nb\/wp-json\/wp\/v2\/product"}],"about":[{"href":"https:\/\/www.ruiqigo.com\/nb\/wp-json\/wp\/v2\/types\/product"}],"version-history":[{"count":0,"href":"https:\/\/www.ruiqigo.com\/nb\/wp-json\/wp\/v2\/product\/468\/revisions"}],"wp:featuredmedia":[{"embeddable":true,"href":"https:\/\/www.ruiqigo.com\/nb\/wp-json\/wp\/v2\/media\/469"}],"wp:attachment":[{"href":"https:\/\/www.ruiqigo.com\/nb\/wp-json\/wp\/v2\/media?parent=468"}],"wp:term":[{"taxonomy":"product-tag","embeddable":true,"href":"https:\/\/www.ruiqigo.com\/nb\/wp-json\/wp\/v2\/product-tag?post=468"},{"taxonomy":"products","embeddable":true,"href":"https:\/\/www.ruiqigo.com\/nb\/wp-json\/wp\/v2\/products?post=468"}],"curies":[{"name":"wp","href":"https:\/\/api.w.org\/{rel}","templated":true}]}}