{"id":479,"date":"2024-07-12T16:01:49","date_gmt":"2024-07-12T08:01:49","guid":{"rendered":"https:\/\/ruiqigo.com\/?post_type=product&#038;p=479"},"modified":"2024-11-05T23:15:26","modified_gmt":"2024-11-05T15:15:26","slug":"avocado-facial-mask","status":"publish","type":"product","link":"https:\/\/www.ruiqigo.com\/nb\/product\/avocado-facial-mask","title":{"rendered":"Avokado ansiktsmaske"},"content":{"rendered":"<h2 class=\"wp-block-heading\">Vanlige formler for produksjon av avokado-ansiktsmasker<\/h2>\n\n\n\n<p>Kjerneingrediensene i denne avokado-ansiktsmasken er avokadotreharpiks, kamelia sinensis-ekstrakt og vitamin E. Avokadotreharpiks er blant annet rik p\u00e5 oljer og fettsyrer, som kan gi dyp n\u00e6ring til hudens underside og forbedre hudens elastisitet og smidighet. Samtidig kan den ogs\u00e5 effektivt forhindre vanntap, slik at huden f\u00f8les hydrert og fyldig. Kameliaekstrakt er rik p\u00e5 antioksidantvitaminer, som effektivt kan redusere skader fra frie radikaler p\u00e5 huden og forbedre problemet med matt hud og poser. Som produsent av avokado-ansiktsmasker fremmer vitamin E ikke bare cellemetabolismen, forbedrer hudens evne til \u00e5 motst\u00e5 hudirritasjon, men minimerer ogs\u00e5 fine linjer, noe som gj\u00f8r huden mer smidig og elastisk.<\/p>\n\n\n\n<h2 class=\"wp-block-heading\">Anvendbare scenarier for ansiktsmaske med avokado<\/h2>\n\n\n\n<p>Avokado-ansiktsmasken passer til en rekke anledninger, enten du pleier din daglige hudpleie hjemme eller nyter en profesjonell behandling i salongen, den kan gi betydelige forbedringer til huden din. Den er spesielt egnet for bruk i den t\u00f8rre \u00e5rstiden, langvarig eksponering for klimaanlegg eller oppvarming, eller for hudreparasjon etter soleksponering.<\/p>\n\n\n\n<h2 class=\"wp-block-heading\">Hvem passer en avokado-ansiktsmaske for?<\/h2>\n\n\n\n<p>Denne masken passer for alle hudtyper, spesielt t\u00f8rr og dehydrert hud. For forbrukere som trenger dyp n\u00e6ring og fuktighet, gir avokado-ansiktsmasken rik n\u00e6ring og langvarig fuktighetsgivende effekt. Den er ogs\u00e5 ideell for de av dere som \u00f8nsker en sunn og naturlig gl\u00f8dende hud.<\/p>\n\n\n\n<h2 class=\"wp-block-heading\">Produksjonsprosess for avokado-ansiktsmaske<\/h2>\n\n\n\n<p>V\u00e5re avokado-ansiktsmasker er laget med en unik produksjonsprosess for \u00e5 sikre produktenes h\u00f8ye kvalitet og effektivitet. I produksjonsprosessen kontrollerer vi f\u00f8rst og fremst kvaliteten p\u00e5 kjerneingrediensene, som avokadotreharpiks og kameliaekstrakt, strengt i valget av r\u00e5varer. Dette sikrer maksimal n\u00e6ringsverdi og aktive stoffer. I formuleringsprosessen balanserer vi ogs\u00e5 forholdet mellom ulike ingredienser n\u00f8ye, slik at de kan ha best mulig synergistisk effekt p\u00e5 huden. Samtidig, som en p\u00e5litelig produsent av avokado-ansiktsmasker, har vi ogs\u00e5 utviklet en sk\u00e5nsom og mild ekstraksjonsprosess for avokado, en naturlig ingrediens, for \u00e5 sikre at n\u00e6ringsstoffene ikke skades og at den opprinnelige smaken bevares maksimalt.<\/p>","protected":false},"excerpt":{"rendered":"Avocado facial mask manufacturing common formulas The core ingredients of this avocado facial mask are avocado tree resin, camellia sinensis extract and vitamin E. Among them, avocado tree resin is rich in oils and fatty acids, which can deeply nourish the underbelly of the skin and enhance the elasticity and suppleness of the skin. At [&hellip;]","protected":false},"featured_media":480,"menu_order":0,"template":"","meta":[],"product-tag":[],"products":[69],"class_list":["post-479","product","type-product","status-publish","has-post-thumbnail","hentry","products-facial-mask"],"acf":[],"_links":{"self":[{"href":"https:\/\/www.ruiqigo.com\/nb\/wp-json\/wp\/v2\/product\/479","targetHints":{"allow":["GET"]}}],"collection":[{"href":"https:\/\/www.ruiqigo.com\/nb\/wp-json\/wp\/v2\/product"}],"about":[{"href":"https:\/\/www.ruiqigo.com\/nb\/wp-json\/wp\/v2\/types\/product"}],"version-history":[{"count":0,"href":"https:\/\/www.ruiqigo.com\/nb\/wp-json\/wp\/v2\/product\/479\/revisions"}],"wp:featuredmedia":[{"embeddable":true,"href":"https:\/\/www.ruiqigo.com\/nb\/wp-json\/wp\/v2\/media\/480"}],"wp:attachment":[{"href":"https:\/\/www.ruiqigo.com\/nb\/wp-json\/wp\/v2\/media?parent=479"}],"wp:term":[{"taxonomy":"product-tag","embeddable":true,"href":"https:\/\/www.ruiqigo.com\/nb\/wp-json\/wp\/v2\/product-tag?post=479"},{"taxonomy":"products","embeddable":true,"href":"https:\/\/www.ruiqigo.com\/nb\/wp-json\/wp\/v2\/products?post=479"}],"curies":[{"name":"wp","href":"https:\/\/api.w.org\/{rel}","templated":true}]}}