{"id":484,"date":"2024-07-12T16:15:53","date_gmt":"2024-07-12T08:15:53","guid":{"rendered":"https:\/\/ruiqigo.com\/?post_type=product&#038;p=484"},"modified":"2024-11-05T23:16:03","modified_gmt":"2024-11-05T15:16:03","slug":"oat-facial-mask","status":"publish","type":"product","link":"https:\/\/www.ruiqigo.com\/nb\/product\/oat-facial-mask","title":{"rendered":"Havre ansiktsmaske"},"content":{"rendered":"<h2 class=\"wp-block-heading\">Vanlige formler for produksjon av havremasker<\/h2>\n\n\n\n<p>Kjerneingrediensene i denne havremasken er havreekstrakt, hydrolysert havreprotein og havre-betaglukan. Blant disse er havreekstrakt rikt p\u00e5 naturlige saponiner, som sk\u00e5nsomt eksfolierer urenheter og renser porene i dybden. Samtidig kan det ogs\u00e5 regulere talgproduksjon og kontrollere dannelsen av hudormer og kviser. Hydrolysert havreprotein kan trenge dypt inn i huden, og dermed fylle p\u00e5 med rik proteinn\u00e6ring, og dermed forbedre hudens ruhet og gj\u00f8re huden mer delikat og myk. N\u00e5r det gjelder havre-betaglukan, vet vi som en verdig produsent av havremasker at det ikke bare effektivt absorberer vann og forbedrer hudens fuktighetsgivende evne, men ogs\u00e5 aktiverer cellene og forbedrer hudens selvreparerende funksjon, slik at du kan gjenvinne den gode kvaliteten p\u00e5 en lys og krystallklar hud.<\/p>\n\n\n\n<h2 class=\"wp-block-heading\">Anvendbare scenarier for havremaske<\/h2>\n\n\n\n<p>Havremasken passer til en rekke hudpleie-anledninger, og er spesielt god \u00e5 bruke n\u00e5r huden trenger dyprens og n\u00e6ring. For eksempel etter en dag med ekstern forurensning, eller ved \u00e5rstidsskifte n\u00e5r huden trenger spesiell pleie. I tillegg gir havremasken en sk\u00e5nsom rensende og beroligende effekt for hud som har brukt sminke lenge.<\/p>\n\n\n\n<h2 class=\"wp-block-heading\">Hvem passer havremaske for?<\/h2>\n\n\n\n<p>Denne masken er spesielt egnet for personer med tykkere negleb\u00e5nd som trenger \u00e5 gi hudtonen sin en lysere farge. For forbrukere med ru hud, forst\u00f8rrede porer eller de som lider av akne, kan en havremaske v\u00e6re en effektiv l\u00f8sning. Den er ogs\u00e5 et ideelt valg for forbrukere som ser etter naturlig hudpleie og botaniske ingredienser.<\/p>\n\n\n\n<h2 class=\"wp-block-heading\">Produksjonsprosess for havremasker<\/h2>\n\n\n\n<p>Produksjonsprosessen for havremasker fokuserer p\u00e5 \u00e5 bevare ingrediensenes naturlige aktivitet og effektivitet. Vi bruker lavtemperaturutvinningsteknologi for \u00e5 utvinne de aktive ingrediensene fra havre for \u00e5 sikre deres renhet og stabilitet. Under produksjonsprosessen kontrollerer vi produksjonsmilj\u00f8et strengt for \u00e5 sikre steriliteten og sikkerheten til produktene v\u00e5re. I tillegg, som en ledende produsent av havremasker, bruker vi unike formuleringer og emulgeringsprosesser for \u00e5 gj\u00f8re maskene kremete i teksturen og lett absorberende, noe som gir en sk\u00e5nsom, men effektiv hudpleieopplevelse.<\/p>","protected":false},"excerpt":{"rendered":"Oat facial mask manufacturing common formulas The core ingredients of this oat facial mask are oat kernel extract, hydrolyzed oat protein and oat beta-glucan. Among them, Oat Kernel Extract is rich in natural saponins, which gently exfoliates impurities and deeply cleanses pores. At the same time, it can also regulate sebum secretion and control the [&hellip;]","protected":false},"featured_media":485,"menu_order":0,"template":"","meta":[],"product-tag":[],"products":[69],"class_list":["post-484","product","type-product","status-publish","has-post-thumbnail","hentry","products-facial-mask"],"acf":[],"_links":{"self":[{"href":"https:\/\/www.ruiqigo.com\/nb\/wp-json\/wp\/v2\/product\/484","targetHints":{"allow":["GET"]}}],"collection":[{"href":"https:\/\/www.ruiqigo.com\/nb\/wp-json\/wp\/v2\/product"}],"about":[{"href":"https:\/\/www.ruiqigo.com\/nb\/wp-json\/wp\/v2\/types\/product"}],"version-history":[{"count":0,"href":"https:\/\/www.ruiqigo.com\/nb\/wp-json\/wp\/v2\/product\/484\/revisions"}],"wp:featuredmedia":[{"embeddable":true,"href":"https:\/\/www.ruiqigo.com\/nb\/wp-json\/wp\/v2\/media\/485"}],"wp:attachment":[{"href":"https:\/\/www.ruiqigo.com\/nb\/wp-json\/wp\/v2\/media?parent=484"}],"wp:term":[{"taxonomy":"product-tag","embeddable":true,"href":"https:\/\/www.ruiqigo.com\/nb\/wp-json\/wp\/v2\/product-tag?post=484"},{"taxonomy":"products","embeddable":true,"href":"https:\/\/www.ruiqigo.com\/nb\/wp-json\/wp\/v2\/products?post=484"}],"curies":[{"name":"wp","href":"https:\/\/api.w.org\/{rel}","templated":true}]}}