{"id":489,"date":"2024-07-12T16:33:47","date_gmt":"2024-07-12T08:33:47","guid":{"rendered":"https:\/\/ruiqigo.com\/?post_type=product&#038;p=489"},"modified":"2024-11-05T23:09:49","modified_gmt":"2024-11-05T15:09:49","slug":"herb-facial-mask","status":"publish","type":"product","link":"https:\/\/www.ruiqigo.com\/nb\/product\/herb-facial-mask","title":{"rendered":"Ansiktsmaske med urter"},"content":{"rendered":"<h2 class=\"wp-block-heading\">Vanlige formler for produksjon av urtemasker<\/h2>\n\n\n\n<p>Urte-ansiktsmaske inneholder nordamerikansk trollhasselvann, agurkekstrakt og amarantekstrakt, rik p\u00e5 flere urteekstrakter. Nordamerikansk trollhasselvann er kjent for sine beroligende og sammentrekkende egenskaper, som bidrar til \u00e5 balansere hudens olje, minimere forst\u00f8rrede porer og gjenopprette friskhet og raffinement i huden. Agurkekstrakt er rikt p\u00e5 vann og vitaminer, og gir huden umiddelbar fuktighet samtidig som det har en kj\u00f8lende og beroligende effekt. Som en p\u00e5litelig produsent av urte-ansiktsmasker vet vi at amarantekstrakt har betennelsesdempende og antioksidantegenskaper som reduserer r\u00f8dhet, fremmer hudens helse og forbedrer hudens evne til \u00e5 beskytte seg selv.<\/p>\n\n\n\n<h2 class=\"wp-block-heading\">Anvendbare scenarier for ansiktsmaske med urter<\/h2>\n\n\n\n<p>Ansiktsmasken med urter passer for en rekke hudpleietilfeller, spesielt n\u00e5r \u00e5rstidene skifter, n\u00e5r huden utsettes for ytre stimuli eller n\u00e5r den har v\u00e6rt i et avkj\u00f8lt milj\u00f8 over lengre tid. Den er ogs\u00e5 ideell for bruk i en daglig hudpleierutine for \u00e5 gi huden regelmessig beroligende og fuktighetsgivende tilf\u00f8rsel. I tillegg gir urtemasken essensielle beroligende og gjenopprettende egenskaper til huden etter en lang reise eller utend\u00f8rsaktiviteter.<\/p>\n\n\n\n<h2 class=\"wp-block-heading\">Hvem passer urte-ansiktsmaske for?<\/h2>\n\n\n\n<p>Denne masken passer for alle hudtyper, spesielt for sensitiv hud eller hud som er utsatt for ytre stimuli. For forbrukere som s\u00f8ker naturlig hudpleie og \u00f8nsker \u00e5 minimere kjemisk eksponering, tilbyr urtemasken et sk\u00e5nsomt, men effektivt hudpleiealternativ. Den er ogs\u00e5 egnet for de som trenger \u00e5 lindre hudtretthet og forynge huden.<\/p>\n\n\n\n<h2 class=\"wp-block-heading\">Produksjonsprosess for urtemasker<\/h2>\n\n\n\n<p>Vi bruker en unik lavtemperatur vakuumfreseprosess med streng temperatur- og tidskontroll for \u00e5 maksimere bevaringen av de rike n\u00e6ringsstoffene i urtene. Vi velger n\u00f8ye naturlige planteingredienser av h\u00f8y kvalitet og bruker en formel uten tilsetningsstoffer for \u00e5 sikre at ansiktsmasken fra urtene er trygg og sk\u00e5nsom, og virkelig tar vare p\u00e5 hudens helse. Som en verdig produsent av ansiktsmasker fra urtene bruker vi ogs\u00e5 plastfri emballasjedesign, noe som fremhever konseptet med milj\u00f8vern.<\/p>","protected":false},"excerpt":{"rendered":"Herb facial mask manufacturing common formulas Herb facial mask contains North American Witch Hazel Water, Cucumber Extract, and Amaranth Extract, rich in multiple herbal extracts. North American Witch Hazel Water is known for its soothing and astringent properties, helping to balance the skin&#8217;s oil, minimize enlarged pores, and restore freshness and refinement to the skin. [&hellip;]","protected":false},"featured_media":490,"menu_order":0,"template":"","meta":[],"product-tag":[],"products":[69],"class_list":["post-489","product","type-product","status-publish","has-post-thumbnail","hentry","products-facial-mask"],"acf":[],"_links":{"self":[{"href":"https:\/\/www.ruiqigo.com\/nb\/wp-json\/wp\/v2\/product\/489","targetHints":{"allow":["GET"]}}],"collection":[{"href":"https:\/\/www.ruiqigo.com\/nb\/wp-json\/wp\/v2\/product"}],"about":[{"href":"https:\/\/www.ruiqigo.com\/nb\/wp-json\/wp\/v2\/types\/product"}],"version-history":[{"count":0,"href":"https:\/\/www.ruiqigo.com\/nb\/wp-json\/wp\/v2\/product\/489\/revisions"}],"wp:featuredmedia":[{"embeddable":true,"href":"https:\/\/www.ruiqigo.com\/nb\/wp-json\/wp\/v2\/media\/490"}],"wp:attachment":[{"href":"https:\/\/www.ruiqigo.com\/nb\/wp-json\/wp\/v2\/media?parent=489"}],"wp:term":[{"taxonomy":"product-tag","embeddable":true,"href":"https:\/\/www.ruiqigo.com\/nb\/wp-json\/wp\/v2\/product-tag?post=489"},{"taxonomy":"products","embeddable":true,"href":"https:\/\/www.ruiqigo.com\/nb\/wp-json\/wp\/v2\/products?post=489"}],"curies":[{"name":"wp","href":"https:\/\/api.w.org\/{rel}","templated":true}]}}