{"id":505,"date":"2024-07-16T10:48:30","date_gmt":"2024-07-16T02:48:30","guid":{"rendered":"https:\/\/ruiqigo.com\/?post_type=product&#038;p=505"},"modified":"2024-11-05T22:55:49","modified_gmt":"2024-11-05T14:55:49","slug":"sulfur-cleanser","status":"publish","type":"product","link":"https:\/\/www.ruiqigo.com\/nb\/product\/sulfur-cleanser","title":{"rendered":"Svovelrensemiddel"},"content":{"rendered":"<h2 class=\"wp-block-heading\">Vanlige formler for produksjon av svovelrensemidler<\/h2>\n\n\n\n<p>Produktet inneholder svovel, allantoin og alginat. Svovel er en naturlig ingrediens med kraftige oljekontroll- og anti-seborr\u00e9egenskaper, samt at den dreper aknefremkallende bakterier og midd. Allantoin: en beroligende og gjenopprettende ingrediens som bidrar til \u00e5 redusere irritasjon som kan v\u00e6re for\u00e5rsaket av renseprosessen. Som en profesjonell produsent av svovelrens vet vi at alginat er en fuktighetsgivende ingrediens som gir huden essensiell fuktighet under rens, og holder den hydrert.<\/p>\n\n\n\n<h2 class=\"wp-block-heading\">Gjeldende scenarier for svovelrensemiddel<\/h2>\n\n\n\n<p>Sulfur Cleanser er egnet for en rekke situasjoner der dyprens er n\u00f8dvendig, spesielt for daglig pleie av fet og akneutsatt hud. Den er egnet for bruk om morgenen etter at man har v\u00e5knet, om kvelden etter at man har fjernet sminke eller etter trening for \u00e5 fjerne olje og smuss fra huden.<\/p>\n\n\n\n<h2 class=\"wp-block-heading\">Hvem er svovelrensemiddel egnet for<\/h2>\n\n\n\n<p>Denne rensen er spesielt egnet for fet hud, kombinasjonshud og hud med akne- og kviseproblemer. For de som \u00f8nsker dyprens og sunn hud, er Sulfur Facial Cleanser et ideelt valg. For sensitiv hud anbefales det imidlertid \u00e5 utf\u00f8re en hudtest f\u00f8r bruk.<\/p>\n\n\n\n<h2 class=\"wp-block-heading\">Produksjonsprosess for svovelrensemiddel<\/h2>\n\n\n\n<p>Under produksjonen av Sulfur Facial Cleanser bruker vi avansert ekstraksjons- og emulgeringsteknologi for \u00e5 sikre effektiviteten og stabiliteten til alle ingrediensene. Som en ledende produsent av svovelrens sikrer vi sikkerheten og effektiviteten til produktene v\u00e5re ved \u00e5 kontrollere mengden svovel n\u00f8yaktig. Vi bruker aseptisk fylleteknologi for \u00e5 sikre renheten og tryggheten til produktene v\u00e5re.<\/p>","protected":false},"excerpt":{"rendered":"Sulfur cleanser manufacturing common formulas The product contains Sulfur, Allantoin, and Alginate. Sulfur is a natural ingredient with powerful oil-control and anti-seborrhea properties, as well as killing acne-causing bacteria and mites. Allantoin: a soothing and restorative ingredient that helps reduce irritation that may be caused by the cleansing process. As a professional Sulfur cleanser manufacturer, [&hellip;]","protected":false},"featured_media":513,"menu_order":0,"template":"","meta":[],"product-tag":[],"products":[65],"class_list":["post-505","product","type-product","status-publish","has-post-thumbnail","hentry","products-facial-cleanser"],"acf":[],"_links":{"self":[{"href":"https:\/\/www.ruiqigo.com\/nb\/wp-json\/wp\/v2\/product\/505","targetHints":{"allow":["GET"]}}],"collection":[{"href":"https:\/\/www.ruiqigo.com\/nb\/wp-json\/wp\/v2\/product"}],"about":[{"href":"https:\/\/www.ruiqigo.com\/nb\/wp-json\/wp\/v2\/types\/product"}],"version-history":[{"count":0,"href":"https:\/\/www.ruiqigo.com\/nb\/wp-json\/wp\/v2\/product\/505\/revisions"}],"wp:featuredmedia":[{"embeddable":true,"href":"https:\/\/www.ruiqigo.com\/nb\/wp-json\/wp\/v2\/media\/513"}],"wp:attachment":[{"href":"https:\/\/www.ruiqigo.com\/nb\/wp-json\/wp\/v2\/media?parent=505"}],"wp:term":[{"taxonomy":"product-tag","embeddable":true,"href":"https:\/\/www.ruiqigo.com\/nb\/wp-json\/wp\/v2\/product-tag?post=505"},{"taxonomy":"products","embeddable":true,"href":"https:\/\/www.ruiqigo.com\/nb\/wp-json\/wp\/v2\/products?post=505"}],"curies":[{"name":"wp","href":"https:\/\/api.w.org\/{rel}","templated":true}]}}