{"id":506,"date":"2024-07-16T10:55:13","date_gmt":"2024-07-16T02:55:13","guid":{"rendered":"https:\/\/ruiqigo.com\/?post_type=product&#038;p=506"},"modified":"2024-11-06T11:01:08","modified_gmt":"2024-11-06T03:01:08","slug":"tea-tree-cleanser","status":"publish","type":"product","link":"https:\/\/www.ruiqigo.com\/nb\/product\/tea-tree-cleanser","title":{"rendered":"Tea tree-rensemiddel"},"content":{"rendered":"<h2 class=\"wp-block-heading\">Vanlige formler for produksjon av tea tree-rensemiddel<\/h2>\n\n\n\n<p>Inneholder Melaleuca alternifolia-bladolje, Camellia sinensis-ekstrakt og Amaranthus communis-ekstrakt. Melaleuca alternifolia-bladolje (tea tree-olje) har utmerkede antibakterielle, betennelsesdempende og poresamentrekkende egenskaper, renser porene, dreper skadelige bakterier og hemmer kviser. Camellia sinensis-ekstrakt \u2013 rik p\u00e5 naturlige vitaminer og en rekke n\u00e6ringsstoffer, kan reparere skadet hud, styrke hudens barrierefunksjon, hjelpe huden med \u00e5 opprettholde fuktighet og elastisitet. Som en ledende produsent av tea tree-rens mener vi at Amaranthus-ekstrakt har enest\u00e5ende porerensing og sammentrekkende egenskaper, effektivt fjerner akkumulert smuss og gammel keratin, krymper porene og forbedrer hudens ruhet.<\/p>\n\n\n\n<h2 class=\"wp-block-heading\">Tea tree-rensemiddel \u2013 aktuelle scenarier<\/h2>\n\n\n\n<p>Denne Tea Tree-ansiktsrensen passer for alle hudtyper, spesielt for fet og akneutsatt hud. Enten du er en stillesittende arbeider som \u00f8nsker en dyprens, en skj\u00f8nnhetselsker som trenger \u00e5 forbedre forst\u00f8rrede porer, eller en idrettsut\u00f8ver som trenger en grundig rens, kan du bruke dette produktet i din daglige pleie og nyte den doble effekten av \u00e5 rense og fjerne midd.<\/p>\n\n\n\n<h2 class=\"wp-block-heading\">Hvem passer tea tree-rens for?<\/h2>\n\n\n\n<p>Denne Tea Tree-ansiktsrensen er egnet for fet, kombinert og akneutsatt hud. Enten du er en ungdomsstudent, en funksjon\u00e6r eller en middelaldrende mann, kan du bruke denne rensen til \u00e5 effektivt rense huden din, regulere talgproduksjonen og forbedre alle slags problematiske hudtilstander.<\/p>\n\n\n\n<h2 class=\"wp-block-heading\">Produksjonsprosess for tea tree-rensemiddel<\/h2>\n\n\n\n<p>Som en profesjonell produsent av tea tree-rensemidler bruker vi avansert mikrokrystallinsk ekstraksjonsteknologi ved lav temperatur for \u00e5 maksimere bevaringen av den naturlige effekten av tea tree-olje, kameliaekstrakt og amarantekstrakt. Samtidig kontrollerer vi temperaturen og tiden strengt for \u00e5 sikre at andre aktive ingredienser ikke skades. I tillegg velger vi ogs\u00e5 en formel uten tilsetningsstoffer, uten kjemiske tilsetningsstoffer, for \u00e5 skape en virkelig mild og ikke-irriterende rensemiddel.<\/p>","protected":false},"excerpt":{"rendered":"Tea tree cleanser manufacturing common formulas Contains Melaleuca alternifolia leaf oil, Camellia sinensis extract and Amaranthus communis extract. Melaleuca alternifolia leaf oil (tea tree oil) has excellent antibacterial, anti-inflammatory and pore-constricting properties, cleanses pores, kills harmful bacteria and inhibits acne. Camellia sinensis extract &#8211; rich in natural vitamins and a variety of nutrients, can repair [&hellip;]","protected":false},"featured_media":517,"menu_order":0,"template":"","meta":[],"product-tag":[],"products":[65],"class_list":["post-506","product","type-product","status-publish","has-post-thumbnail","hentry","products-facial-cleanser"],"acf":[],"_links":{"self":[{"href":"https:\/\/www.ruiqigo.com\/nb\/wp-json\/wp\/v2\/product\/506","targetHints":{"allow":["GET"]}}],"collection":[{"href":"https:\/\/www.ruiqigo.com\/nb\/wp-json\/wp\/v2\/product"}],"about":[{"href":"https:\/\/www.ruiqigo.com\/nb\/wp-json\/wp\/v2\/types\/product"}],"version-history":[{"count":0,"href":"https:\/\/www.ruiqigo.com\/nb\/wp-json\/wp\/v2\/product\/506\/revisions"}],"wp:featuredmedia":[{"embeddable":true,"href":"https:\/\/www.ruiqigo.com\/nb\/wp-json\/wp\/v2\/media\/517"}],"wp:attachment":[{"href":"https:\/\/www.ruiqigo.com\/nb\/wp-json\/wp\/v2\/media?parent=506"}],"wp:term":[{"taxonomy":"product-tag","embeddable":true,"href":"https:\/\/www.ruiqigo.com\/nb\/wp-json\/wp\/v2\/product-tag?post=506"},{"taxonomy":"products","embeddable":true,"href":"https:\/\/www.ruiqigo.com\/nb\/wp-json\/wp\/v2\/products?post=506"}],"curies":[{"name":"wp","href":"https:\/\/api.w.org\/{rel}","templated":true}]}}