{"id":507,"date":"2024-07-16T10:59:49","date_gmt":"2024-07-16T02:59:49","guid":{"rendered":"https:\/\/ruiqigo.com\/?post_type=product&#038;p=507"},"modified":"2024-11-05T23:02:10","modified_gmt":"2024-11-05T15:02:10","slug":"charcoal-cleanser","status":"publish","type":"product","link":"https:\/\/www.ruiqigo.com\/nb\/product\/charcoal-cleanser","title":{"rendered":"Trekullrens"},"content":{"rendered":"<h2 class=\"wp-block-heading\">Vanlige formler for produksjon av kullrens<\/h2>\n\n\n\n<p>Kull har kraftige adsorpsjonsegenskaper som kan trenge dypt inn i porene og effektivt fjerne akkumulert olje, st\u00f8v og diverse urenheter. Samtidig, som en verdig produsent av kullrens, mener vi at kull ogs\u00e5 har en veldig god bakteriedrepende og antibakteriell funksjon, kan hemme veksten av skadelige bakterier, for \u00e5 forhindre dannelsen av kviser og akne.<\/p>\n\n\n\n<h2 class=\"wp-block-heading\">Gjeldende scenarier for kullrens<\/h2>\n\n\n\n<p>Charcoal Facial Cleanser er egnet for bruk i en rekke situasjoner, inkludert daglig ansiktsrens, dyprens etter fjerning av sminke, rensing etter trening og i milj\u00f8er med d\u00e5rlig luftkvalitet for \u00e5 bidra til \u00e5 fjerne forurensende stoffer fra huden.<\/p>\n\n\n\n<h2 class=\"wp-block-heading\">Hvem er kullrens egnet for?<\/h2>\n\n\n\n<p>Denne rensen er spesielt egnet for fet hud, kombinasjonshud og akneutsatt hud. Charcoal Facial Cleanser er et ideelt valg for forbrukere som \u00f8nsker en dyprensende effekt eller for de som trenger \u00e5 forbedre utseendet p\u00e5 forst\u00f8rrede porer.<\/p>\n\n\n\n<h2 class=\"wp-block-heading\">Produksjonsprosess for kullrens<\/h2>\n\n\n\n<p>Under produksjonen av Charcoal Facial Cleanser bruker vi avansert male- og blandeteknologi for \u00e5 sikre finhet og jevn fordeling av toneren. Ved \u00e5 kontrollere partikkelst\u00f8rrelsen p\u00e5 toneren n\u00f8yaktig forbedrer vi produktets adsorpsjonskapasitet og renseeffekt. Som en p\u00e5litelig produsent av Charcoal Cleanser bruker vi aseptisk fylleteknologi for \u00e5 sikre renheten og sikkerheten til produktene v\u00e5re.<\/p>","protected":false},"excerpt":{"rendered":"Charcoal Cleanser manufacturing common formulas Charcoal has powerful adsorption properties that can penetrate deep into the pores and effectively remove accumulated oil, dust and various impurities. At the same time, as a worthy Charcoal Cleanser manufacturer, we think charcoal also has a very good bactericidal and antibacterial function, can inhibit the growth of harmful bacteria, [&hellip;]","protected":false},"featured_media":521,"menu_order":0,"template":"","meta":[],"product-tag":[],"products":[65],"class_list":["post-507","product","type-product","status-publish","has-post-thumbnail","hentry","products-facial-cleanser"],"acf":[],"_links":{"self":[{"href":"https:\/\/www.ruiqigo.com\/nb\/wp-json\/wp\/v2\/product\/507","targetHints":{"allow":["GET"]}}],"collection":[{"href":"https:\/\/www.ruiqigo.com\/nb\/wp-json\/wp\/v2\/product"}],"about":[{"href":"https:\/\/www.ruiqigo.com\/nb\/wp-json\/wp\/v2\/types\/product"}],"version-history":[{"count":0,"href":"https:\/\/www.ruiqigo.com\/nb\/wp-json\/wp\/v2\/product\/507\/revisions"}],"wp:featuredmedia":[{"embeddable":true,"href":"https:\/\/www.ruiqigo.com\/nb\/wp-json\/wp\/v2\/media\/521"}],"wp:attachment":[{"href":"https:\/\/www.ruiqigo.com\/nb\/wp-json\/wp\/v2\/media?parent=507"}],"wp:term":[{"taxonomy":"product-tag","embeddable":true,"href":"https:\/\/www.ruiqigo.com\/nb\/wp-json\/wp\/v2\/product-tag?post=507"},{"taxonomy":"products","embeddable":true,"href":"https:\/\/www.ruiqigo.com\/nb\/wp-json\/wp\/v2\/products?post=507"}],"curies":[{"name":"wp","href":"https:\/\/api.w.org\/{rel}","templated":true}]}}