{"id":525,"date":"2024-07-16T11:49:03","date_gmt":"2024-07-16T03:49:03","guid":{"rendered":"https:\/\/ruiqigo.com\/?post_type=product&#038;p=525"},"modified":"2024-11-05T23:06:02","modified_gmt":"2024-11-05T15:06:02","slug":"creamy-cleanser","status":"publish","type":"product","link":"https:\/\/www.ruiqigo.com\/nb\/product\/creamy-cleanser","title":{"rendered":"Kremet rensemiddel"},"content":{"rendered":"<h2 class=\"wp-block-heading\">Vanlige formler for produksjon av kremet rensemiddel<\/h2>\n\n\n\n<p>Produktet inneholder natriumhyaluronat og tokoferol. Natriumhyaluronat er et kraftig fuktighetsgivende middel som tiltrekker seg og binder store mengder fuktighet, noe som gir langvarig fuktighet og forbedrer hudens elastisitet og fasthet. Som en ledende produsent av kremete renseprodukter er tokoferol (vitamin E) en naturlig antioksidant som bidrar til \u00e5 beskytte huden mot frie radikaler samtidig som den fremmer hudreparasjon og opprettholder hudens helse.<\/p>\n\n\n\n<h2 class=\"wp-block-heading\">Kremet rensemiddel som kan brukes<\/h2>\n\n\n\n<p>Kremete rensemiddel er egnet for daglig ansiktsrens, spesielt om morgenen etter at man har v\u00e5knet og om kvelden etter at man har fjernet sminke. Den er ogs\u00e5 egnet for bruk i t\u00f8rre \u00e5rstider eller i milj\u00f8er med klimaanlegg for \u00e5 beskytte huden mot fuktighetstap. Den er ogs\u00e5 ideell for sensitiv hud som krever sk\u00e5nsom rensing.<\/p>\n\n\n\n<h2 class=\"wp-block-heading\">Hvem passer en kremet rensemiddel for?<\/h2>\n\n\n\n<p>Denne rensen passer for alle hudtyper, spesielt t\u00f8rr, dehydrert eller moden hud. For forbrukere som trenger ekstra fuktighet og n\u00e6ring, eller for brukere med sensitiv hud som \u00f8nsker en sk\u00e5nsom rensende effekt, er Creamy Cleanser den ideelle l\u00f8sningen.<\/p>\n\n\n\n<h2 class=\"wp-block-heading\">Produksjonsprosess for kremet rensemiddel<\/h2>\n\n\n\n<p>Under produksjonen av Creamy Facial Cleanser bruker vi avanserte ekstraksjons- og emulgeringsteknikker for \u00e5 sikre styrken og stabiliteten til alle ingrediensene. Ved \u00e5 kontrollere konsentrasjonen av natriumhyaluronat og tokoferoler n\u00f8yaktig, sikrer vi de fuktighetsgivende og antioksidanteffektene til produktene v\u00e5re. Som produsent av Creamy Cleanser bruker vi aseptisk fyllingsteknologi for \u00e5 sikre renheten og sikkerheten til produktene v\u00e5re. I tillegg inkluderer produksjonsprosessen v\u00e5r en unik formuleringsprosess som sikrer at rensen er kremete, enkel \u00e5 p\u00e5f\u00f8re og mildt ikke-irriterende.<\/p>","protected":false},"excerpt":{"rendered":"Creamy cleanser manufacturing common formulas The product contains Sodium Hyaluronate, Tocopherol. Sodium Hyaluronate is a powerful humectant that attracts and locks in large amounts of moisture, providing long-lasting moisturization and improving the skin&#8217;s elasticity and firmness. As a leading Creamy cleanser manufacturer, Tocopherol (Vitamin E) is a natural antioxidant that helps protect the skin from [&hellip;]","protected":false},"featured_media":526,"menu_order":0,"template":"","meta":[],"product-tag":[],"products":[65],"class_list":["post-525","product","type-product","status-publish","has-post-thumbnail","hentry","products-facial-cleanser"],"acf":[],"_links":{"self":[{"href":"https:\/\/www.ruiqigo.com\/nb\/wp-json\/wp\/v2\/product\/525","targetHints":{"allow":["GET"]}}],"collection":[{"href":"https:\/\/www.ruiqigo.com\/nb\/wp-json\/wp\/v2\/product"}],"about":[{"href":"https:\/\/www.ruiqigo.com\/nb\/wp-json\/wp\/v2\/types\/product"}],"version-history":[{"count":0,"href":"https:\/\/www.ruiqigo.com\/nb\/wp-json\/wp\/v2\/product\/525\/revisions"}],"wp:featuredmedia":[{"embeddable":true,"href":"https:\/\/www.ruiqigo.com\/nb\/wp-json\/wp\/v2\/media\/526"}],"wp:attachment":[{"href":"https:\/\/www.ruiqigo.com\/nb\/wp-json\/wp\/v2\/media?parent=525"}],"wp:term":[{"taxonomy":"product-tag","embeddable":true,"href":"https:\/\/www.ruiqigo.com\/nb\/wp-json\/wp\/v2\/product-tag?post=525"},{"taxonomy":"products","embeddable":true,"href":"https:\/\/www.ruiqigo.com\/nb\/wp-json\/wp\/v2\/products?post=525"}],"curies":[{"name":"wp","href":"https:\/\/api.w.org\/{rel}","templated":true}]}}