{"id":531,"date":"2024-07-18T11:33:12","date_gmt":"2024-07-18T03:33:12","guid":{"rendered":"https:\/\/ruiqigo.com\/?post_type=product&#038;p=531"},"modified":"2024-11-15T17:05:08","modified_gmt":"2024-11-15T09:05:08","slug":"rose-water-facial-toner","status":"publish","type":"product","link":"https:\/\/www.ruiqigo.com\/nb\/product\/rose-water-facial-toner","title":{"rendered":"Ansiktsvann med rosevann"},"content":{"rendered":"<h2 class=\"wp-block-heading\">Vanlige formler for produksjon av ansiktstoner med rosevann<\/h2>\n\n\n\n<p>Ansiktsvann med rosevann inneholder ingrediensen alginat, som med sin utmerkede fuktighetsgivende evne bidrar til \u00e5 holde p\u00e5 fuktigheten og beskytte huden mot t\u00f8rrhet. Panthenol, eller vitamin B5, fremmer dyp hudreparasjon og styrker hudens barrierefunksjon. Som en ledende produsent av ansiktsvann med rosevann har Turk Rose Flower Water, beriket med essensiell roseolje og en rekke fyton\u00e6ringsstoffer, flere effekter som \u00e5 berolige huden, gi huden lysere hudtone og v\u00e6re antioksidant.<\/p>\n\n\n\n<h2 class=\"wp-block-heading\">Anvendbare scenarier for ansiktsvann med rosevann<\/h2>\n\n\n\n<p>Denne rosevanns-toneren passer for en rekke daglige hudpleiescenarioer. Enten det er \u00e5 vekke huden om morgenen eller rense etter \u00e5 ha fjernet sminke om kvelden, fukter og revitaliserer denne toneren huden raskt. Den er ogs\u00e5 egnet for hud som bruker mye tid foran datamaskinen eller i klimaanlegg, og bidrar til \u00e5 beskytte huden mot de negative effektene av det ytre milj\u00f8et.<\/p>\n\n\n\n<h2 class=\"wp-block-heading\">Hvem passer rosevann-ansiktstoner for?<\/h2>\n\n\n\n<p>Ansiktsvann med rosevann passer for alle hudtyper, spesielt for t\u00f8rr, dehydrert, sensitiv eller moden hud. Denne toneren er ideell for forbrukere som \u00f8nsker naturlige ingredienser og sk\u00e5nsomme hudpleieresultater med sine naturlige ingredienser og effektive fuktighetsgivende kraft.<\/p>\n\n\n\n<h2 class=\"wp-block-heading\">Produksjonsprosess for ansiktstoner med rosevann<\/h2>\n\n\n\n<p>Vi bruker en unik kaldp\u00e5f\u00f8ringsprosess for \u00e5 utvinne naturlige planteekstrakter ved lave temperaturer, noe som bevarer ingrediensenes integritet og aktivitet og sikrer at vitaminer, polysakkarider og andre n\u00e6ringsstoffer er tilstede intakte i produktet for \u00e5 maksimere effekten. Samtidig, som en ledende produsent av ansiktstoner med rosevann, introduserte vi ogs\u00e5 mikro-sky-t\u00e5keteknologien, hvor toneren forst\u00f8ves til fine og ensartede mikrodr\u00e5per, som sprayes forsiktig p\u00e5 huden, og raskt absorberes uten \u00e5 m\u00e5tte t\u00f8rke av, for \u00e5 skape en frisk og behagelig f\u00f8lelse.<\/p>","protected":false},"excerpt":{"rendered":"Rose water facial toner manufacturing common formulas Rose water facial toner contains the ingredient Alginate, which with its excellent moisturizing ability, helps to lock in moisture and protect the skin from dry conditions. Panthenol, or Vitamin B5, promotes deep skin repair and strengthens the skin&#8217;s barrier function. As a leading Rose water facial toner manufacturer, [&hellip;]","protected":false},"featured_media":534,"menu_order":0,"template":"","meta":[],"product-tag":[],"products":[67],"class_list":["post-531","product","type-product","status-publish","has-post-thumbnail","hentry","products-facial-toner"],"acf":[],"_links":{"self":[{"href":"https:\/\/www.ruiqigo.com\/nb\/wp-json\/wp\/v2\/product\/531","targetHints":{"allow":["GET"]}}],"collection":[{"href":"https:\/\/www.ruiqigo.com\/nb\/wp-json\/wp\/v2\/product"}],"about":[{"href":"https:\/\/www.ruiqigo.com\/nb\/wp-json\/wp\/v2\/types\/product"}],"version-history":[{"count":0,"href":"https:\/\/www.ruiqigo.com\/nb\/wp-json\/wp\/v2\/product\/531\/revisions"}],"wp:featuredmedia":[{"embeddable":true,"href":"https:\/\/www.ruiqigo.com\/nb\/wp-json\/wp\/v2\/media\/534"}],"wp:attachment":[{"href":"https:\/\/www.ruiqigo.com\/nb\/wp-json\/wp\/v2\/media?parent=531"}],"wp:term":[{"taxonomy":"product-tag","embeddable":true,"href":"https:\/\/www.ruiqigo.com\/nb\/wp-json\/wp\/v2\/product-tag?post=531"},{"taxonomy":"products","embeddable":true,"href":"https:\/\/www.ruiqigo.com\/nb\/wp-json\/wp\/v2\/products?post=531"}],"curies":[{"name":"wp","href":"https:\/\/api.w.org\/{rel}","templated":true}]}}