{"id":532,"date":"2024-07-18T11:39:16","date_gmt":"2024-07-18T03:39:16","guid":{"rendered":"https:\/\/ruiqigo.com\/?post_type=product&#038;p=532"},"modified":"2024-11-15T17:03:09","modified_gmt":"2024-11-15T09:03:09","slug":"green-tea-facial-toner","status":"publish","type":"product","link":"https:\/\/www.ruiqigo.com\/nb\/product\/green-tea-facial-toner","title":{"rendered":"Gr\u00f8nn te ansiktsvann"},"content":{"rendered":"<h2 class=\"wp-block-heading\">Vanlige formler for produksjon av ansiktstoner med gr\u00f8nn te<\/h2>\n\n\n\n<p>Alginose er et naturlig sukker kjent for sin utmerkede fuktighetsgivende evne, som bidrar til \u00e5 holde p\u00e5 fuktigheten og forbedre hudens mykhet og elastisitet. Som en profesjonell produsent av ansiktsvann med gr\u00f8nn te, er teekstrakt rikt p\u00e5 polyfenoler som finnes i gr\u00f8nn te, spesielt katekiner, som har kraftige antioksidantegenskaper og effektivt bekjemper ytre milj\u00f8p\u00e5virkninger p\u00e5 huden, samtidig som de bidrar til \u00e5 balansere hudens oljesekresjon.<\/p>\n\n\n\n<h2 class=\"wp-block-heading\">Ansiktsvann med gr\u00f8nn te som kan brukes i ulike scenarioer<\/h2>\n\n\n\n<p>Gr\u00f8nn te-ansiktsvann er egnet for alle aspekter av daglig hudpleie. Bruk den om morgenen etter rens for \u00e5 vekke og gi huden energi, og om kvelden for \u00e5 gjenopprette balansen i huden etter dyprens. Den er ogs\u00e5 egnet for bruk etter langvarig eksponering for elektroniske skjermer eller utend\u00f8rsaktiviteter, for \u00e5 beskytte huden mot milj\u00f8p\u00e5virkninger og gjenopprette friskhet.<\/p>\n\n\n\n<h2 class=\"wp-block-heading\">Hvem passer ansiktsvann med gr\u00f8nn te for?<\/h2>\n\n\n\n<p>Denne toneren passer for alle hudtyper, spesielt fet og kombinert hud, samt forbrukere som s\u00f8ker naturlig hudpleie og antioksidantbeskyttelse. For de som \u00f8nsker \u00e5 forbedre hudtonen og minimere tegn p\u00e5 hudtretthet, tilbyr Green Tea Facial Toner et ideelt hudpleiealternativ med sine milde, men effektive ingredienser.<\/p>\n\n\n\n<h2 class=\"wp-block-heading\">Produksjonsprosess for ansiktstoner med gr\u00f8nn te<\/h2>\n\n\n\n<p>Vi bruker en unik lavtemperaturinfusjonsprosess for \u00e5 utvinne de aktive ingrediensene fra bladene av gr\u00f8nn te for \u00e5 sikre den originale smaken. Samtidig bruker vi mikrot\u00e5keteknologi for \u00e5 lage fine, jevne vanndr\u00e5per for rask absorpsjon av n\u00e6ringsstoffer i huden. Som en profesjonell produsent av ansiktstoner for gr\u00f8nn te kontrollerer vi strengt kvaliteten p\u00e5 viktige punkter i alle aspekter av produksjonen for \u00e5 sikre stabil og p\u00e5litelig produktkvalitet.<\/p>","protected":false},"excerpt":{"rendered":"Green tea facial toner manufacturing common formulas Alginose is a natural sugar known for its excellent moisturizing ability, helping to lock in moisture and enhance the skin&#8217;s softness and elasticity. As a professional Green tea facial toner manufacturer, tea extract is rich in polyphenols found in green tea, especially catechins, which have powerful antioxidant properties [&hellip;]","protected":false},"featured_media":538,"menu_order":0,"template":"","meta":[],"product-tag":[],"products":[67],"class_list":["post-532","product","type-product","status-publish","has-post-thumbnail","hentry","products-facial-toner"],"acf":[],"_links":{"self":[{"href":"https:\/\/www.ruiqigo.com\/nb\/wp-json\/wp\/v2\/product\/532","targetHints":{"allow":["GET"]}}],"collection":[{"href":"https:\/\/www.ruiqigo.com\/nb\/wp-json\/wp\/v2\/product"}],"about":[{"href":"https:\/\/www.ruiqigo.com\/nb\/wp-json\/wp\/v2\/types\/product"}],"version-history":[{"count":0,"href":"https:\/\/www.ruiqigo.com\/nb\/wp-json\/wp\/v2\/product\/532\/revisions"}],"wp:featuredmedia":[{"embeddable":true,"href":"https:\/\/www.ruiqigo.com\/nb\/wp-json\/wp\/v2\/media\/538"}],"wp:attachment":[{"href":"https:\/\/www.ruiqigo.com\/nb\/wp-json\/wp\/v2\/media?parent=532"}],"wp:term":[{"taxonomy":"product-tag","embeddable":true,"href":"https:\/\/www.ruiqigo.com\/nb\/wp-json\/wp\/v2\/product-tag?post=532"},{"taxonomy":"products","embeddable":true,"href":"https:\/\/www.ruiqigo.com\/nb\/wp-json\/wp\/v2\/products?post=532"}],"curies":[{"name":"wp","href":"https:\/\/api.w.org\/{rel}","templated":true}]}}