{"id":533,"date":"2024-07-18T11:49:37","date_gmt":"2024-07-18T03:49:37","guid":{"rendered":"https:\/\/ruiqigo.com\/?post_type=product&#038;p=533"},"modified":"2024-11-15T17:02:20","modified_gmt":"2024-11-15T09:02:20","slug":"micellar-water-makeup-remover","status":"publish","type":"product","link":"https:\/\/www.ruiqigo.com\/nb\/product\/micellar-water-makeup-remover","title":{"rendered":"Micellar vann sminkefjerner"},"content":{"rendered":"<h2 class=\"wp-block-heading\">Vanlige formler for produksjon av micellar vann-sminkefjerner<\/h2>\n\n\n\n<p>Kjerneingrediensene i Micellar Water Makeup Remover inkluderer PEG-40 Hydrogenated Castor Oil, 1,1-Hexanediol, Phenoxyethanol, Aloe Barbadensis Leaf Water og dinatrium EDTA. PEG-40 Hydrogenated Castor Oil er et utmerket overflateaktivt middel som l\u00f8ser opp forurensninger, mens 1,1-Hexanediol og Phenoxyethanol er utmerkede bakteriedrepende og antiseptiske midler som opprettholder produkthygiene og -sikkerhet. Som en p\u00e5litelig produsent av Micellar Water Makeup Remover er aloe barbadensis leaf water rikt p\u00e5 vitaminer, mineraler og polysakkarider som gir n\u00e6ring til huden og forbedrer hudbarrieren, mens dinatrium EDTA er et kompleksdannende middel som forbedrer produktets stabilitet. Disse ingrediensene fungerer sammen for \u00e5 gi dyp rensing og pleie for huden din.<\/p>\n\n\n\n<h2 class=\"wp-block-heading\">Gjeldende scenarier for sminkefjerner med micellarvann<\/h2>\n\n\n\n<p>Denne Micellar Water Makeup Remover er perfekt for daglig hudpleie. Enten du fjerner daglig sminke eller renser fet hud for oppsamlede urenheter, er den enkel \u00e5 bruke. Den fjerner ogs\u00e5 effektivt vanntett sminke, og etterlater huden din helt ren. Etter bruk er huden din ikke bare ren og str\u00e5lende, men ogs\u00e5 beroliget og n\u00e6ret, og legger et godt grunnlag for hudpleievirksomheten din.<\/p>\n\n\n\n<h2 class=\"wp-block-heading\">Hvem passer Micellar Water Makeup Remover for?<\/h2>\n\n\n\n<p>Denne Micellar Water Makeup Remover passer for alle hudtyper. B\u00e5de fet og t\u00f8rr hud kan dra nytte av den. Den renser sk\u00e5nsomt uten \u00e5 for\u00e5rsake irritasjon eller allergiske reaksjoner. Spesielt for skj\u00f8nnhetselskere fjerner den all slags sminke med letthet og etterlater huden din med et friskt og nytt utseende. Samtidig er den beriket med en rekke naturlige botaniske ingredienser som gir n\u00e6ring til og beskytter huden, slik at du kan nyte pleien mens du fjerner sminke.<\/p>\n\n\n\n<h2 class=\"wp-block-heading\">Produksjonsprosess for micellarvann for sminkefjerner<\/h2>\n\n\n\n<p>Vi bruker en unik micelleteknologi for \u00e5 lage denne sminkefjerneren. F\u00f8rst kombinerer vi overflateaktive stoffer som PEG-40 hydrogenert ricinusolje med vann for \u00e5 danne en stabil micellarstruktur. Som en p\u00e5litelig produsent av micellarvann-sminkefjerner innkapsler disse micellene effektivt smuss og sminkerester, og l\u00f8ser dem opp og fjerner dem p\u00e5 en sk\u00e5nsom m\u00e5te. Hudpleiende ingredienser som Aloe Barbadensis-bladvann og dinatrium EDTA tilsettes deretter for \u00e5 gi produktet enda bedre n\u00e6ring og beskyttelse.<\/p>","protected":false},"excerpt":{"rendered":"Micellar water makeup remover manufacturing common formulas The core ingredients of Micellar Water Makeup Remover include PEG-40 Hydrogenated Castor Oil, 1,1-Hexanediol, Phenoxyethanol, Aloe Barbadensis Leaf Water and Disodium EDTA, PEG-40 Hydrogenated Castor Oil is an excellent surfactant that dissolves contaminants, while 1,1-Hexanediol and Phenoxyethanol are excellent bactericidal and antiseptic agents that maintain product hygiene and [&hellip;]","protected":false},"featured_media":542,"menu_order":0,"template":"","meta":[],"product-tag":[],"products":[66],"class_list":["post-533","product","type-product","status-publish","has-post-thumbnail","hentry","products-makeup-remover"],"acf":[],"_links":{"self":[{"href":"https:\/\/www.ruiqigo.com\/nb\/wp-json\/wp\/v2\/product\/533","targetHints":{"allow":["GET"]}}],"collection":[{"href":"https:\/\/www.ruiqigo.com\/nb\/wp-json\/wp\/v2\/product"}],"about":[{"href":"https:\/\/www.ruiqigo.com\/nb\/wp-json\/wp\/v2\/types\/product"}],"version-history":[{"count":0,"href":"https:\/\/www.ruiqigo.com\/nb\/wp-json\/wp\/v2\/product\/533\/revisions"}],"wp:featuredmedia":[{"embeddable":true,"href":"https:\/\/www.ruiqigo.com\/nb\/wp-json\/wp\/v2\/media\/542"}],"wp:attachment":[{"href":"https:\/\/www.ruiqigo.com\/nb\/wp-json\/wp\/v2\/media?parent=533"}],"wp:term":[{"taxonomy":"product-tag","embeddable":true,"href":"https:\/\/www.ruiqigo.com\/nb\/wp-json\/wp\/v2\/product-tag?post=533"},{"taxonomy":"products","embeddable":true,"href":"https:\/\/www.ruiqigo.com\/nb\/wp-json\/wp\/v2\/products?post=533"}],"curies":[{"name":"wp","href":"https:\/\/api.w.org\/{rel}","templated":true}]}}