{"id":546,"date":"2024-07-18T12:00:46","date_gmt":"2024-07-18T04:00:46","guid":{"rendered":"https:\/\/ruiqigo.com\/?post_type=product&#038;p=546"},"modified":"2024-11-15T17:01:26","modified_gmt":"2024-11-15T09:01:26","slug":"oil-free-makeup-remover","status":"publish","type":"product","link":"https:\/\/www.ruiqigo.com\/nb\/product\/oil-free-makeup-remover","title":{"rendered":"Oljefri sminkefjerner"},"content":{"rendered":"<h2 class=\"wp-block-heading\">Vanlige formler for produksjon av oljefri sminkefjerner<\/h2>\n\n\n\n<p>Kjerneingrediensene i dette produktet inkluderer Poroxam 184 og Camellia sinensis-ekstrakt. Peloxam 184 er et ikke-ionisk overflateaktivt middel med utmerket rensende og l\u00f8seliggj\u00f8rende evne, som effektivt kan l\u00f8se opp alle typer kosmetikk. Som en p\u00e5litelig produsent av oljefri sminkefjerner er kameliaekstrakt derimot rikt p\u00e5 antioksidanter og n\u00e6ringsstoffer som gir n\u00e6ring til huden og lindrer t\u00f8rrhet og stramhet for\u00e5rsaket av sminkefjerningsprosessen.<\/p>\n\n\n\n<h2 class=\"wp-block-heading\">Oljefri sminkefjerner som gjelder<\/h2>\n\n\n\n<p>Denne oljefrie sminkefjerneren kan brukes i en rekke ulike situasjoner. Enten det er \u00e5 fjerne daglig sminke, dyprense oppsamlede urenheter etter en god natts s\u00f8vn, eller rense huden for solkrem etter en aktiv dag utend\u00f8rs, gj\u00f8r den en utmerket jobb med \u00e5 fjerne sminke. Den er ogs\u00e5 egnet for personer med spesielle hudbehov, som sensitiv hud, t\u00f8rr hud osv., og gir sk\u00e5nsom pleie til huden.<\/p>\n\n\n\n<h2 class=\"wp-block-heading\">Hvem passer oljefri sminkefjerner for?<\/h2>\n\n\n\n<p>Dette produktet er rettet mot kvinner i urbane kontorer som \u00f8nsker sunn hud. B\u00e5de kontorarbeidere og studenter kan velge \u00e5 bruke det i henhold til sin egen hudtilstand. For fet hud og kombinasjonshud kan det effektivt rense porene og kontrollere olje; for t\u00f8rr hud eller sensitiv hud kan det ogs\u00e5 gi sk\u00e5nsom n\u00e6ring for \u00e5 opprettholde hudbarrieren.<\/p>\n\n\n\n<h2 class=\"wp-block-heading\">Produksjonsprosess for oljefri sminkefjerner<\/h2>\n\n\n\n<p>V\u00e5r avanserte micellarteknologi utnytter de unike egenskapene til overflateaktive stoffer for \u00e5 emulgere vann- og oljefasene fullstendig og danne \u00f8rsm\u00e5 micellarpartikler under produksjonsprosessen. Denne teknologien reduserer ikke bare vann- og energiforbruket betydelig, men resulterer ogs\u00e5 i et produkt som er friskt og mykt, uten \u00e5 belaste huden. Som en p\u00e5litelig produsent av oljefri sminkefjerner har vi ogs\u00e5 valgt biologisk nedbrytbar dinatrium EDTA som kompleksdanner, og erstatter dermed de vanskelig nedbrytbare ingrediensene i tradisjonelle sminkefjernere for \u00e5 minimere milj\u00f8p\u00e5virkningen.<\/p>","protected":false},"excerpt":{"rendered":"Oil free makeup remover manufacturing common formulas The core ingredients of this product include Poroxam 184 and Camellia sinensis extract. Peloxam 184 is a non-ionic surfactant with excellent cleansing and solubilizing ability, which can effectively dissolve all kinds of cosmetics. As a reliable Oil free makeup remover manufacturer, camellia Extract, on the other hand, is [&hellip;]","protected":false},"featured_media":547,"menu_order":0,"template":"","meta":[],"product-tag":[],"products":[66],"class_list":["post-546","product","type-product","status-publish","has-post-thumbnail","hentry","products-makeup-remover"],"acf":[],"_links":{"self":[{"href":"https:\/\/www.ruiqigo.com\/nb\/wp-json\/wp\/v2\/product\/546","targetHints":{"allow":["GET"]}}],"collection":[{"href":"https:\/\/www.ruiqigo.com\/nb\/wp-json\/wp\/v2\/product"}],"about":[{"href":"https:\/\/www.ruiqigo.com\/nb\/wp-json\/wp\/v2\/types\/product"}],"version-history":[{"count":0,"href":"https:\/\/www.ruiqigo.com\/nb\/wp-json\/wp\/v2\/product\/546\/revisions"}],"wp:featuredmedia":[{"embeddable":true,"href":"https:\/\/www.ruiqigo.com\/nb\/wp-json\/wp\/v2\/media\/547"}],"wp:attachment":[{"href":"https:\/\/www.ruiqigo.com\/nb\/wp-json\/wp\/v2\/media?parent=546"}],"wp:term":[{"taxonomy":"product-tag","embeddable":true,"href":"https:\/\/www.ruiqigo.com\/nb\/wp-json\/wp\/v2\/product-tag?post=546"},{"taxonomy":"products","embeddable":true,"href":"https:\/\/www.ruiqigo.com\/nb\/wp-json\/wp\/v2\/products?post=546"}],"curies":[{"name":"wp","href":"https:\/\/api.w.org\/{rel}","templated":true}]}}