{"id":551,"date":"2024-07-18T14:36:33","date_gmt":"2024-07-18T06:36:33","guid":{"rendered":"https:\/\/ruiqigo.com\/?post_type=product&#038;p=551"},"modified":"2024-11-15T17:00:56","modified_gmt":"2024-11-15T09:00:56","slug":"coconut-oil-makeup-remover","status":"publish","type":"product","link":"https:\/\/www.ruiqigo.com\/nb\/product\/coconut-oil-makeup-remover","title":{"rendered":"Sminkefjerner med kokosolje"},"content":{"rendered":"<h2 class=\"wp-block-heading\">Vanlige formler for produksjon av sminkefjerner fra kokosolje<\/h2>\n\n\n\n<p>Kjerneingrediensene i dette produktet inkluderer kokosolje, tokoferoler og solsikkefr\u00f8olje. Kokosolje er rik p\u00e5 fettsyrer som laurinsyre og stearinsyre, som har utmerkede l\u00f8seliggj\u00f8rende og rensende egenskaper for \u00e5 fjerne alle typer sminke. Tokoferol er en kraftig naturlig antioksidant som reparerer og beskytter huden mot milj\u00f8skader. Som en p\u00e5litelig produsent av sminkefjerner med kokosolje vet vi at solsikkefr\u00f8olje, rik p\u00e5 vitamin E og linolensyre, gir n\u00e6ring til huden i dybden og lindrer t\u00f8rrhet og stramhet.<\/p>\n\n\n\n<h2 class=\"wp-block-heading\">Gjeldende scenarier for sminkefjerner med kokosolje<\/h2>\n\n\n\n<p>Kokosolje-sminkefjerner passer til en rekke bruksomr\u00e5der. Denne kokosolje-sminkefjerneren kan brukes i en rekke ulike situasjoner. Enten det er \u00e5 fjerne daglig sminke, dyprense oppsamlede urenheter eller rengj\u00f8re huden f\u00f8r leggetid, er det en flott m\u00e5te \u00e5 rense og gi n\u00e6ring til huden. Den er ogs\u00e5 ideell for de som elsker naturlig hudpleie, ettersom den sk\u00e5nsomt pleier huden.<\/p>\n\n\n\n<h2 class=\"wp-block-heading\">Hvem er kokosolje-sminkefjerner egnet for<\/h2>\n\n\n\n<p>Dette produktet er rettet mot urbane funksjon\u00e6rer som s\u00f8ker sunn og naturlig hud. Enten du er kontorarbeider, student eller en naturlig omsorgsperson, kan du velge \u00e5 bruke dette produktet i henhold til din hudtilstand. For t\u00f8rr og sensitiv hud kan det gi rik fuktighet og n\u00e6ring, lindre t\u00f8rrhet og stramhet; for kombinert eller fet hud kan det ogs\u00e5 rense porene og regulere olje.<\/p>\n\n\n\n<h2 class=\"wp-block-heading\">Produksjonsprosess for sminkefjerner av kokosolje<\/h2>\n\n\n\n<p>Vi bruker en avansert kaldpresseprosess for \u00e5 blande naturlige planteoljer som kokosolje, tokoferol og solsikkefr\u00f8olje presist, for \u00e5 sikre at alle n\u00e6ringsstoffer beholdes under produksjonsprosessen. Som en p\u00e5litelig produsent av sminkefjerner for kokosolje bruker vi ogs\u00e5 en lavtemperaturfyllingsprosess for \u00e5 unng\u00e5 at n\u00e6ringsstoffer \u00f8delegges av h\u00f8ye temperaturer. Sammenlignet med tradisjonelle sminkefjernere er hele prosessen gr\u00f8nn og milj\u00f8vennlig.<\/p>","protected":false},"excerpt":{"rendered":"Coconut oil makeup remover manufacturing common formulas The core ingredients of this product include coconut oil, tocopherols and sunflower seed oil. Coconut oil is rich in fatty acids such as lauric acid and stearic acid, which have excellent solubilizing and cleansing abilities to remove all types of makeup. Tocopherol is a powerful natural antioxidant that [&hellip;]","protected":false},"featured_media":552,"menu_order":0,"template":"","meta":[],"product-tag":[],"products":[66],"class_list":["post-551","product","type-product","status-publish","has-post-thumbnail","hentry","products-makeup-remover"],"acf":[],"_links":{"self":[{"href":"https:\/\/www.ruiqigo.com\/nb\/wp-json\/wp\/v2\/product\/551","targetHints":{"allow":["GET"]}}],"collection":[{"href":"https:\/\/www.ruiqigo.com\/nb\/wp-json\/wp\/v2\/product"}],"about":[{"href":"https:\/\/www.ruiqigo.com\/nb\/wp-json\/wp\/v2\/types\/product"}],"version-history":[{"count":0,"href":"https:\/\/www.ruiqigo.com\/nb\/wp-json\/wp\/v2\/product\/551\/revisions"}],"wp:featuredmedia":[{"embeddable":true,"href":"https:\/\/www.ruiqigo.com\/nb\/wp-json\/wp\/v2\/media\/552"}],"wp:attachment":[{"href":"https:\/\/www.ruiqigo.com\/nb\/wp-json\/wp\/v2\/media?parent=551"}],"wp:term":[{"taxonomy":"product-tag","embeddable":true,"href":"https:\/\/www.ruiqigo.com\/nb\/wp-json\/wp\/v2\/product-tag?post=551"},{"taxonomy":"products","embeddable":true,"href":"https:\/\/www.ruiqigo.com\/nb\/wp-json\/wp\/v2\/products?post=551"}],"curies":[{"name":"wp","href":"https:\/\/api.w.org\/{rel}","templated":true}]}}