{"id":556,"date":"2024-07-18T14:56:34","date_gmt":"2024-07-18T06:56:34","guid":{"rendered":"https:\/\/ruiqigo.com\/?post_type=product&#038;p=556"},"modified":"2024-11-06T14:39:21","modified_gmt":"2024-11-06T06:39:21","slug":"moisturizing-body-lotion","status":"publish","type":"product","link":"https:\/\/www.ruiqigo.com\/nb\/product\/moisturizing-body-lotion","title":{"rendered":"Fuktighetsgivende kroppslotion"},"content":{"rendered":"<h3 class=\"wp-block-heading\">Produksjon av fuktighetsgivende bodylotion Vanlige formler<\/h3>\n\n\n\n<p>Alginat har en unik molekyl\u00e6r struktur som absorberer og binder fuktighet i huden, noe som gir kraftig fuktighet. Det styrker ogs\u00e5 hudens barrierefunksjon og forbedrer hudens motstandskraft mot motgang. Som en naturlig antioksidant kan tokoferol n\u00f8ytralisere frie radikaler, reparere hudskader og forbedre hudtekstur. Som en ledende produsent av fuktighetsgivende bodylotion vet vi at den ogs\u00e5 har utmerkede fuktighetsgivende og mykgj\u00f8rende egenskaper, noe som gj\u00f8r huden mer n\u00e6ret og smidig. Etylheksylglyserin er et spesielt glyserinderivat med utmerket fuktighetsgivende penetrasjon, som kan trenge dypt inn i stratum corneum for \u00e5 etterfylle fuktighet, \u00f8ke hudens vanninnhold og forbedre hudens t\u00f8rre og ru tilstand.<\/p>\n\n\n\n<h3 class=\"wp-block-heading\">Fuktighetsgivende bodylotion Gjeldende scenarier<\/h3>\n\n\n\n<p>Denne fuktighetsgivende bodylotionen passer for alle hudtyper, spesielt for t\u00f8rr og dehydrert hud. Enten det er daglig pleie eller spesiell pleie under v\u00e6rskiftninger, kan den effektivt fylle p\u00e5 hudens fuktighet og n\u00e6ringsstoffer som trengs for \u00e5 holde huden fuktet og glatt.<\/p>\n\n\n\n<h3 class=\"wp-block-heading\">Hvem er fuktighetsgivende bodylotion-dress for?<\/h3>\n\n\n\n<p>Denne bodylotionen passer for alle hudtyper, spesielt t\u00f8rr, dehydrert eller moden hud. Den er ideell for forbrukere som ser etter naturlige ingredienser og h\u00f8y fuktighetsgivende effekt. Forbrukere med sensitiv hud kan ogs\u00e5 dra nytte av den, ettersom den milde formelen reduserer hudirritasjon.<\/p>\n\n\n\n<h3 class=\"wp-block-heading\">Produksjonsprosess for fuktighetsgivende bodylotion<\/h3>\n\n\n\n<p>Som en p\u00e5litelig produsent av fuktighetsgivende bodylotion, benytter produktet en lavtemperatur mikrokrystallinsk molekyl\u00e6r ekstraksjonsprosess, som effektivt kan bevare den opprinnelige effekten av naturlige aktive ingredienser. Samtidig benytter det seg ogs\u00e5 av den patenterte molekyl\u00e6re innebyggingsteknologien, slik at de fuktighetsgivende ingrediensene lettere kan absorberes og trenge inn for \u00e5 maksimere de n\u00e6rende og reparerende effektene. Hele produksjonsprosessen er uten kjemiske tilsetningsstoffer for \u00e5 sikre at produktet er gr\u00f8nt og trygt.<\/p>\n\n\n\n<p><\/p>","protected":false},"excerpt":{"rendered":"Moisturizing body lotion manufacturing Common Formulas Alginate has a unique molecular structure that adsorbs and locks moisture into the skin, providing powerful moisturization. It also strengthens the skin&#8217;s barrier function and improves the skin&#8217;s resistance to adversity. As a natural antioxidant, tocopherol can neutralize free radicals, repair skin damage and improve skin texture. As a [&hellip;]","protected":false},"featured_media":557,"menu_order":0,"template":"","meta":[],"product-tag":[],"products":[70],"class_list":["post-556","product","type-product","status-publish","has-post-thumbnail","hentry","products-moisturizing-lotion"],"acf":[],"_links":{"self":[{"href":"https:\/\/www.ruiqigo.com\/nb\/wp-json\/wp\/v2\/product\/556","targetHints":{"allow":["GET"]}}],"collection":[{"href":"https:\/\/www.ruiqigo.com\/nb\/wp-json\/wp\/v2\/product"}],"about":[{"href":"https:\/\/www.ruiqigo.com\/nb\/wp-json\/wp\/v2\/types\/product"}],"version-history":[{"count":0,"href":"https:\/\/www.ruiqigo.com\/nb\/wp-json\/wp\/v2\/product\/556\/revisions"}],"wp:featuredmedia":[{"embeddable":true,"href":"https:\/\/www.ruiqigo.com\/nb\/wp-json\/wp\/v2\/media\/557"}],"wp:attachment":[{"href":"https:\/\/www.ruiqigo.com\/nb\/wp-json\/wp\/v2\/media?parent=556"}],"wp:term":[{"taxonomy":"product-tag","embeddable":true,"href":"https:\/\/www.ruiqigo.com\/nb\/wp-json\/wp\/v2\/product-tag?post=556"},{"taxonomy":"products","embeddable":true,"href":"https:\/\/www.ruiqigo.com\/nb\/wp-json\/wp\/v2\/products?post=556"}],"curies":[{"name":"wp","href":"https:\/\/api.w.org\/{rel}","templated":true}]}}