{"id":561,"date":"2024-07-18T15:02:16","date_gmt":"2024-07-18T07:02:16","guid":{"rendered":"https:\/\/ruiqigo.com\/?post_type=product&#038;p=561"},"modified":"2024-11-06T14:35:11","modified_gmt":"2024-11-06T06:35:11","slug":"moisturizing-facial-lotion","status":"publish","type":"product","link":"https:\/\/www.ruiqigo.com\/nb\/product\/moisturizing-facial-lotion","title":{"rendered":"Fuktighetsgivende ansiktslotion"},"content":{"rendered":"<h3 class=\"wp-block-heading\">Fuktighetsgivende ansiktslotionproduksjon Vanlige formler<\/h3>\n\n\n\n<p>Etylheksylglyserin: en mild fuktighetskrem som styrker hudens naturlige barriere og reduserer fuktighetstap. Centella Asiatica bladekstrakt: kjent for sine kraftige gjenopprettende og lindrende egenskaper, og bidrar til \u00e5 minimere r\u00f8dhet og irritasjon. Som en p\u00e5litelig produsent av fuktighetsgivende ansiktslotion vet vi at nordamerikansk trollhasselvann: Inneholder naturlige botaniske ingredienser som bidrar til \u00e5 regulere hudens olje og stramme porene for \u00e5 holde huden frisk. Camellia Sinensis blomsterekstrakt: rik p\u00e5 antioksidanter, bidrar den til \u00e5 beskytte huden mot milj\u00f8stressfaktorer samtidig som den gir n\u00e6ring og fuktighet.<\/p>\n\n\n\n<h3 class=\"wp-block-heading\">Fuktighetsgivende ansiktslotion Gjeldende scenarier<\/h3>\n\n\n\n<p>Den fuktighetsgivende ansiktslotionen passer til flere deler av hudpleierutinen din. Enten om morgenen etter rens eller om kvelden etter at du har fjernet sminke, gir den huden langvarig fuktighet. Den er ogs\u00e5 egnet for bruk i t\u00f8rre \u00e5rstider eller lange perioder i klimaanlegg for \u00e5 beskytte huden mot de negative effektene av det ytre milj\u00f8et.<\/p>\n\n\n\n<h3 class=\"wp-block-heading\">Hvem passer fuktighetsgivende ansiktslotion for?<\/h3>\n\n\n\n<p>Denne lotionen passer for alle hudtyper, spesielt t\u00f8rr, dehydrert eller sensitiv hud. Den er ideell for forbrukere som \u00f8nsker naturlig hudpleie og effektive fuktighetsgivende effekter. Samtidig gir Centella Asiatica-bladekstrakt og Camellia Sinensis-blomsterekstrakt ekstra pleie for hud som trenger ekstra lindring og reparasjon.<\/p>\n\n\n\n<h3 class=\"wp-block-heading\">Produksjonsprosess for fuktighetsgivende ansiktslotion<\/h3>\n\n\n\n<p>Under produksjonen av v\u00e5r fuktighetsgivende ansiktslotion bruker vi avansert emulgeringsteknologi for \u00e5 sikre at lotionen er stabil og hudvennlig. Som en dyktig produsent av fuktighetsgivende ansiktslotion optimaliserer vi emulsjonens tekstur og fuktighetsgivende effekt ved \u00e5 kontrollere ingrediensforhold og produksjonsforhold n\u00f8yaktig. I tillegg bruker vi aseptisk fylleteknologi for \u00e5 sikre produktenes renhet og sikkerhet.<\/p>","protected":false},"excerpt":{"rendered":"Moisturizing Facial lotion manufacturing Common Formulas Ethylhexylglycerin: a gentle moisturizer that strengthens the skin&#8217;s natural barrier and reduces moisture loss. Centella Asiatica Leaf Extract: Known for its powerful restorative and soothing properties, it helps minimize redness and irritation. As a reliable Moisturizing Facial lotion manufacturer, we know that North American Witch Hazel Water: Contains natural [&hellip;]","protected":false},"featured_media":562,"menu_order":0,"template":"","meta":[],"product-tag":[],"products":[70],"class_list":["post-561","product","type-product","status-publish","has-post-thumbnail","hentry","products-moisturizing-lotion"],"acf":[],"_links":{"self":[{"href":"https:\/\/www.ruiqigo.com\/nb\/wp-json\/wp\/v2\/product\/561","targetHints":{"allow":["GET"]}}],"collection":[{"href":"https:\/\/www.ruiqigo.com\/nb\/wp-json\/wp\/v2\/product"}],"about":[{"href":"https:\/\/www.ruiqigo.com\/nb\/wp-json\/wp\/v2\/types\/product"}],"version-history":[{"count":0,"href":"https:\/\/www.ruiqigo.com\/nb\/wp-json\/wp\/v2\/product\/561\/revisions"}],"wp:featuredmedia":[{"embeddable":true,"href":"https:\/\/www.ruiqigo.com\/nb\/wp-json\/wp\/v2\/media\/562"}],"wp:attachment":[{"href":"https:\/\/www.ruiqigo.com\/nb\/wp-json\/wp\/v2\/media?parent=561"}],"wp:term":[{"taxonomy":"product-tag","embeddable":true,"href":"https:\/\/www.ruiqigo.com\/nb\/wp-json\/wp\/v2\/product-tag?post=561"},{"taxonomy":"products","embeddable":true,"href":"https:\/\/www.ruiqigo.com\/nb\/wp-json\/wp\/v2\/products?post=561"}],"curies":[{"name":"wp","href":"https:\/\/api.w.org\/{rel}","templated":true}]}}