{"id":566,"date":"2024-07-18T15:16:04","date_gmt":"2024-07-18T07:16:04","guid":{"rendered":"https:\/\/ruiqigo.com\/?post_type=product&#038;p=566"},"modified":"2024-11-06T14:05:41","modified_gmt":"2024-11-06T06:05:41","slug":"olive-oil-moisturizing-lotion","status":"publish","type":"product","link":"https:\/\/www.ruiqigo.com\/nb\/product\/olive-oil-moisturizing-lotion","title":{"rendered":"Fuktighetsgivende lotion med olivenolje"},"content":{"rendered":"<h3 class=\"wp-block-heading\">Produksjon av fuktighetsgivende lotion i olivenolje Vanlige formler<\/h3>\n\n\n\n<p>De aktive ingrediensene i Olive Oil Moisturizing Lotion inkluderer hovedsakelig olivenoljeekstrakt, hyaluronsyre og fuktighetsgivende faktor. Olivenoljeekstrakt er rik p\u00e5 umettede fettsyrer som oljesyre, som bidrar til \u00e5 senke kolesterolet, beskytter hjertehelsen og har antioksidantegenskaper. Som en ledende produsent av fuktighetsgivende lotion med olivenolje vet vi at hyaluronsyre er en overlegen fuktighetsgivende ingrediens, som b\u00e6rer mer enn 500 ganger sin egen vekt i vann for \u00e5 hydrere huden i dybden. I tillegg hjelper fuktighetsgivende faktor huden med \u00e5 holde p\u00e5 fuktigheten og opprettholde hudens fuktighet.<\/p>\n\n\n\n<h3 class=\"wp-block-heading\">Fuktighetsgivende lotion med olivenolje Gjeldende scenarier<\/h3>\n\n\n\n<p>Olive Oil Moisturizing Lotion passer for en rekke ulike situasjoner, inkludert daglig hudpleie, t\u00f8rre milj\u00f8er, rom med klimaanlegg og etter utend\u00f8rsaktiviteter. Den er spesielt egnet for personer som ofte oppholder seg i t\u00f8rre milj\u00f8er. Brukt to ganger i uken hjelper den huden med \u00e5 bedre bekjempe t\u00f8rre milj\u00f8er, forbedrer t\u00f8rrhet og forst\u00f8rrede porer for\u00e5rsaket av soleksponering, og holder huden frisk og fuktet.<\/p>\n\n\n\n<h3 class=\"wp-block-heading\">Hvem passer fuktighetsgivende lotion med olivenolje for?<\/h3>\n\n\n\n<p>Fuktighetsgivende lotion med olivenolje passer for alle typer mennesker, spesielt de som trenger ekstra fuktighetsgivende og n\u00e6rende hud. Den passer for spedbarn, gravide og ammende m\u00f8dre fordi n\u00e6ringsstoffene i olivenolje ligner p\u00e5 morsmelk, som lett absorberes og fremmer vekst og utvikling av spedbarns nerver og bein. Den passer ogs\u00e5 for kvinner som elsker skj\u00f8nnhet fordi den inneholder antioksidantstoffer som kan eliminere ansiktsrynker og forhindre aldring av huden. I tillegg kan fuktighetsgivende lotion med olivenolje gi passende hudpleie- og helseeffekter for pasienter med hjerte- og karsykdommer, diabetes, gastritt og mages\u00e5r, samt personer med lavt blodtrykk.<\/p>\n\n\n\n<h3 class=\"wp-block-heading\">Produksjonsprosess for fuktighetsgivende lotion av olivenolje<\/h3>\n\n\n\n<p>Fuktighetsgivende lotion med olivenolje benytter unik h\u00f8yteknologisk ekstraksjonsteknologi og originalt importert profesjonelt emulgeringsutstyr. Under produksjonsprosessen legges det spesiell vekt p\u00e5 \u00e5 bevare olivenoljens naturlige n\u00e6ringsstoffer uten oppvarming og kjemisk behandling for \u00e5 sikre at olivenoljeekstraktet i produktet opprettholder sin naturlige aktivitet. I tillegg, som en ledende produsent av fuktighetsgivende lotion med olivenolje, har produktene blitt godkjent av hudleger og markedstester under forsknings- og utviklingsprosessen for \u00e5 sikre deres sikkerhet og effektivitet.<\/p>","protected":false},"excerpt":{"rendered":"Olive oil moisturizing lotion manufacturing Common Formulas The active ingredients of Olive Oil Moisturizing Lotion mainly include Olive Oil Extract, Hyaluronic Acid and Moisturizing Factor. Olive Oil Extract is rich in unsaturated fatty acids such as Oleic Acid, which helps lower cholesterol, protects heart health and has antioxidant properties. As a leading Olive oil moisturizing [&hellip;]","protected":false},"featured_media":567,"menu_order":0,"template":"","meta":[],"product-tag":[],"products":[70],"class_list":["post-566","product","type-product","status-publish","has-post-thumbnail","hentry","products-moisturizing-lotion"],"acf":[],"_links":{"self":[{"href":"https:\/\/www.ruiqigo.com\/nb\/wp-json\/wp\/v2\/product\/566","targetHints":{"allow":["GET"]}}],"collection":[{"href":"https:\/\/www.ruiqigo.com\/nb\/wp-json\/wp\/v2\/product"}],"about":[{"href":"https:\/\/www.ruiqigo.com\/nb\/wp-json\/wp\/v2\/types\/product"}],"version-history":[{"count":0,"href":"https:\/\/www.ruiqigo.com\/nb\/wp-json\/wp\/v2\/product\/566\/revisions"}],"wp:featuredmedia":[{"embeddable":true,"href":"https:\/\/www.ruiqigo.com\/nb\/wp-json\/wp\/v2\/media\/567"}],"wp:attachment":[{"href":"https:\/\/www.ruiqigo.com\/nb\/wp-json\/wp\/v2\/media?parent=566"}],"wp:term":[{"taxonomy":"product-tag","embeddable":true,"href":"https:\/\/www.ruiqigo.com\/nb\/wp-json\/wp\/v2\/product-tag?post=566"},{"taxonomy":"products","embeddable":true,"href":"https:\/\/www.ruiqigo.com\/nb\/wp-json\/wp\/v2\/products?post=566"}],"curies":[{"name":"wp","href":"https:\/\/api.w.org\/{rel}","templated":true}]}}